{"id":254983,"date":"2026-01-10T22:31:57","date_gmt":"2026-01-10T19:31:57","guid":{"rendered":"https:\/\/baldumarket.lt\/product\/loft-lt08-regal-l-p\/"},"modified":"2026-02-11T18:30:57","modified_gmt":"2026-02-11T15:30:57","slug":"loft-lt08-regal-l-p","status":"publish","type":"product","link":"https:\/\/baldumarket.lt\/lt\/product\/loft-lt08-regal-l-p\/","title":{"rendered":"LOFT LT08 LENTYNOS K\/D"},"content":{"rendered":"<p>LOFT LT08 knyg\u0173 lentyna puikiai tinka jaunimo kambariui arba nam\u0173 biurui. Ji padalinta \u012f dvi dalis: u\u017edar\u0105 ir atvir\u0105. Tvirtos durys suteikia daug vietos kasdieniams daiktams susid\u0117ti, o atviros ni\u0161os puikiai tinka knyg\u0173 kolekcijai ar dekoratyviniams daiktams eksponuoti. Tvirtos metalin\u0117s kojel\u0117s kartu su juoda apdaila suteikia unikal\u0173 charakter\u012f. Meni\u0161ko \u0105\u017euolo fasadai be ranken\u0117li\u0173 suteikia visam baldui lengvumo. Knyg\u0173 lentyna idealiai tinka derinti su kitais LOFT serijos baldais arba naudoti kaip atskiras baldas, prisitaikantis prie j\u016bs\u0173 kambario interjero. Ji puikiai dera tiek prie modernaus, tiek prie klasikinio interjero.<\/p>\n<p>Plotis 55 cm Gylis 40 cm Auk\u0161tis 193,5 cm Produkto svoris su pakuote 36,10 kg Gamintojo kodas \/ simbolis LT08 Kolekcijos pavadinimas loft Pavadinimas b2b sistemoje LOFT LT-8 artisan \u0105\u017euolas\/juoda LENTYN\u0172 komplektas Produkto pakuo\u010di\u0173 skai\u010dius 3 Stilius Loft \u012eranga Surinkimo instrukcijos \/ surinkimo priedai Surinkimui Savaranki\u0161kam surinkimui Korpuso spalva Artisan Oak \/ Juoda Korpuso med\u017eiaga \/ tipas \/ storis 16 mm baldin\u0117 plok\u0161t\u0117 \/ Juostel\u0117 16 mm MDF baldin\u0117 plok\u0161t\u0117 Vir\u0161utinio korpuso med\u017eiaga \/ tipas \/ storis 22 mm baldin\u0117 plok\u0161t\u0117 Apatinio korpuso med\u017eiaga \/ tipas \/ storis 22 mm baldin\u0117 plok\u0161t\u0117 Lentynos spalva Artisan Oak Lentynos med\u017eiaga \/ tipas \/ storis 16 mm baldin\u0117 plok\u0161t\u0117 Lentyn\u0173 kiekis 3 Galin\u0117s sienel\u0117s med\u017eiaga \/ tipas \/ storis 2,5 mm HDF baldin\u0117 plok\u0161t\u0117 Galin\u0117s sienel\u0117s matomos dalies spalva Juoda Priekin\u0117s spalvos Artisan Oak Priekin\u0117s med\u017eiagos \/ tipas \/ storis 16 mm baldin\u0117 plok\u0161t\u0117 Priekinis vyris \u2300 35 mm, reguliuojamas trijose plok\u0161tumose Priekinis universalus atidarymas kair\u0117n \/ de\u0161in\u0117n TAIP Priekin\u0117 rankena \/ med\u017eiaga \/ spalva Plastikas \/ juoda \u0160velniai u\u017esidaranti dur\u0173 sistema Standartin\u0117 Kojel\u0117 \/ apdaila \/ spalva Nereguliuojama \/ metalin\u0117 \/ juoda Kojeli\u0173 auk\u0161tis 110 mm Dureli\u0173 skai\u010dius 1 Atvir\u0173 ni\u0161\u0173 skai\u010dius 4 U\u017edar\u0173 ni\u0161\u0173 skai\u010dius 1<\/p>","protected":false},"excerpt":{"rendered":"<p>LOFT LT08 knyg\u0173 lentyna puikiai tinka jaunimo kambariui arba nam\u0173 biurui. Ji padalinta \u012f dvi dalis: u\u017edar\u0105 ir atvir\u0105. Tvirtos durys suteikia daug vietos kasdieniams daiktams, o atviros ni\u0161os puikiai tinka knyg\u0173 kolekcijai ar dekoratyviniams daiktams eksponuoti. Tvirtos metalin\u0117s kojel\u0117s kartu su juoda apdaila suteikia unikal\u0173 charakter\u012f. [\u2026]<\/p>","protected":false},"featured_media":254984,"comment_status":"open","ping_status":"open","template":"","meta":[],"product_brand":[],"product_cat":[2457,1177],"product_tag":[],"class_list":{"0":"post-254983","1":"product","2":"type-product","3":"status-publish","4":"has-post-thumbnail","6":"product_cat-liveo","7":"product_cat-wardrobes","9":"first","10":"instock","11":"purchasable","12":"product-type-simple"},"_links":{"self":[{"href":"https:\/\/baldumarket.lt\/lt\/wp-json\/wp\/v2\/product\/254983","targetHints":{"allow":["GET"]}}],"collection":[{"href":"https:\/\/baldumarket.lt\/lt\/wp-json\/wp\/v2\/product"}],"about":[{"href":"https:\/\/baldumarket.lt\/lt\/wp-json\/wp\/v2\/types\/product"}],"replies":[{"embeddable":true,"href":"https:\/\/baldumarket.lt\/lt\/wp-json\/wp\/v2\/comments?post=254983"}],"wp:featuredmedia":[{"embeddable":true,"href":"https:\/\/baldumarket.lt\/lt\/wp-json\/wp\/v2\/media\/254984"}],"wp:attachment":[{"href":"https:\/\/baldumarket.lt\/lt\/wp-json\/wp\/v2\/media?parent=254983"}],"wp:term":[{"taxonomy":"product_brand","embeddable":true,"href":"https:\/\/baldumarket.lt\/lt\/wp-json\/wp\/v2\/product_brand?post=254983"},{"taxonomy":"product_cat","embeddable":true,"href":"https:\/\/baldumarket.lt\/lt\/wp-json\/wp\/v2\/product_cat?post=254983"},{"taxonomy":"product_tag","embeddable":true,"href":"https:\/\/baldumarket.lt\/lt\/wp-json\/wp\/v2\/product_tag?post=254983"}],"curies":[{"name":"wp","href":"https:\/\/api.w.org\/{rel}","templated":true}]}}