{"id":254982,"date":"2026-01-10T22:31:55","date_gmt":"2026-01-10T19:31:55","guid":{"rendered":"https:\/\/baldumarket.lt\/product\/listwa-szczelinowa-do-blatow-o-wysokosci-38-cm\/"},"modified":"2026-02-11T18:30:57","modified_gmt":"2026-02-11T15:30:57","slug":"listwa-szczelinowa-do-blatow-o-wysokosci-38-cm","status":"publish","type":"product","link":"https:\/\/baldumarket.lt\/lt\/product\/listwa-szczelinowa-do-blatow-o-wysokosci-38-cm\/","title":{"rendered":"3,8 CM AUK\u0160\u010cIO STALVIR\u0160I\u0172 JUOSTEL\u0116"},"content":{"rendered":"<p>Stalvir\u0161io tarpo juostel\u0117 \u2013 tai juostel\u0117, kuri maskuoja ir apsaugo tarpus tarp atskir\u0173 stalvir\u0161io dali\u0173. Ji suteikia stalvir\u0161io pavir\u0161iui estetin\u0119 apdail\u0105 ir apsaugo j\u012f nuo pa\u017eeidim\u0173.<\/p>\n<p>\u012eranga Surinkimo instrukcijos \/ tvirtinimo priedai Surinkimas Savaranki\u0161kam surinkimui<\/p>","protected":false},"excerpt":{"rendered":"<p>Stalvir\u0161io tarpo juostel\u0117 \u2013 tai juostel\u0117, kuri maskuoja ir apsaugo tarpus tarp atskir\u0173 stalvir\u0161io dali\u0173. Ji suteikia stalvir\u0161io pavir\u0161iui estetin\u0119 apdail\u0105 ir apsaugo j\u012f nuo pa\u017eeidim\u0173. \u012eranga Surinkimo instrukcijos \/ tvirtinimo priedai Surinkimas Savaranki\u0161kam surinkimui<\/p>","protected":false},"featured_media":252897,"comment_status":"open","ping_status":"open","template":"","meta":[],"product_brand":[],"product_cat":[1043,2457],"product_tag":[],"class_list":{"0":"post-254982","1":"product","2":"type-product","3":"status-publish","4":"has-post-thumbnail","6":"product_cat-extras","7":"product_cat-liveo","9":"first","10":"instock","11":"purchasable","12":"product-type-simple"},"_links":{"self":[{"href":"https:\/\/baldumarket.lt\/lt\/wp-json\/wp\/v2\/product\/254982","targetHints":{"allow":["GET"]}}],"collection":[{"href":"https:\/\/baldumarket.lt\/lt\/wp-json\/wp\/v2\/product"}],"about":[{"href":"https:\/\/baldumarket.lt\/lt\/wp-json\/wp\/v2\/types\/product"}],"replies":[{"embeddable":true,"href":"https:\/\/baldumarket.lt\/lt\/wp-json\/wp\/v2\/comments?post=254982"}],"wp:featuredmedia":[{"embeddable":true,"href":"https:\/\/baldumarket.lt\/lt\/wp-json\/wp\/v2\/media\/252897"}],"wp:attachment":[{"href":"https:\/\/baldumarket.lt\/lt\/wp-json\/wp\/v2\/media?parent=254982"}],"wp:term":[{"taxonomy":"product_brand","embeddable":true,"href":"https:\/\/baldumarket.lt\/lt\/wp-json\/wp\/v2\/product_brand?post=254982"},{"taxonomy":"product_cat","embeddable":true,"href":"https:\/\/baldumarket.lt\/lt\/wp-json\/wp\/v2\/product_cat?post=254982"},{"taxonomy":"product_tag","embeddable":true,"href":"https:\/\/baldumarket.lt\/lt\/wp-json\/wp\/v2\/product_tag?post=254982"}],"curies":[{"name":"wp","href":"https:\/\/api.w.org\/{rel}","templated":true}]}}