{"id":254980,"date":"2026-01-10T22:31:51","date_gmt":"2026-01-10T19:31:51","guid":{"rendered":"https:\/\/baldumarket.lt\/product\/listwa-katowa-do-blatow-o-wysokosci-38-cm\/"},"modified":"2026-02-11T18:30:57","modified_gmt":"2026-02-11T15:30:57","slug":"listwa-katowa-do-blatow-o-wysokosci-38-cm","status":"publish","type":"product","link":"https:\/\/baldumarket.lt\/lt\/product\/listwa-katowa-do-blatow-o-wysokosci-38-cm\/","title":{"rendered":"3,8 CM AUK\u0160\u010cIO KAMPIN\u0116 JUOSTA STALVIR\u0160IAMS"},"content":{"rendered":"<p>Stalvir\u0161io kampin\u0117 apdaila yra juostel\u0117, kuri maskuoja vietas, kur atskiros virtuv\u0117s stalvir\u0161io dalys susikerta kampu. Ji suteikia stalvir\u0161io pavir\u0161iui estetin\u0119 apdail\u0105 ir apsaugo j\u012f nuo pa\u017eeidim\u0173.<\/p>\n<p>\u012eranga Surinkimo instrukcijos \/ tvirtinimo priedai Surinkimas Savaranki\u0161kam surinkimui<\/p>","protected":false},"excerpt":{"rendered":"<p>Stalvir\u0161io kampin\u0117 apdaila yra juostel\u0117, kuri u\u017emaskuoja vietas, kur atskiros virtuv\u0117s stalvir\u0161io dalys susikerta kampu. Ji suteikia stalvir\u0161io pavir\u0161iui estetin\u0119 apdail\u0105 ir apsaugo j\u012f nuo pa\u017eeidim\u0173. \u012eranga Surinkimo instrukcijos \/ tvirtinimo priedai Surinkimas Savaranki\u0161kam surinkimui<\/p>","protected":false},"featured_media":252843,"comment_status":"open","ping_status":"open","template":"","meta":[],"product_brand":[],"product_cat":[1043,2457],"product_tag":[],"class_list":{"0":"post-254980","1":"product","2":"type-product","3":"status-publish","4":"has-post-thumbnail","6":"product_cat-extras","7":"product_cat-liveo","9":"first","10":"instock","11":"purchasable","12":"product-type-simple"},"_links":{"self":[{"href":"https:\/\/baldumarket.lt\/lt\/wp-json\/wp\/v2\/product\/254980","targetHints":{"allow":["GET"]}}],"collection":[{"href":"https:\/\/baldumarket.lt\/lt\/wp-json\/wp\/v2\/product"}],"about":[{"href":"https:\/\/baldumarket.lt\/lt\/wp-json\/wp\/v2\/types\/product"}],"replies":[{"embeddable":true,"href":"https:\/\/baldumarket.lt\/lt\/wp-json\/wp\/v2\/comments?post=254980"}],"wp:featuredmedia":[{"embeddable":true,"href":"https:\/\/baldumarket.lt\/lt\/wp-json\/wp\/v2\/media\/252843"}],"wp:attachment":[{"href":"https:\/\/baldumarket.lt\/lt\/wp-json\/wp\/v2\/media?parent=254980"}],"wp:term":[{"taxonomy":"product_brand","embeddable":true,"href":"https:\/\/baldumarket.lt\/lt\/wp-json\/wp\/v2\/product_brand?post=254980"},{"taxonomy":"product_cat","embeddable":true,"href":"https:\/\/baldumarket.lt\/lt\/wp-json\/wp\/v2\/product_cat?post=254980"},{"taxonomy":"product_tag","embeddable":true,"href":"https:\/\/baldumarket.lt\/lt\/wp-json\/wp\/v2\/product_tag?post=254980"}],"curies":[{"name":"wp","href":"https:\/\/api.w.org\/{rel}","templated":true}]}}