{"id":254973,"date":"2026-01-10T22:31:42","date_gmt":"2026-01-10T19:31:42","guid":{"rendered":"https:\/\/baldumarket.lt\/product\/listwa-boczna-lewostronna-do-blatow-o-wysokosci-38-cm\/"},"modified":"2026-02-11T18:30:58","modified_gmt":"2026-02-11T15:30:58","slug":"listwa-boczna-lewostronna-do-blatow-o-wysokosci-38-cm","status":"publish","type":"product","link":"https:\/\/baldumarket.lt\/lt\/product\/listwa-boczna-lewostronna-do-blatow-o-wysokosci-38-cm\/","title":{"rendered":"KAIR\u0116 \u0160ONIN\u0116 JUOSTEL\u0116 3,8 CM AUK\u0160\u010cIO STALVIR\u0160IAMS"},"content":{"rendered":"<p>Kairioji stalvir\u0161io \u0161onin\u0117 juostel\u0117 yra juostel\u0117, kuri u\u017ebaigs stalvir\u0161\u012f ir apsaugos j\u012f nuo pa\u017eeidim\u0173.<\/p>\n<p>\u012eranga Surinkimo instrukcijos \/ tvirtinimo priedai Surinkimas Savaranki\u0161kam surinkimui<\/p>","protected":false},"excerpt":{"rendered":"<p>Kairioji stalvir\u0161io \u0161onin\u0117 juostel\u0117 yra skirta stalvir\u0161io apdailai ir apsaugai nuo pa\u017eeidim\u0173. \u012eranga Surinkimo instrukcijos \/ tvirtinimo priedai Surinkimas Savaranki\u0161kam surinkimui<\/p>","protected":false},"featured_media":252904,"comment_status":"open","ping_status":"open","template":"","meta":[],"product_brand":[],"product_cat":[1043,2457],"product_tag":[],"class_list":{"0":"post-254973","1":"product","2":"type-product","3":"status-publish","4":"has-post-thumbnail","6":"product_cat-extras","7":"product_cat-liveo","9":"first","10":"instock","11":"purchasable","12":"product-type-simple"},"_links":{"self":[{"href":"https:\/\/baldumarket.lt\/lt\/wp-json\/wp\/v2\/product\/254973","targetHints":{"allow":["GET"]}}],"collection":[{"href":"https:\/\/baldumarket.lt\/lt\/wp-json\/wp\/v2\/product"}],"about":[{"href":"https:\/\/baldumarket.lt\/lt\/wp-json\/wp\/v2\/types\/product"}],"replies":[{"embeddable":true,"href":"https:\/\/baldumarket.lt\/lt\/wp-json\/wp\/v2\/comments?post=254973"}],"wp:featuredmedia":[{"embeddable":true,"href":"https:\/\/baldumarket.lt\/lt\/wp-json\/wp\/v2\/media\/252904"}],"wp:attachment":[{"href":"https:\/\/baldumarket.lt\/lt\/wp-json\/wp\/v2\/media?parent=254973"}],"wp:term":[{"taxonomy":"product_brand","embeddable":true,"href":"https:\/\/baldumarket.lt\/lt\/wp-json\/wp\/v2\/product_brand?post=254973"},{"taxonomy":"product_cat","embeddable":true,"href":"https:\/\/baldumarket.lt\/lt\/wp-json\/wp\/v2\/product_cat?post=254973"},{"taxonomy":"product_tag","embeddable":true,"href":"https:\/\/baldumarket.lt\/lt\/wp-json\/wp\/v2\/product_tag?post=254973"}],"curies":[{"name":"wp","href":"https:\/\/api.w.org\/{rel}","templated":true}]}}