{"id":254969,"date":"2026-01-10T22:31:37","date_gmt":"2026-01-10T19:31:37","guid":{"rendered":"https:\/\/baldumarket.lt\/product\/lionel-li16-lawa\/"},"modified":"2026-02-11T18:30:58","modified_gmt":"2026-02-11T15:30:58","slug":"lionel-li16-lawa","status":"publish","type":"product","link":"https:\/\/baldumarket.lt\/lt\/product\/lionel-li16-lawa\/","title":{"rendered":"LIONEL LI16 SUOLAS"},"content":{"rendered":"<p>\u201eLIONEL LI16\u201c kavos staliukas \u2013 modernus staliukas svetainei ar darbo kambariui. Puikiai tinka susib\u016brimams su draugais ir sukuria i\u0161skirtin\u012f \u012fsp\u016bd\u012f su kasdiene kava. \u0160io kavos staliuko i\u0161skirtinis bruo\u017eas \u2013 i\u0161skirtinis funkcionalumas. Jis turi sta\u010diakamp\u012f stalvir\u0161\u012f ir dvi auk\u0161tas, sukurian\u010dias aplinkines lentynas, kuriose galite pad\u0117ti knyg\u0105, nuotolinio valdymo pult\u0105 ar laikra\u0161t\u012f. Ne\u012fprasta pagrindo forma padidina jo dizaino galimybes, o madingas triufeli\u0173 spalvos Sonoma \u0105\u017euolo ir balto pagrindo derinys suteikia lengvumo ir patrauklumo. Kavos staliukas idealiai tinka naudoti su kitais \u201eLIONEL\u201c serijos baldais arba kaip atskiras baldas, prisitaikantis prie j\u016bs\u0173 kambario interjero dizaino.<\/p>\n<p>I\u0161traukiamas NE Plotis 63 cm Ilgis 110 cm Auk\u0161tis 43 cm Produkto svoris su pakuote 22,60 kg Gamintojo kodas \/ simbolis LI16 Kolekcijos pavadinimas LIONEL Pavadinimas b2b sistemoje LIONEL LI-16 \u0105\u017euolo spalvos, juodos\/baltos spalvos KAVOS STALIUKO komplektas Produkto pakuo\u010di\u0173 skai\u010dius 1 Stilius Modernus \u012eranga Surinkimo instrukcijos \/ surinkimo priedai Surinkimas Savaranki\u0161kam surinkimui Spalva Sonoma Truffle \u0105\u017euolas \/ Balta Stalvir\u0161io med\u017eiaga \/ tipas \/ storis Bald\u0173 lenta (2 x 16) 32 mm Lentynos spalva balta Lentyn\u0173 med\u017eiaga \/ tipas \/ storis Bald\u0173 lenta (2 x 16) 32 mm Vainiko tipo lentyn\u0173 kiekis 1 Pertvaros med\u017eiaga \/ tipas \/ storis Bald\u0173 lenta 16 mm Kojel\u0117s med\u017eiaga \/ tipas \/ storis Bald\u0173 lenta 32 mm Kojel\u0117 \/ med\u017eiaga \/ spalva Nereguliuojama \/ Bald\u0173 slydiklis \/ plastikas \/ Juoda<\/p>","protected":false},"excerpt":{"rendered":"<p>\u201eLIONEL LI16\u201c kavos staliukas \u2013 tai modernus staliukas svetainei ar darbo kambariui. Puikiai tinka susib\u016brimams su draugais, o prie jo kasdien\u0117s kavos puodelio i\u0161skirs ypating\u0105 d\u0117mes\u012f. \u0160io kavos staliuko i\u0161skirtinis bruo\u017eas \u2013 i\u0161skirtinis funkcionalumas. Jis turi sta\u010diakamp\u012f stalvir\u0161\u012f ir dvi auk\u0161tas, sukurian\u010dias aplinkines lentynas, kuriose galite pasid\u0117ti knyg\u0105, nuotolinio valdymo pult\u0105, [\u2026]<\/p>","protected":false},"featured_media":254883,"comment_status":"open","ping_status":"open","template":"","meta":[],"product_brand":[],"product_cat":[866,2457],"product_tag":[],"class_list":{"0":"post-254969","1":"product","2":"type-product","3":"status-publish","4":"has-post-thumbnail","6":"product_cat-coffee-tables","7":"product_cat-liveo","9":"first","10":"instock","11":"purchasable","12":"product-type-simple"},"_links":{"self":[{"href":"https:\/\/baldumarket.lt\/lt\/wp-json\/wp\/v2\/product\/254969","targetHints":{"allow":["GET"]}}],"collection":[{"href":"https:\/\/baldumarket.lt\/lt\/wp-json\/wp\/v2\/product"}],"about":[{"href":"https:\/\/baldumarket.lt\/lt\/wp-json\/wp\/v2\/types\/product"}],"replies":[{"embeddable":true,"href":"https:\/\/baldumarket.lt\/lt\/wp-json\/wp\/v2\/comments?post=254969"}],"wp:featuredmedia":[{"embeddable":true,"href":"https:\/\/baldumarket.lt\/lt\/wp-json\/wp\/v2\/media\/254883"}],"wp:attachment":[{"href":"https:\/\/baldumarket.lt\/lt\/wp-json\/wp\/v2\/media?parent=254969"}],"wp:term":[{"taxonomy":"product_brand","embeddable":true,"href":"https:\/\/baldumarket.lt\/lt\/wp-json\/wp\/v2\/product_brand?post=254969"},{"taxonomy":"product_cat","embeddable":true,"href":"https:\/\/baldumarket.lt\/lt\/wp-json\/wp\/v2\/product_cat?post=254969"},{"taxonomy":"product_tag","embeddable":true,"href":"https:\/\/baldumarket.lt\/lt\/wp-json\/wp\/v2\/product_tag?post=254969"}],"curies":[{"name":"wp","href":"https:\/\/api.w.org\/{rel}","templated":true}]}}