{"id":254964,"date":"2026-01-10T22:31:32","date_gmt":"2026-01-10T19:31:32","guid":{"rendered":"https:\/\/baldumarket.lt\/product\/lionel-li14-szafka-nocna-wiszaca-lewostronna\/"},"modified":"2026-02-11T18:30:58","modified_gmt":"2026-02-11T15:30:58","slug":"lionel-li14-szafka-nocna-wiszaca-lewostronna","status":"publish","type":"product","link":"https:\/\/baldumarket.lt\/lt\/product\/lionel-li14-szafka-nocna-wiszaca-lewostronna\/","title":{"rendered":"LIONEL LI14 KAIR\u0116N \u2026ir\u0117je kair\u0117je kair\u0117je kair\u0117je kair\u0117je kair\u0117je kair\u0117je kair\u0117je kair\u0117je kair\u0117je kair\u0117je kair\u0117je kair\u0117je kair\u0117je kair\u0117je"},"content":{"rendered":"<p>Kairysis prie sienos pakabinamas LIONEL LI14 naktinis staliukas yra modernus baldas, tapsiantis neatsiejama bet kurio miegamojo interjero dalimi. Pakabinamas dizainas palengvina tvark\u0105 ir suteikia jam modern\u0173 vaizd\u0105. Spintel\u0117je yra erdvus stal\u010dius, puikiai tinkantis visiems reikalingiems daiktams laikyti, o didelis stalvir\u0161is suteikia pakankamai vietos naktinei lempai. Spintel\u0117je yra \u0161velnaus u\u017edarymo stal\u010di\u0173 sistema (standartin\u0117), kad b\u016bt\u0173 patogu ir tylu u\u017esidaryti. Ry\u0161k\u016bs frezuoti fasadai pabr\u0117\u017eia bendr\u0105 spintel\u0117s stili\u0173, o ry\u0161kios spalvos sukuria patraukl\u0173, modern\u0173 interjer\u0105. Kairysis prie sienos pakabinamas naktinis staliukas puikiai papildo LIONEL lov\u0105.<\/p>\n<p>Plotis 50 cm Gylis 40,5 cm Auk\u0161tis 71 cm Produkto svoris su pakuote 16,70 kg Gamintojo kodas \/ simbolis LI14 Kolekcijos pavadinimas LIONEL Pavadinimas b2b sistemoje LIONEL LI-14 \u0105\u017euolo grotel\u0117s\/balta NIGHT SIENIN\u0116 SPINTEL\u0116 KAIR\u0116 komplektas Produkt\u0173 pakuo\u010di\u0173 skai\u010dius 1 Stilius Modernus \u012eranga Surinkimo instrukcijos \/ surinkimo priedai Surinkimas Savaranki\u0161kam surinkimui Korpuso spalva Sonoma triufeli\u0173 \u0105\u017euolas Korpuso apdailos med\u017eiaga \/ tipas \/ storis 16 mm baldin\u0117 plok\u0161t\u0117 Vir\u0161utin\u0117 korpuso apdaila \/ med\u017eiaga \/ tipas \/ storis 16 mm baldin\u0117 plok\u0161t\u0117 Apatin\u0117 korpuso apdaila \/ med\u017eiaga \/ tipas \/ storis 16 mm baldin\u0117 plok\u0161t\u0117 Priekin\u0117 spalva Balta Blizgi Priekin\u0117s apdailos med\u017eiaga \/ tipas \/ storis 18 mm MDF baldin\u0117 plok\u0161t\u0117 Priekin\u0117 rankena \/ apdaila \/ spalva Frezuota \/ Balta Blizgi \u0160velnaus u\u017edarymo stal\u010di\u0173 sistema Standarti\u0161kai Stal\u010di\u0173 b\u0117geliai QUADRO 25 Stal\u010di\u0173 skai\u010dius 1 Korpuso \u012franga Reguliuojamos bald\u0173 pakabos<\/p>","protected":false},"excerpt":{"rendered":"<p>Kairysis prie sienos pakabinamas naktinis staliukas \u201eLIONEL LI14\u201c yra modernus baldas, kuris yra neatsiejama bet kurio miegamojo interjero dalis. Pakabinamas dizainas palengvina tvark\u0105 ir suteikia jam modern\u0173 vaizd\u0105. Spintel\u0117 turi erdv\u0173 stal\u010di\u0173, puikiai tinkant\u012f visiems b\u016btiniausiems daiktams laikyti, o didelis stalvir\u0161is suteikia pakankamai vietos naktinei lempai. [\u2026]<\/p>","protected":false},"featured_media":254918,"comment_status":"open","ping_status":"open","template":"","meta":[],"product_brand":[],"product_cat":[1176,2457],"product_tag":[],"class_list":{"0":"post-254964","1":"product","2":"type-product","3":"status-publish","4":"has-post-thumbnail","6":"product_cat-bedside-tables","7":"product_cat-liveo","9":"first","10":"instock","11":"purchasable","12":"product-type-simple"},"_links":{"self":[{"href":"https:\/\/baldumarket.lt\/lt\/wp-json\/wp\/v2\/product\/254964","targetHints":{"allow":["GET"]}}],"collection":[{"href":"https:\/\/baldumarket.lt\/lt\/wp-json\/wp\/v2\/product"}],"about":[{"href":"https:\/\/baldumarket.lt\/lt\/wp-json\/wp\/v2\/types\/product"}],"replies":[{"embeddable":true,"href":"https:\/\/baldumarket.lt\/lt\/wp-json\/wp\/v2\/comments?post=254964"}],"wp:featuredmedia":[{"embeddable":true,"href":"https:\/\/baldumarket.lt\/lt\/wp-json\/wp\/v2\/media\/254918"}],"wp:attachment":[{"href":"https:\/\/baldumarket.lt\/lt\/wp-json\/wp\/v2\/media?parent=254964"}],"wp:term":[{"taxonomy":"product_brand","embeddable":true,"href":"https:\/\/baldumarket.lt\/lt\/wp-json\/wp\/v2\/product_brand?post=254964"},{"taxonomy":"product_cat","embeddable":true,"href":"https:\/\/baldumarket.lt\/lt\/wp-json\/wp\/v2\/product_cat?post=254964"},{"taxonomy":"product_tag","embeddable":true,"href":"https:\/\/baldumarket.lt\/lt\/wp-json\/wp\/v2\/product_tag?post=254964"}],"curies":[{"name":"wp","href":"https:\/\/api.w.org\/{rel}","templated":true}]}}