{"id":254962,"date":"2026-01-10T22:31:30","date_gmt":"2026-01-10T19:31:30","guid":{"rendered":"https:\/\/baldumarket.lt\/product\/lionel-li13-szafka-nocna\/"},"modified":"2026-02-11T18:30:58","modified_gmt":"2026-02-11T15:30:58","slug":"lionel-li13-szafka-nocna","status":"publish","type":"product","link":"https:\/\/baldumarket.lt\/lt\/product\/lionel-li13-szafka-nocna\/","title":{"rendered":"LIONEL LI13 naktinis staliukas"},"content":{"rendered":"<p>Eleganti\u0161kas LIONEL LI13 naktinis staliukas puikiai papildys bet kur\u012f miegam\u0105j\u012f. Kompakti\u0161kas dizainas suteikia \u017eavesio ir funkcionalumo. Erdvus stal\u010dius naktinio staliuko apa\u010dioje puikiai tinka smulkiems daiktams laikyti. \u012e ni\u0161\u0105 galite pad\u0117ti m\u0117gstam\u0105 knyg\u0105 ar plan\u0161etin\u012f kompiuter\u012f, o vir\u0161uje \u2013 naktin\u0119 lemp\u0105. Naktinis staliukas turi \u0161velnaus u\u017edarymo sistem\u0105 (standartin\u0117), kad u\u017esidaryt\u0173 patogiai ir tyliai. Ry\u0161k\u016bs fasad\u0173 frezavimai pary\u0161kina bendr\u0105 naktinio staliuko stili\u0173, o ry\u0161kios spalvos sukuria patraukl\u0173, modern\u0173 interjer\u0105. \u0160is naktinis staliukas puikiai tinka kaip LIONEL lovos papildymas arba kaip atskiras baldas, pritaikomas prie j\u016bs\u0173 kambario interjero.<\/p>\n<p>Plotis 55 cm Gylis 40,5 cm Auk\u0161tis 44 cm Produkto svoris su pakuote 14,65 kg Gamintojo kodas \/ simbolis LI13 Kolekcijos pavadinimas LIONEL Pavadinimas b2b sistemoje LIONEL LI-13 \u0105\u017euolo skal\u016bno \/ balta NAKTIN\u0116 SPINTEL\u0116 komplektas Produkto pakuo\u010di\u0173 skai\u010dius 1 Stilius Modernus \u012eranga Surinkimo instrukcijos \/ surinkimo priedai Surinkimui Savaranki\u0161kam surinkimui Korpuso spalva Sonoma triufelio \u0105\u017euolas Korpuso apdailos med\u017eiaga \/ tipas \/ storis 16 mm baldin\u0117 plok\u0161t\u0117 Vir\u0161utinio korpuso apdaila \/ med\u017eiaga \/ tipas \/ storis 16 mm baldin\u0117 plok\u0161t\u0117 Apatinio korpuso apdaila \/ med\u017eiaga \/ tipas \/ storis 16 mm baldin\u0117 plok\u0161t\u0117 Galin\u0117s sienel\u0117s apdailos med\u017eiaga \/ tipas \/ storis 2,5 mm HDF baldin\u0117 plok\u0161t\u0117 Matoma galin\u0117s sienel\u0117s dalis Sonoma triufelio \u0105\u017euolas Priekin\u0117 spalva Balta Blizgi Priekin\u0117s apdailos med\u017eiaga \/ tipas \/ storis 18 mm MDF baldin\u0117 plok\u0161t\u0117 Priekin\u0117 rankena \/ apdaila \/ spalva Frezuota \/ Balta Blizgi Sistema \u0160velniai u\u017esidarantys stal\u010diai Standartiniai Stal\u010di\u0173 b\u0117geliai QUADRO 25 Kojel\u0117 \/ apdaila \/ spalva Nereguliuojama \/ plastikin\u0117 \/ Juoda Stal\u010di\u0173 skai\u010dius 1 Atvir\u0173 ni\u0161\u0173 skai\u010dius 1<\/p>","protected":false},"excerpt":{"rendered":"<p>Eleganti\u0161kas LIONEL LI13 naktinis staliukas puikiai papildys bet kur\u012f miegam\u0105j\u012f. Kompakti\u0161kas dizainas suteikia \u017eavesio ir funkcionalumo. Erdvus stal\u010dius naktinio staliuko apa\u010dioje puikiai tinka smulkiems daiktams laikyti. \u012eduboje galite pad\u0117ti m\u0117gstam\u0105 knyg\u0105 ar plan\u0161etin\u012f kompiuter\u012f, o ant vir\u0161aus \u2013 naktin\u0119 lemp\u0105. Naktinis staliukas [\u2026]<\/p>","protected":false},"featured_media":254899,"comment_status":"open","ping_status":"open","template":"","meta":[],"product_brand":[],"product_cat":[1176,2457],"product_tag":[],"class_list":{"0":"post-254962","1":"product","2":"type-product","3":"status-publish","4":"has-post-thumbnail","6":"product_cat-bedside-tables","7":"product_cat-liveo","9":"first","10":"instock","11":"purchasable","12":"product-type-simple"},"_links":{"self":[{"href":"https:\/\/baldumarket.lt\/lt\/wp-json\/wp\/v2\/product\/254962","targetHints":{"allow":["GET"]}}],"collection":[{"href":"https:\/\/baldumarket.lt\/lt\/wp-json\/wp\/v2\/product"}],"about":[{"href":"https:\/\/baldumarket.lt\/lt\/wp-json\/wp\/v2\/types\/product"}],"replies":[{"embeddable":true,"href":"https:\/\/baldumarket.lt\/lt\/wp-json\/wp\/v2\/comments?post=254962"}],"wp:featuredmedia":[{"embeddable":true,"href":"https:\/\/baldumarket.lt\/lt\/wp-json\/wp\/v2\/media\/254899"}],"wp:attachment":[{"href":"https:\/\/baldumarket.lt\/lt\/wp-json\/wp\/v2\/media?parent=254962"}],"wp:term":[{"taxonomy":"product_brand","embeddable":true,"href":"https:\/\/baldumarket.lt\/lt\/wp-json\/wp\/v2\/product_brand?post=254962"},{"taxonomy":"product_cat","embeddable":true,"href":"https:\/\/baldumarket.lt\/lt\/wp-json\/wp\/v2\/product_cat?post=254962"},{"taxonomy":"product_tag","embeddable":true,"href":"https:\/\/baldumarket.lt\/lt\/wp-json\/wp\/v2\/product_tag?post=254962"}],"curies":[{"name":"wp","href":"https:\/\/api.w.org\/{rel}","templated":true}]}}