{"id":254950,"date":"2026-01-10T22:31:18","date_gmt":"2026-01-10T19:31:18","guid":{"rendered":"https:\/\/baldumarket.lt\/product\/lionel-li12-160-loze-bez-pojemnika-na-posciel\/"},"modified":"2026-02-11T18:30:58","modified_gmt":"2026-02-11T15:30:58","slug":"lionel-li12-160-loze-bez-pojemnika-na-posciel","status":"publish","type":"product","link":"https:\/\/baldumarket.lt\/lt\/product\/lionel-li12-160-loze-bez-pojemnika-na-posciel\/","title":{"rendered":"LIONEL LI12\/160 lova be patalyn\u0117s konteinerio"},"content":{"rendered":"<p>Lova \u201eLIONEL LI12\u201c \u2013 b\u016btinas daiktas bet kuriame miegamajame. Sukurta taip, kad miegoti b\u016bt\u0173 galima i\u0161naudoti vis\u0105 jos plot\u012f, ramus ir patogus miegas yra b\u016btinas norint visi\u0161kai atsipalaiduoti. Blizgantis baltas galv\u016bgalis ir koj\u016bgalis atspindi \u0161vies\u0105, suteikdami kambariui v\u0117sios elegancijos. Subtilios spalvos skatina ramyb\u0119, o ry\u0161kus frezavimas pary\u0161kina bendr\u0105 lovos stili\u0173. \u010ciu\u017einys ir r\u0117mas \u012f komplekt\u0105 ne\u012feina; juos galima \u012fsigyti atskirai. Lova, kuri\u0105 galima \u012fsigyti trij\u0173 dyd\u017ei\u0173: 140 cm, 160 cm ir 180 cm, idealiai tinka naudoti su kitais \u201eLIONEL\u201c serijos baldais arba kaip atskiras baldas, prisitaikantis prie j\u016bs\u0173 kambario interjero.<\/p>\n<p>Plotis 166 cm Ilgis 206 cm Auk\u0161tis 94 cm Miegamoji erdv\u0117 160 cm x 200 cm Produkto svoris su pakuote 84,90 kg Gamintojo kodas \/ simbolis LI12\/160 Kolekcijos pavadinimas LIONEL Pavadinimas b2b sistemoje LIONEL LI-12\/160 \u0105\u017euolo lentjuost\u0117s \/ balta Lovos komplektas Produkto pakuo\u010di\u0173 skai\u010dius 3 Stilius Modernus \u012eranga Surinkimo instrukcijos \/ surinkimo priedai Surinkimas Savaranki\u0161kam surinkimui Spalva Blizgi Balta \/ Balta \/ Triufeli\u0173 Sonoma \u0105\u017euolas Vir\u0161utin\u0117s dalies med\u017eiaga \/ tipas \/ storis 16 mm baldin\u0117 lenta \/ 18 mm MDF baldin\u0117 lenta Kair\u0117s ir de\u0161in\u0117s pus\u0117s med\u017eiaga \/ tipas \/ storis 22 mm baldin\u0117 lenta Apatin\u0117s dalies med\u017eiaga \/ tipas \/ storis 22 mm baldin\u0117 lenta Pagrindo med\u017eiaga \/ tipas \/ storis 16 mm baldin\u0117 lenta Kojel\u0117 \/ med\u017eiaga \/ spalva Nereguliuojama \/ Bald\u0173 slydiklis \/ plastikas \/ Juoda<\/p>","protected":false},"excerpt":{"rendered":"<p>Lova \u201eLIONEL LI12\u201c \u2013 b\u016btinas daiktas bet kuriame miegamajame. Lova sukurta taip, kad i\u0161naudot\u0173 vis\u0105 jos plot\u012f miegui, tod\u0117l ramus ir patogus miegas yra b\u016btinas norint gerai atsipalaiduoti. Blizgantis baltas galv\u016bgalis ir koj\u016bgalis atspindi \u0161vies\u0105, suteikdami kambariui v\u0117sios elegancijos. Prislopintos spalvos skatina ramyb\u0119, o ry\u0161kus frezavimas pary\u0161kina [\u2026]<\/p>","protected":false},"featured_media":254919,"comment_status":"open","ping_status":"open","template":"","meta":[],"product_brand":[],"product_cat":[505,2457],"product_tag":[],"class_list":{"0":"post-254950","1":"product","2":"type-product","3":"status-publish","4":"has-post-thumbnail","6":"product_cat-bedroom-beds","7":"product_cat-liveo","9":"first","10":"instock","11":"purchasable","12":"product-type-simple"},"_links":{"self":[{"href":"https:\/\/baldumarket.lt\/lt\/wp-json\/wp\/v2\/product\/254950","targetHints":{"allow":["GET"]}}],"collection":[{"href":"https:\/\/baldumarket.lt\/lt\/wp-json\/wp\/v2\/product"}],"about":[{"href":"https:\/\/baldumarket.lt\/lt\/wp-json\/wp\/v2\/types\/product"}],"replies":[{"embeddable":true,"href":"https:\/\/baldumarket.lt\/lt\/wp-json\/wp\/v2\/comments?post=254950"}],"wp:featuredmedia":[{"embeddable":true,"href":"https:\/\/baldumarket.lt\/lt\/wp-json\/wp\/v2\/media\/254919"}],"wp:attachment":[{"href":"https:\/\/baldumarket.lt\/lt\/wp-json\/wp\/v2\/media?parent=254950"}],"wp:term":[{"taxonomy":"product_brand","embeddable":true,"href":"https:\/\/baldumarket.lt\/lt\/wp-json\/wp\/v2\/product_brand?post=254950"},{"taxonomy":"product_cat","embeddable":true,"href":"https:\/\/baldumarket.lt\/lt\/wp-json\/wp\/v2\/product_cat?post=254950"},{"taxonomy":"product_tag","embeddable":true,"href":"https:\/\/baldumarket.lt\/lt\/wp-json\/wp\/v2\/product_tag?post=254950"}],"curies":[{"name":"wp","href":"https:\/\/api.w.org\/{rel}","templated":true}]}}