{"id":254941,"date":"2026-01-10T22:31:05","date_gmt":"2026-01-10T19:31:05","guid":{"rendered":"https:\/\/baldumarket.lt\/product\/lionel-li11-polka-wiszaca\/"},"modified":"2026-02-11T18:30:59","modified_gmt":"2026-02-11T15:30:59","slug":"lionel-li11-polka-wiszaca","status":"publish","type":"product","link":"https:\/\/baldumarket.lt\/lt\/product\/lionel-li11-polka-wiszaca\/","title":{"rendered":"LIONEL LI11 PAKABINAMA LENTYNA"},"content":{"rendered":"<p>Pakabinama lentyna \u201eLIONEL LI11\u201c \u2013 puikus b\u016bdas prakti\u0161kai panaudoti ir papuo\u0161ti tu\u0161\u010di\u0105 sien\u0105. Klasikinis, ta\u010diau universalus dizainas leid\u017eia joje eksponuoti nuotrauk\u0173 r\u0117melius, knygas ar dekoratyvines fig\u016br\u0117les. Lentyn\u0105 galima derinti su kitais \u201eLIONEL\u201c kolekcijos baldais, ta\u010diau ji taip pat puikiai tinka kaip atskiras baldas. Minimalistinis dizainas suteikia plat\u0173 individuali\u0173 dizaino variant\u0173 pasirinkim\u0105.<\/p>\n<p>Plotis 150 cm Gylis 22 cm Auk\u0161tis 22 cm Gaminio svoris su pakuote 8,10 kg Gamintojo kodas \/ simbolis LI11 Kolekcijos pavadinimas LIONEL Pavadinimas b2b sistemoje LIONEL LI-11 \u0105\u017euolo grotel\u0117s \/ balta SIENINI\u0172 LENTYN\u0172 komplektas Gaminio pakuo\u010di\u0173 skai\u010dius 1 Stilius Modernus \u012eranga Surinkimo instrukcijos \/ surinkimo priedai Surinkimas Savaranki\u0161kam surinkimui Spalvos Blizgi Balta \/ Triufeli\u0173 Sonoma \u0105\u017euolas Korpuso med\u017eiaga \/ tipas \/ storis 18 mm MDF bald\u0173 plok\u0161t\u0117 Korpuso vir\u0161utin\u0117s dalies med\u017eiaga \/ tipas \/ storis 16 mm bald\u0173 plok\u0161t\u0117 Korpuso \u012franga Reguliuojami bald\u0173 pakabos<\/p>","protected":false},"excerpt":{"rendered":"<p>Pakabinama lentyna \u201eLIONEL LI11\u201c \u2013 puikus b\u016bdas prakti\u0161kai panaudoti ir papuo\u0161ti tu\u0161\u010di\u0105 sien\u0105. Klasikinis, ta\u010diau universalus dizainas leid\u017eia eksponuoti nuotrauk\u0173 r\u0117melius, knygas ar dekoratyvines fig\u016br\u0117les. Lentyn\u0105 galima derinti su kitais \u201eLIONEL\u201c kolekcijos baldais, ta\u010diau ji taip pat puikiai veikia kaip atskiras baldas. Minimalistinis dizainas [\u2026]<\/p>","protected":false},"featured_media":254924,"comment_status":"open","ping_status":"open","template":"","meta":[],"product_brand":[],"product_cat":[1174,2457],"product_tag":[],"class_list":{"0":"post-254941","1":"product","2":"type-product","3":"status-publish","4":"has-post-thumbnail","6":"product_cat-hanging-shelves","7":"product_cat-liveo","9":"first","10":"instock","11":"purchasable","12":"product-type-simple"},"_links":{"self":[{"href":"https:\/\/baldumarket.lt\/lt\/wp-json\/wp\/v2\/product\/254941","targetHints":{"allow":["GET"]}}],"collection":[{"href":"https:\/\/baldumarket.lt\/lt\/wp-json\/wp\/v2\/product"}],"about":[{"href":"https:\/\/baldumarket.lt\/lt\/wp-json\/wp\/v2\/types\/product"}],"replies":[{"embeddable":true,"href":"https:\/\/baldumarket.lt\/lt\/wp-json\/wp\/v2\/comments?post=254941"}],"wp:featuredmedia":[{"embeddable":true,"href":"https:\/\/baldumarket.lt\/lt\/wp-json\/wp\/v2\/media\/254924"}],"wp:attachment":[{"href":"https:\/\/baldumarket.lt\/lt\/wp-json\/wp\/v2\/media?parent=254941"}],"wp:term":[{"taxonomy":"product_brand","embeddable":true,"href":"https:\/\/baldumarket.lt\/lt\/wp-json\/wp\/v2\/product_brand?post=254941"},{"taxonomy":"product_cat","embeddable":true,"href":"https:\/\/baldumarket.lt\/lt\/wp-json\/wp\/v2\/product_cat?post=254941"},{"taxonomy":"product_tag","embeddable":true,"href":"https:\/\/baldumarket.lt\/lt\/wp-json\/wp\/v2\/product_tag?post=254941"}],"curies":[{"name":"wp","href":"https:\/\/api.w.org\/{rel}","templated":true}]}}