{"id":254938,"date":"2026-01-10T22:31:02","date_gmt":"2026-01-10T19:31:02","guid":{"rendered":"https:\/\/baldumarket.lt\/product\/lionel-li10-szafa-z-lustrem\/"},"modified":"2026-02-11T18:30:59","modified_gmt":"2026-02-11T15:30:59","slug":"lionel-li10-szafa-z-lustrem","status":"publish","type":"product","link":"https:\/\/baldumarket.lt\/lt\/product\/lionel-li10-szafa-z-lustrem\/","title":{"rendered":"LIONEL LI10 spinta su veidrod\u017eiu"},"content":{"rendered":"<p>Keturi\u0173 dur\u0173 LIONEL LI10 spinta, sukurta moderniu stiliumi, puikiai tinka miegamajam arba persirengimo kambariui. Jos matmenys leid\u017eia susid\u0117ti garderob\u0105 ir asmeninius daiktus vienoje vietoje, nesijaudinant d\u0117l erdv\u0117s. Spintos vidus padalintas \u012f dvi dalis. Kair\u0117je pus\u0117je yra patogios ir erdvios lentynos, sudaran\u010dios lentyn\u0105, o de\u0161in\u0117je pus\u0117je \u2013 du pakabos b\u0117geliai. Vidurin\u0117s spintos durys apr\u016bpintos veidrod\u017eiais, kurie yra b\u016btini bet kuriame miegamajame ir vizualiai padidins bei pa\u0161viesins kambar\u012f. \u012edomus papildymas \u2013 LED ap\u0161vietimas (u\u017e papildom\u0105 mokest\u012f), sumontuotas vir\u0161 spintos vir\u0161aus. Spinta turi dur\u0173 \u0161velnaus u\u017edarymo sistem\u0105 (standartin\u0117), kad durys b\u016bt\u0173 patogiai ir tyliai u\u017edaromos. Patraukl\u016bs frezavimai fasaduose pabr\u0117\u017eia bendr\u0105 spintos stili\u0173, o ry\u0161kios spalvos sukuria \u012fdom\u0173, modern\u0173 interjer\u0105. Spinta idealiai tinka derinti su kitais LIONEL serijos baldais arba kaip atskiras baldas, leid\u017eiantis j\u0105 pritaikyti prie savo kambario dizaino.<\/p>\n<p>Plotis 198,5 cm Gylis 56 cm Auk\u0161tis 201 cm Produkto svoris su pakuote 154,00 kg Gamintojo kodas \/ simbolis LI10 Kolekcijos pavadinimas LIONEL Pavadinimas b2b sistemoje LIONEL LI-10 \u0105\u017euolo spalvos, s\/balta SPINTEL\u0116 4D komplektas Produkto pakuo\u010di\u0173 skai\u010dius 5 Stilius Moderni \u012franga Surinkimo instrukcijos \/ surinkimo priedai Surinkimui Savaranki\u0161kam surinkimui Korpuso spalva: triufeli\u0173 spalvos sonoma \u0105\u017euolas Korpuso med\u017eiaga \/ tipas \/ storis: 16 mm baldin\u0117 lenta Vir\u0161utinio korpuso med\u017eiaga \/ tipas \/ storis: 16 mm baldin\u0117 lenta Apatinio korpuso med\u017eiaga \/ tipas \/ storis: 16 mm baldin\u0117 lenta Lentyn\u0173 spalva: triufeli\u0173 spalvos sonoma \u0105\u017euolas Lentyn\u0173 med\u017eiaga \/ tipas \/ storis: 16 mm baldin\u0117 lenta Kar\u016bn\u0117l\u0117s tipo lentyn\u0173 kiekis 4 Galin\u0117s sienel\u0117s med\u017eiaga \/ tipas \/ storis: 2,5 mm HDF baldin\u0117 lenta Galin\u0117s sienel\u0117s \u2013 matomos dalies spalva: triufeli\u0173 spalvos sonoma \u0105\u017euolas Priekin\u0117s spalvos: Blizgi balta Priekin\u0117s med\u017eiagos \/ tipas \/ storis: 18 mm MDF baldin\u0117 lenta Priekin\u0117 dalis su veidrod\u017eiu TAIP Priekin\u0117 dalis su veidrod\u017eiu kiekis 2 Priekinis vyris \u2300 35 mm, reguliuojamas trijose plok\u0161tumose Priekin\u0117 rankena \/ med\u017eiaga \/ spalva: Frezuota \/ Blizgi balta \u0160velnaus u\u017edarymo sistema Durys Standartin\u0117s Kojel\u0117 \/ Apdaila \/ Spalva Nereguliuojama \/ Plastikas \/ Juoda Papildoma kojel\u0117 \/ Apdaila \/ Spalva Reguliuojama vidurin\u0117 dalis \/ Plastikas \/ Juoda Dur\u0173 skai\u010dius 4 U\u017edar\u0173 ni\u0161\u0173 skai\u010dius 6 Korpuso \u012franga Standartin\u0117 2 pakabos strypai<\/p>","protected":false},"excerpt":{"rendered":"<p>Keturi\u0173 dur\u0173 LIONEL LI10 spinta, sukurta moderniu stiliumi, puikiai tinka miegamajam arba persirengimo kambariui. Jos matmenys leid\u017eia susitvarkyti garderob\u0105 ir asmeninius daiktus vienoje vietoje, nesijaudinant d\u0117l erdv\u0117s. Spintos vidus padalintas \u012f dvi dalis. Kair\u0117je pus\u0117je yra patogios ir erdvios lentynos [\u2026]<\/p>","protected":false},"featured_media":254939,"comment_status":"open","ping_status":"open","template":"","meta":[],"product_brand":[],"product_cat":[2457,1177],"product_tag":[],"class_list":{"0":"post-254938","1":"product","2":"type-product","3":"status-publish","4":"has-post-thumbnail","6":"product_cat-liveo","7":"product_cat-wardrobes","9":"first","10":"instock","11":"purchasable","12":"product-type-simple"},"_links":{"self":[{"href":"https:\/\/baldumarket.lt\/lt\/wp-json\/wp\/v2\/product\/254938","targetHints":{"allow":["GET"]}}],"collection":[{"href":"https:\/\/baldumarket.lt\/lt\/wp-json\/wp\/v2\/product"}],"about":[{"href":"https:\/\/baldumarket.lt\/lt\/wp-json\/wp\/v2\/types\/product"}],"replies":[{"embeddable":true,"href":"https:\/\/baldumarket.lt\/lt\/wp-json\/wp\/v2\/comments?post=254938"}],"wp:featuredmedia":[{"embeddable":true,"href":"https:\/\/baldumarket.lt\/lt\/wp-json\/wp\/v2\/media\/254939"}],"wp:attachment":[{"href":"https:\/\/baldumarket.lt\/lt\/wp-json\/wp\/v2\/media?parent=254938"}],"wp:term":[{"taxonomy":"product_brand","embeddable":true,"href":"https:\/\/baldumarket.lt\/lt\/wp-json\/wp\/v2\/product_brand?post=254938"},{"taxonomy":"product_cat","embeddable":true,"href":"https:\/\/baldumarket.lt\/lt\/wp-json\/wp\/v2\/product_cat?post=254938"},{"taxonomy":"product_tag","embeddable":true,"href":"https:\/\/baldumarket.lt\/lt\/wp-json\/wp\/v2\/product_tag?post=254938"}],"curies":[{"name":"wp","href":"https:\/\/api.w.org\/{rel}","templated":true}]}}