{"id":254932,"date":"2026-01-10T22:30:57","date_gmt":"2026-01-10T19:30:57","guid":{"rendered":"https:\/\/baldumarket.lt\/product\/lionel-li08-szafa\/"},"modified":"2026-02-11T18:30:59","modified_gmt":"2026-02-11T15:30:59","slug":"lionel-li08-szafa","status":"publish","type":"product","link":"https:\/\/baldumarket.lt\/lt\/product\/lionel-li08-szafa\/","title":{"rendered":"LIONEL LI08 DRABU\u017dIN\u0116"},"content":{"rendered":"<p>Spinta LIONEL LI08 \u2013 puikus b\u016bdas apstatyti svetain\u0119, miegam\u0105j\u012f ar persirengimo kambar\u012f. \u0160i eleganti\u0161ka ir moderni spinta yra ir funkcionali, ir dekoratyvi. Joje yra drabu\u017ei\u0173 kabykla ir lentyna, u\u017etikrinanti, kad visi j\u016bs\u0173 drabu\u017eiai tur\u0117t\u0173 savo viet\u0105. \u0160is eleganti\u0161kas baldas neu\u017eima daug vietos, ta\u010diau viduje yra erdvus. Spinta turi \u0161velnaus u\u017edarymo dureli\u0173 sistem\u0105 (standartin\u0117 komplektacija), kad durys u\u017esidaryt\u0173 patogiai ir tyliai. Ry\u0161k\u016bs fasad\u0173 frezavimai pary\u0161kina bendr\u0105 spintos stili\u0173, o ry\u0161kios spalvos sukuria patraukl\u0173, modern\u0173 interjer\u0105. Spinta idealiai tinka derinti su kitais LIONEL serijos baldais arba naudoti kaip atskir\u0105 bald\u0105, leid\u017eiant\u012f pritaikyti j\u0105 prie savo kambario interjero.<\/p>\n<p>Plotis 90 cm Gylis 56 cm Auk\u0161tis 193 cm Produkto svoris su pakuote 70,30 kg Gamintojo kodas \/ simbolis LI08 Kolekcijos pavadinimas LIONEL Pavadinimas b2b sistemoje LIONEL LI-8 \u0105\u017euolo skal\u016bno\/baltos spalvos SPINTEL\u0116 2D komplektas Produkto pakuo\u010di\u0173 skai\u010dius 3 Stilius Moderni \u012franga Surinkimo instrukcijos \/ surinkimo priedai Surinkimui Savaranki\u0161kam surinkimui Korpuso spalva: triufeli\u0173 spalvos sonoma \u0105\u017euolas Korpuso med\u017eiaga \/ tipas \/ storis: 16 mm baldin\u0117 lenta Vir\u0161utinio korpuso med\u017eiaga \/ tipas \/ storis: 16 mm baldin\u0117 lenta Apatinio korpuso med\u017eiaga \/ tipas \/ storis: 16 mm baldin\u0117 lenta Lentyn\u0173 spalva: triufeli\u0173 spalvos sonoma \u0105\u017euolas Lentyn\u0173 med\u017eiaga \/ tipas \/ storis: 16 mm baldin\u0117 lenta Kar\u016bn\u0117l\u0117s tipo lentyn\u0173 kiekis 1 Galin\u0117s sienel\u0117s med\u017eiaga \/ tipas \/ storis: 2,5 mm HDF baldin\u0117 lenta Galin\u0117s sienel\u0117s \u2013 matomos dalies spalva: triufeli\u0173 spalvos sonoma \u0105\u017euolas Priekin\u0117s spalvos: Blizgi balta Priekin\u0117s med\u017eiagos \/ tipas \/ storis: 18 mm MDF baldin\u0117 lenta Priekinis vyris \u2300 35 mm, reguliuojamas trijose plok\u0161tumose Priekin\u0117 rankena \/ apdaila \/ spalva: Frezuota \/ Blizgi balta \u0160velnaus u\u017edarymo dur\u0173 sistema Standarti\u0161kai Kojel\u0117 \/ apdaila \/ spalva: Be reguliavimo \/ plastikas \/ juoda Papildoma kojel\u0117 \/ apdaila \/ spalva Reguliuojamas vidurys \/ plastikas \/ juoda Dureli\u0173 skai\u010dius 2 U\u017edar\u0173 ni\u0161\u0173 skai\u010dius 2 Korpuso \u012franga Standartin\u0117 1 pakabos strypas<\/p>","protected":false},"excerpt":{"rendered":"<p>Spinta \u201eLIONEL LI08\u201c \u2013 puikus b\u016bdas apstatyti svetain\u0119, miegam\u0105j\u012f ar persirengimo kambar\u012f. \u0160i eleganti\u0161ka ir moderni spinta yra ir funkcionali, ir dekoratyvi. Joje yra drabu\u017ei\u0173 kabykla ir lentyna, u\u017etikrinanti, kad visi j\u016bs\u0173 drabu\u017eiai tur\u0117t\u0173 savo viet\u0105. \u0160is eleganti\u0161kas baldas neu\u017eima daug vietos, ta\u010diau yra erdvus viduje. [\u2026]<\/p>","protected":false},"featured_media":254933,"comment_status":"open","ping_status":"open","template":"","meta":[],"product_brand":[],"product_cat":[2457,1177],"product_tag":[],"class_list":{"0":"post-254932","1":"product","2":"type-product","3":"status-publish","4":"has-post-thumbnail","6":"product_cat-liveo","7":"product_cat-wardrobes","9":"first","10":"instock","11":"purchasable","12":"product-type-simple"},"_links":{"self":[{"href":"https:\/\/baldumarket.lt\/lt\/wp-json\/wp\/v2\/product\/254932","targetHints":{"allow":["GET"]}}],"collection":[{"href":"https:\/\/baldumarket.lt\/lt\/wp-json\/wp\/v2\/product"}],"about":[{"href":"https:\/\/baldumarket.lt\/lt\/wp-json\/wp\/v2\/types\/product"}],"replies":[{"embeddable":true,"href":"https:\/\/baldumarket.lt\/lt\/wp-json\/wp\/v2\/comments?post=254932"}],"wp:featuredmedia":[{"embeddable":true,"href":"https:\/\/baldumarket.lt\/lt\/wp-json\/wp\/v2\/media\/254933"}],"wp:attachment":[{"href":"https:\/\/baldumarket.lt\/lt\/wp-json\/wp\/v2\/media?parent=254932"}],"wp:term":[{"taxonomy":"product_brand","embeddable":true,"href":"https:\/\/baldumarket.lt\/lt\/wp-json\/wp\/v2\/product_brand?post=254932"},{"taxonomy":"product_cat","embeddable":true,"href":"https:\/\/baldumarket.lt\/lt\/wp-json\/wp\/v2\/product_cat?post=254932"},{"taxonomy":"product_tag","embeddable":true,"href":"https:\/\/baldumarket.lt\/lt\/wp-json\/wp\/v2\/product_tag?post=254932"}],"curies":[{"name":"wp","href":"https:\/\/api.w.org\/{rel}","templated":true}]}}