{"id":254928,"date":"2026-01-10T22:30:54","date_gmt":"2026-01-10T19:30:54","guid":{"rendered":"https:\/\/baldumarket.lt\/product\/lionel-li07-witryna\/"},"modified":"2026-02-11T18:30:59","modified_gmt":"2026-02-11T15:30:59","slug":"lionel-li07-witryna","status":"publish","type":"product","link":"https:\/\/baldumarket.lt\/lt\/product\/lionel-li07-witryna\/","title":{"rendered":"LIONEL LI07 VITRINA"},"content":{"rendered":"<p>\u201eLIONEL LI07\u201c vitrina \u2013 eleganti\u0161kas ir prakti\u0161kas svetain\u0117s aksesuaras bei gra\u017eus dekoratyvinis elementas viename. Ji puikiai tinka erdviam butui. Dvidur\u0117 dvidur\u0117 \u201eLIONEL\u201c vitrina \u2013 tai erdvi spintel\u0117 su stikline dalimi ir u\u017edara dalimi su lentynomis b\u016btiniausiems daiktams laikyti. U\u017e i\u0161 dalies \u012fstiklinto priekio slypi stiklin\u0117s lentynos su LED ap\u0161vietimu (u\u017e papildom\u0105 mokest\u012f), tod\u0117l tai puiki vieta eksponuoti dekoratyvinius stiklinius indus, suvenyrus ar dekoratyvinius aksesuarus. Vitrinoje yra standartin\u0117 dureli\u0173 \u0161velnaus u\u017edarymo sistema, u\u017etikrinanti patog\u0173 ir tyl\u0173 u\u017edarym\u0105. Ry\u0161kus fasad\u0173 frezavimas pary\u0161kina bendr\u0105 vitrinos stili\u0173, o ry\u0161kios spalvos sukuria patraukl\u0173, modern\u0173 interjer\u0105. Vitrina idealiai tinka derinti su kitais \u201eLIONEL\u201c serijos baldais arba naudoti kaip atskir\u0105 bald\u0105, tod\u0117l galite j\u0105 pritaikyti prie savo kambario dizaino.<\/p>\n<p>Plotis 80 cm Gylis 40,5 cm Auk\u0161tis 193 cm Produkto svoris su pakuote 70,35 kg Gamintojo kodas \/ simbolis LI07 Kolekcijos pavadinimas LIONEL Pavadinimas b2b sistemoje LIONEL LI-7 \u0105\u017euolo skal\u016bno\/baltos spalvos VITRIN\u0116 LP komplektas Produkto pakuo\u010di\u0173 skai\u010dius 3 Stilius Moderni \u012eranga Surinkimo instrukcijos \/ surinkimo priedai Surinkimui Savaranki\u0161kam surinkimui Korpuso spalva Sonoma triufelio \u0105\u017euolas Korpuso med\u017eiaga \/ tipas \/ storis 16 mm baldin\u0117 plok\u0161t\u0117 Vir\u0161utinio korpuso med\u017eiaga \/ tipas \/ storis 16 mm baldin\u0117 plok\u0161t\u0117 Apatinio korpuso med\u017eiaga \/ tipas \/ storis 16 mm baldin\u0117 plok\u0161t\u0117 Lentynos spalva Sonoma triufelio \u0105\u017euolas Lentynos med\u017eiaga \/ tipas \/ storis 16 mm baldin\u0117 plok\u0161t\u0117 Lentyn\u0173 kiekis 5 Galin\u0117s sienel\u0117s med\u017eiaga \/ tipas \/ storis 2,5 mm HDF baldin\u0117 plok\u0161t\u0117 Matomos galin\u0117s sienel\u0117s dalies spalva Sonoma triufelio \u0105\u017euolas Priekin\u0117 spalva Balta Blizgi Priekin\u0117 med\u017eiaga \/ tipas \/ storis 18 mm MDF baldin\u0117 plok\u0161t\u0117 Priekinis vyris \u2300 35 mm, reguliuojamas trijose plok\u0161tumose Priekin\u0117 rankena \/ med\u017eiaga \/ spalva Frezuota \/ Balta blizgi \u012estiklinto priekinio stiklo med\u017eiaga \/ spalva Gr\u016bdintas \/ bespalvis \u012estiklinto priekinio stiklo storis 4 mm Stiklin\u0117s lentynos stiklo spalva Bespalv\u0117 Stiklin\u0117s lentynos stiklo storis 6 mm Stiklini\u0173 lentyn\u0173 kiekis 2 \u0160velnaus u\u017edarymo dureli\u0173 sistema Standartin\u0117 Kojel\u0117 \/ apdaila \/ spalva Nereguliuojama \/ plastikin\u0117 \/ juoda Papildoma kojel\u0117 \/ apdaila \/ spalva Reguliuojama vidurin\u0117 dalis \/ plastikin\u0117 \/ juoda Dureli\u0173 skai\u010dius 4 U\u017edar\u0173 ni\u0161\u0173 skai\u010dius u\u017e priekinio stiklo 3 U\u017edar\u0173 ni\u0161\u0173 skai\u010dius 8<\/p>","protected":false},"excerpt":{"rendered":"<p>\u201eLIONEL LI07\u201c vitrina \u2013 eleganti\u0161kas ir prakti\u0161kas svetain\u0117s aksesuaras bei gra\u017eus dekoratyvinis elementas viename. Ji puikiai tinka erdviam butui. Dvidur\u0117 \u201eLIONEL\u201c vitrina \u2013 tai erdvi spintel\u0117 su stikline dalimi ir u\u017edara dalimi su lentynomis b\u016btiniausiems daiktams laikyti. U\u017e i\u0161 dalies \u012fstiklintos [\u2026]<\/p>","protected":false},"featured_media":254929,"comment_status":"open","ping_status":"open","template":"","meta":[],"product_brand":[],"product_cat":[2457,2006],"product_tag":[],"class_list":{"0":"post-254928","1":"product","2":"type-product","3":"status-publish","4":"has-post-thumbnail","6":"product_cat-liveo","7":"product_cat-vitrines","9":"first","10":"instock","11":"purchasable","12":"product-type-simple"},"_links":{"self":[{"href":"https:\/\/baldumarket.lt\/lt\/wp-json\/wp\/v2\/product\/254928","targetHints":{"allow":["GET"]}}],"collection":[{"href":"https:\/\/baldumarket.lt\/lt\/wp-json\/wp\/v2\/product"}],"about":[{"href":"https:\/\/baldumarket.lt\/lt\/wp-json\/wp\/v2\/types\/product"}],"replies":[{"embeddable":true,"href":"https:\/\/baldumarket.lt\/lt\/wp-json\/wp\/v2\/comments?post=254928"}],"wp:featuredmedia":[{"embeddable":true,"href":"https:\/\/baldumarket.lt\/lt\/wp-json\/wp\/v2\/media\/254929"}],"wp:attachment":[{"href":"https:\/\/baldumarket.lt\/lt\/wp-json\/wp\/v2\/media?parent=254928"}],"wp:term":[{"taxonomy":"product_brand","embeddable":true,"href":"https:\/\/baldumarket.lt\/lt\/wp-json\/wp\/v2\/product_brand?post=254928"},{"taxonomy":"product_cat","embeddable":true,"href":"https:\/\/baldumarket.lt\/lt\/wp-json\/wp\/v2\/product_cat?post=254928"},{"taxonomy":"product_tag","embeddable":true,"href":"https:\/\/baldumarket.lt\/lt\/wp-json\/wp\/v2\/product_tag?post=254928"}],"curies":[{"name":"wp","href":"https:\/\/api.w.org\/{rel}","templated":true}]}}