{"id":254925,"date":"2026-01-10T22:30:52","date_gmt":"2026-01-10T19:30:52","guid":{"rendered":"https:\/\/baldumarket.lt\/product\/lionel-li06-witryna-l-p\/"},"modified":"2026-02-11T18:30:59","modified_gmt":"2026-02-11T15:30:59","slug":"lionel-li06-witryna-l-p","status":"publish","type":"product","link":"https:\/\/baldumarket.lt\/lt\/product\/lionel-li06-witryna-l-p\/","title":{"rendered":"LIONEL LI06 VITRINA K\/D"},"content":{"rendered":"<p>LIONEL LI06 L\/R vitrina \u2013 tai plona, eleganti\u0161ka kolonin\u0117 spintel\u0117, kuri puikiai tiks tiek ma\u017eose, tiek erdviose svetain\u0117se. Auk\u0161ta vitrina padalinta \u012f dvi dalis. Vir\u0161utin\u0117je dalyje yra dvi stiklin\u0117s lentynos, puikiai tinkan\u010dios suvenyrams, nuotraukoms ar knygoms eksponuoti. Apatin\u0117je dalyje galima laikyti daiktus, kuri\u0173 nereikia matyti. Spintelei galima \u012fsigyti papildom\u0105 LED ap\u0161vietim\u0105, kuris interjerui suteiks unikali\u0105 atmosfer\u0105. Papildomas privalumas \u2013 galimyb\u0117 \u012frengti dureles taip, kad jos atsidaryt\u0173 \u012f kair\u0119 arba \u012f de\u0161in\u0119. Spintel\u0117 turi standartin\u0119 dureli\u0173 \u0161velnaus u\u017edarymo sistem\u0105, u\u017etikrinan\u010di\u0105 patog\u0173 ir tyl\u0173 u\u017edarym\u0105. Ry\u0161kus fasad\u0173 frezavimas pagerina bendr\u0105 spintel\u0117s dizain\u0105, o ry\u0161kios spalvos sukuria patraukl\u0173, modern\u0173 interjer\u0105. Vitrina idealiai tinka derinti su kitais LIONEL serijos baldais arba naudoti kaip atskir\u0105 bald\u0105, tod\u0117l galite j\u0105 pritaikyti prie savo kambario interjero.<\/p>\n<p>Plotis 56 cm Gylis 40,5 cm Auk\u0161tis 193 cm Produkto svoris su pakuote 48,95 kg Gamintojo kodas \/ simbolis LI06 Kolekcijos pavadinimas LIONEL Pavadinimas b2b sistemoje LIONEL LI-6 \u0105\u017euolo skal\u016bno\/baltos spalvos VITRIN\u0116 LP komplektas Produkto pakuo\u010di\u0173 skai\u010dius 3 Stilius Moderni \u012franga Surinkimo instrukcijos \/ surinkimo priedai Surinkimui Savaranki\u0161kam surinkimui Korpuso spalva: triufeli\u0173 spalvos sonoma \u0105\u017euolas Korpuso med\u017eiaga \/ tipas \/ storis: 16 mm baldin\u0117 plok\u0161t\u0117 Vir\u0161utinio korpuso med\u017eiaga \/ tipas \/ storis: 16 mm baldin\u0117 plok\u0161t\u0117 Apatinio korpuso med\u017eiaga \/ tipas \/ storis: 16 mm baldin\u0117 plok\u0161t\u0117 Lentyn\u0173 spalva: triufeli\u0173 spalvos sonoma \u0105\u017euolas Lentyn\u0173 med\u017eiaga \/ tipas \/ storis: 16 mm baldin\u0117 plok\u0161t\u0117 Lentyn\u0173 kiekis 2 Galin\u0117s sienel\u0117s med\u017eiaga \/ tipas \/ storis: 2,5 mm HDF baldin\u0117 plok\u0161t\u0117 Galin\u0117s sienel\u0117s \u2013 matomos dalies spalva: triufeli\u0173 spalvos sonoma \u0105\u017euolas Priekin\u0117s spalvos: Blizgi balta Priekin\u0117s med\u017eiagos \/ tipas \/ storis: 18 mm MDF baldin\u0117 plok\u0161t\u0117 Priekinis vyris \u2300 35 mm, reguliuojamas trijose plok\u0161tumose Priekinis atidarymas: universalus kairysis \/ de\u0161inysis TAIP Priekin\u0117 rankena \/ med\u017eiaga \/ spalva: Frezuota \/ Blizgi balta Glaz\u016bruota Priekin\u0117s dalies med\u017eiaga \/ spalva: stiklas Gr\u016bdintas \/ bespalvis Stiklinio priekinio stiklo storis 4 mm Stiklin\u0117s lentynos stiklo spalva Bespalv\u0117 Stiklin\u0117s lentynos stiklo storis 6 mm Stiklini\u0173 lentyn\u0173 kiekis 2 \u0160velnaus u\u017edarymo dureli\u0173 sistema Standartin\u0117 komplektacija Kojel\u0117 \/ apdaila \/ spalva Be reguliavimo \/ plastikas \/ juoda Dureli\u0173 skai\u010dius 2 U\u017edar\u0173 ni\u0161\u0173 skai\u010dius u\u017e priekinio stiklo 3 U\u017edar\u0173 ni\u0161\u0173 skai\u010dius 3<\/p>","protected":false},"excerpt":{"rendered":"<p>LIONEL LI06 L\/R vitrina yra plona, eleganti\u0161ka kolonin\u0117 spintel\u0117, kuri ras savo viet\u0105 tiek ma\u017eose, tiek erdviose svetain\u0117se. Auk\u0161ta vitrina yra padalinta \u012f dvi dalis. Vir\u0161utin\u0117je dalyje yra dvi stiklin\u0117s lentynos, puikiai tinkan\u010dios suvenyrams, nuotraukoms ar knygoms eksponuoti. Apatin\u0117 dalis gali b\u016bti naudojama [\u2026]<\/p>","protected":false},"featured_media":254926,"comment_status":"open","ping_status":"open","template":"","meta":[],"product_brand":[],"product_cat":[2457,2006],"product_tag":[],"class_list":{"0":"post-254925","1":"product","2":"type-product","3":"status-publish","4":"has-post-thumbnail","6":"product_cat-liveo","7":"product_cat-vitrines","9":"first","10":"instock","11":"purchasable","12":"product-type-simple"},"_links":{"self":[{"href":"https:\/\/baldumarket.lt\/lt\/wp-json\/wp\/v2\/product\/254925","targetHints":{"allow":["GET"]}}],"collection":[{"href":"https:\/\/baldumarket.lt\/lt\/wp-json\/wp\/v2\/product"}],"about":[{"href":"https:\/\/baldumarket.lt\/lt\/wp-json\/wp\/v2\/types\/product"}],"replies":[{"embeddable":true,"href":"https:\/\/baldumarket.lt\/lt\/wp-json\/wp\/v2\/comments?post=254925"}],"wp:featuredmedia":[{"embeddable":true,"href":"https:\/\/baldumarket.lt\/lt\/wp-json\/wp\/v2\/media\/254926"}],"wp:attachment":[{"href":"https:\/\/baldumarket.lt\/lt\/wp-json\/wp\/v2\/media?parent=254925"}],"wp:term":[{"taxonomy":"product_brand","embeddable":true,"href":"https:\/\/baldumarket.lt\/lt\/wp-json\/wp\/v2\/product_brand?post=254925"},{"taxonomy":"product_cat","embeddable":true,"href":"https:\/\/baldumarket.lt\/lt\/wp-json\/wp\/v2\/product_cat?post=254925"},{"taxonomy":"product_tag","embeddable":true,"href":"https:\/\/baldumarket.lt\/lt\/wp-json\/wp\/v2\/product_tag?post=254925"}],"curies":[{"name":"wp","href":"https:\/\/api.w.org\/{rel}","templated":true}]}}