{"id":254921,"date":"2026-01-10T22:30:48","date_gmt":"2026-01-10T19:30:48","guid":{"rendered":"https:\/\/baldumarket.lt\/product\/lionel-li05-witryna\/"},"modified":"2026-02-11T18:30:59","modified_gmt":"2026-02-11T15:30:59","slug":"lionel-li05-witryna","status":"publish","type":"product","link":"https:\/\/baldumarket.lt\/lt\/product\/lionel-li05-witryna\/","title":{"rendered":"LIONEL LI05 VITRINA"},"content":{"rendered":"<p>\u201eLIONEL LI05\u201c vitrina \u2013 tikras bet kurio svetain\u0117s ar valgomojo akcentas, kuriame dera erdvi komoda ir vitrinos elegancija. Viduje yra kelios erdvios lentynos u\u017e rakinam\u0173 dureli\u0173, kuriose patogu laikyti nam\u0173 baldus. I\u0161 dalies \u012fstiklinta vir\u0161utin\u0117 dalis leid\u017eia eksponuoti ornamentus, nuotraukas ir atminimo daiktus. Stiklin\u0117s dalies viduje galima \u012frengti LED ap\u0161vietim\u0105, sukuriant\u012f unikali\u0105 atmosfer\u0105. Vitrinoje yra standartin\u0117 dureli\u0173 \u0161velnaus u\u017edarymo sistema, u\u017etikrinanti patog\u0173 ir tyl\u0173 u\u017edarym\u0105. Ry\u0161kus fasad\u0173 frezavimas pary\u0161kina bendr\u0105 vitrinos stili\u0173, o ry\u0161kios spalvos sukuria patraukl\u0173, modern\u0173 interjer\u0105. Vitrina idealiai dera su kitais \u201eLIONEL\u201c serijos baldais arba yra atskiras baldas, leid\u017eiantis pritaikyti j\u0105 prie savo kambario interjero.<\/p>\n<p>Plotis 84,5 cm Gylis 40,5 cm Auk\u0161tis 139 cm Produkto svoris su pakuote 55,20 kg Gamintojo kodas \/ simbolis LI05 Kolekcijos pavadinimas LIONEL Pavadinimas b2b sistemoje LIONEL LI-5 \u0105\u017euolo skal\u016bno \/ balta VITRIN\u0116S SPINTEL\u0116S komplektas Produkto pakuo\u010di\u0173 skai\u010dius 3 Stilius Modernus \u012eranga Surinkimo instrukcijos \/ surinkimo priedai Surinkimui Savaranki\u0161kam surinkimui Korpuso spalva Sonoma triufelio \u0105\u017euolas Korpuso med\u017eiaga \/ tipas \/ storis 16 mm baldin\u0117 plok\u0161t\u0117 Vir\u0161utinio korpuso med\u017eiaga \/ tipas \/ storis 16 mm baldin\u0117 plok\u0161t\u0117 Apatinio korpuso med\u017eiaga \/ tipas \/ storis 16 mm baldin\u0117 plok\u0161t\u0117 Lentynos spalva Sonoma triufelio \u0105\u017euolas Lentynos med\u017eiaga \/ tipas \/ storis 16 mm baldin\u0117 plok\u0161t\u0117 Lentyn\u0173 kiekis 5 Galin\u0117s sienel\u0117s med\u017eiaga \/ tipas \/ storis 2,5 mm HDF baldin\u0117 plok\u0161t\u0117 Matomos galin\u0117s sienel\u0117s dalies spalva Sonoma triufelio \u0105\u017euolas Priekin\u0117 spalva Balta Blizgi Priekin\u0117 med\u017eiaga \/ tipas \/ storis 18 mm MDF baldin\u0117 plok\u0161t\u0117 Priekinis vyris \u2300 35 mm, reguliuojamas trijose plok\u0161tumose Priekin\u0117 rankena \/ med\u017eiaga \/ spalva Frezuota \/ Balta blizgi \u012estiklinto priekinio stiklo med\u017eiaga \/ spalva Gr\u016bdintas \/ bespalvis \u012estiklinto priekinio stiklo storis 4 mm \u0160velnaus u\u017edarymo dur\u0173 sistema Standartinis Kojel\u0117 \/ apdaila \/ spalva Nereguliuojama \/ plastikin\u0117 \/ juoda Papildoma koja \/ apdaila \/ spalva Reguliuojama vidurin\u0117 dalis \/ plastikin\u0117 \/ juoda Dureli\u0173 skai\u010dius 4 U\u017edar\u0173 ni\u0161\u0173 skai\u010dius u\u017e priekinio stiklo 1 U\u017edar\u0173 ni\u0161\u0173 skai\u010dius 8<\/p>","protected":false},"excerpt":{"rendered":"<p>\u201eLIONEL LI05\u201c vitrina \u2013 tikras bet kurio svetain\u0117s ar valgomojo akcentas, jungiantis komodos erdvum\u0105 ir vitrinos elegancij\u0105. Viduje yra kelios erdvios lentynos u\u017e u\u017erakinam\u0173 dureli\u0173, leid\u017eian\u010di\u0173 lengvai laikyti nam\u0173 baldus. I\u0161 dalies \u012fstiklinta priekin\u0117 dalis vir\u0161uje [\u2026]<\/p>","protected":false},"featured_media":254922,"comment_status":"open","ping_status":"open","template":"","meta":[],"product_brand":[],"product_cat":[2457,2006],"product_tag":[],"class_list":{"0":"post-254921","1":"product","2":"type-product","3":"status-publish","4":"has-post-thumbnail","6":"product_cat-liveo","7":"product_cat-vitrines","9":"first","10":"instock","11":"purchasable","12":"product-type-simple"},"_links":{"self":[{"href":"https:\/\/baldumarket.lt\/lt\/wp-json\/wp\/v2\/product\/254921","targetHints":{"allow":["GET"]}}],"collection":[{"href":"https:\/\/baldumarket.lt\/lt\/wp-json\/wp\/v2\/product"}],"about":[{"href":"https:\/\/baldumarket.lt\/lt\/wp-json\/wp\/v2\/types\/product"}],"replies":[{"embeddable":true,"href":"https:\/\/baldumarket.lt\/lt\/wp-json\/wp\/v2\/comments?post=254921"}],"wp:featuredmedia":[{"embeddable":true,"href":"https:\/\/baldumarket.lt\/lt\/wp-json\/wp\/v2\/media\/254922"}],"wp:attachment":[{"href":"https:\/\/baldumarket.lt\/lt\/wp-json\/wp\/v2\/media?parent=254921"}],"wp:term":[{"taxonomy":"product_brand","embeddable":true,"href":"https:\/\/baldumarket.lt\/lt\/wp-json\/wp\/v2\/product_brand?post=254921"},{"taxonomy":"product_cat","embeddable":true,"href":"https:\/\/baldumarket.lt\/lt\/wp-json\/wp\/v2\/product_cat?post=254921"},{"taxonomy":"product_tag","embeddable":true,"href":"https:\/\/baldumarket.lt\/lt\/wp-json\/wp\/v2\/product_tag?post=254921"}],"curies":[{"name":"wp","href":"https:\/\/api.w.org\/{rel}","templated":true}]}}