{"id":254915,"date":"2026-01-10T22:30:45","date_gmt":"2026-01-10T19:30:45","guid":{"rendered":"https:\/\/baldumarket.lt\/product\/lionel-li04-kredens\/"},"modified":"2026-02-11T18:30:59","modified_gmt":"2026-02-11T15:30:59","slug":"lionel-li04-kredens","status":"publish","type":"product","link":"https:\/\/baldumarket.lt\/lt\/product\/lionel-li04-kredens\/","title":{"rendered":"LIONEL LI04 indauja"},"content":{"rendered":"<p>LIONEL LI04 indauja \u2013 tai unikalus ir nesenstantis dizaino elementas, puikiai papildantis valgom\u0105j\u012f, svetain\u0119 ar net biur\u0105. Viduje yra erdvios lentynos, kuriose lengva susid\u0117ti \u012fvairius daiktus, o stiklin\u0117s centrin\u0117s durel\u0117s leis pademonstruoti m\u0117gstamiausius stalo \u012frankius. Papildomai galima \u012fsigyti LED ap\u0161vietim\u0105, kuris i\u0161ry\u0161kins j\u016bs\u0173 daikt\u0173 ypatybes ir sukurs unikali\u0105 atmosfer\u0105. Indauja turi \u0161velnaus u\u017edarymo sistem\u0105 (standartin\u0117 komplektacija), kad u\u017esidaryt\u0173 patogiai ir tyliai. Ry\u0161k\u016bs frezavimo ra\u0161tai priekin\u0117se dalyse pary\u0161kina bendr\u0105 indaujas dizain\u0105, o ry\u0161kios spalvos sukuria patraukl\u0173, modern\u0173 interjer\u0105. Indauja idealiai tinka naudoti su kitais LIONEL serijos baldais arba kaip atskiras baldas, prisitaikantis prie j\u016bs\u0173 kambario interjero.<\/p>\n<p>Plotis 150 cm Gylis 40,5 cm Auk\u0161tis 85 cm Produkto svoris su pakuote 44,95 kg Gamintojo kodas \/ simbolis LI04 Kolekcijos pavadinimas LIONEL Pavadinimas b2b sistemoje LIONEL LI-4 \u0105\u017euolo grotel\u0117s\/balta INDAUJA komplektas Produkt\u0173 pakuo\u010di\u0173 skai\u010dius 3 Stilius Modernus \u012eranga Surinkimo instrukcijos \/ surinkimo priedai Surinkimui Savaranki\u0161kam surinkimui Korpuso spalva Sonoma trumfo \u0105\u017euolas Korpuso med\u017eiaga \/ tipas \/ storis 16 mm baldin\u0117 plok\u0161t\u0117 Vir\u0161utinio korpuso vir\u0161utinio sluoksnio med\u017eiaga \/ tipas \/ storis 16 mm baldin\u0117 plok\u0161t\u0117 Apatinio korpuso vir\u0161utinio sluoksnio med\u017eiaga \/ tipas \/ storis 16 mm baldin\u0117 plok\u0161t\u0117 Lentynos spalva Sonoma trumfo \u0105\u017euolas Lentynos med\u017eiaga \/ tipas \/ storis 16 mm baldin\u0117 plok\u0161t\u0117 Lentyn\u0173 kiekis 3 Galin\u0117s sienel\u0117s med\u017eiaga \/ tipas \/ storis 2,5 mm HDF baldin\u0117 plok\u0161t\u0117 Matomos galin\u0117s sienel\u0117s dalies spalva Sonoma trumfo \u0105\u017euolas Priekin\u0117 spalva Balta Blizgi Priekin\u0117 med\u017eiaga \/ tipas \/ storis 18 mm MDF baldin\u0117 plok\u0161t\u0117 Priekinis vyris \u2300 35 mm, reguliuojamas trijose plok\u0161tumose Priekin\u0117 rankena \/ med\u017eiaga \/ spalva Frezuota \/ Balta blizgi \u012estiklinto priekinio stiklo med\u017eiaga \/ spalva Gr\u016bdintas \/ skaidrus \u012estiklinto priekinio stiklo storis 4 mm \u0160velnaus u\u017edarymo dur\u0173 sistema Standartin\u0117 koja \/ apdaila \/ spalva Nereguliuojama \/ plastikin\u0117 \/ juoda Papildoma koja \/ apdaila \/ spalva Reguliuojama vidurin\u0117 dalis \/ plastikin\u0117 \/ juoda Dureli\u0173 skai\u010dius 3 U\u017edar\u0173 ni\u0161\u0173 skai\u010dius u\u017e priekinio stiklo 1 U\u017edar\u0173 ni\u0161\u0173 skai\u010dius 6<\/p>","protected":false},"excerpt":{"rendered":"<p>LIONEL LI04 indauja yra unikalus ir nesenstantis dizaino elementas, kuris puikiai papildys valgom\u0105j\u012f, svetain\u0119 ar net biur\u0105. Viduje yra erdvios lentynos, kuriose lengva susid\u0117ti \u012fvairius daiktus, o stiklin\u0117s centrin\u0117s durys leis jums puikiai matyti m\u0117gstamiausius stalo \u012frankius. Papildomai galima \u012fsigyti LED ap\u0161vietim\u0105, kad b\u016bt\u0173 galima pabr\u0117\u017eti [\u2026]<\/p>","protected":false},"featured_media":254916,"comment_status":"open","ping_status":"open","template":"","meta":[],"product_brand":[],"product_cat":[1173,2457],"product_tag":[],"class_list":{"0":"post-254915","1":"product","2":"type-product","3":"status-publish","4":"has-post-thumbnail","6":"product_cat-chests-of-drawers","7":"product_cat-liveo","9":"first","10":"instock","11":"purchasable","12":"product-type-simple"},"_links":{"self":[{"href":"https:\/\/baldumarket.lt\/lt\/wp-json\/wp\/v2\/product\/254915","targetHints":{"allow":["GET"]}}],"collection":[{"href":"https:\/\/baldumarket.lt\/lt\/wp-json\/wp\/v2\/product"}],"about":[{"href":"https:\/\/baldumarket.lt\/lt\/wp-json\/wp\/v2\/types\/product"}],"replies":[{"embeddable":true,"href":"https:\/\/baldumarket.lt\/lt\/wp-json\/wp\/v2\/comments?post=254915"}],"wp:featuredmedia":[{"embeddable":true,"href":"https:\/\/baldumarket.lt\/lt\/wp-json\/wp\/v2\/media\/254916"}],"wp:attachment":[{"href":"https:\/\/baldumarket.lt\/lt\/wp-json\/wp\/v2\/media?parent=254915"}],"wp:term":[{"taxonomy":"product_brand","embeddable":true,"href":"https:\/\/baldumarket.lt\/lt\/wp-json\/wp\/v2\/product_brand?post=254915"},{"taxonomy":"product_cat","embeddable":true,"href":"https:\/\/baldumarket.lt\/lt\/wp-json\/wp\/v2\/product_cat?post=254915"},{"taxonomy":"product_tag","embeddable":true,"href":"https:\/\/baldumarket.lt\/lt\/wp-json\/wp\/v2\/product_tag?post=254915"}],"curies":[{"name":"wp","href":"https:\/\/api.w.org\/{rel}","templated":true}]}}