{"id":254909,"date":"2026-01-10T22:30:43","date_gmt":"2026-01-10T19:30:43","guid":{"rendered":"https:\/\/baldumarket.lt\/product\/lionel-li03-komoda\/"},"modified":"2026-02-11T18:30:59","modified_gmt":"2026-02-11T15:30:59","slug":"lionel-li03-komoda","status":"publish","type":"product","link":"https:\/\/baldumarket.lt\/lt\/product\/lionel-li03-komoda\/","title":{"rendered":"LIONEL LI03 komoda"},"content":{"rendered":"<p>Eleganti\u0161ka, \u0161viesi ir erdvi komoda LIONEL LI03 \u2013 puikus baldas svetainei ar miegamajam. Viduje yra trys spintel\u0117s su lentynomis ir du erdv\u016bs stal\u010diai. Vietos pakanka patogiai laikyti drabu\u017eiams, dokumentams ir kitiems naudingiems daiktams. J\u0105 taip pat galite papuo\u0161ti m\u0117gstamomis knygomis ir kitais papuo\u0161alais. Tai puikus stiliaus ir funkcionalumo derinys. Komoda turi standartin\u0119 \u0161velnaus u\u017edarymo sistem\u0105, u\u017etikrinan\u010di\u0105 patog\u0173 ir tyl\u0173 u\u017edarym\u0105. Ry\u0161k\u016bs frezavimo angos fasaduose pary\u0161kina bendr\u0105 komodos dizain\u0105, o ry\u0161kios spalvos sukuria patraukl\u0173, modern\u0173 interjer\u0105. Komoda idealiai tinka derinti su kitais LIONEL serijos baldais arba kaip atskiras baldas, prisitaikantis prie j\u016bs\u0173 kambario interjero.<\/p>\n<p>Plotis 150 cm Gylis 40,5 cm Auk\u0161tis 85 cm Produkto svoris su pakuote 57,35 kg Gamintojo kodas \/ simbolis LI03 Kolekcijos pavadinimas LIONEL Pavadinimas b2b sistemoje LIONEL LI-3 \u0105\u017euolo spalvos, r\/b balta KOMODOS komplektas Produkto pakuo\u010di\u0173 skai\u010dius 3 Stilius Moderni \u012franga Surinkimo instrukcijos \/ surinkimo priedai Surinkimui Savaranki\u0161kam surinkimui Korpuso spalva: triufeli\u0173 spalvos sonoma \u0105\u017euolas Korpuso med\u017eiaga \/ tipas \/ storis: 16 mm baldin\u0117 plok\u0161t\u0117 Vir\u0161utinio korpuso med\u017eiaga \/ tipas \/ storis: 16 mm baldin\u0117 plok\u0161t\u0117 Apatinio korpuso med\u017eiaga \/ tipas \/ storis: 16 mm baldin\u0117 plok\u0161t\u0117 Lentyn\u0173 spalva: triufeli\u0173 spalvos sonoma \u0105\u017euolas Lentyn\u0173 med\u017eiaga \/ tipas \/ storis: 16 mm baldin\u0117 plok\u0161t\u0117 Lentyn\u0173 kiekis 3 Galin\u0117s sienel\u0117s med\u017eiaga \/ tipas \/ storis: 2,5 mm HDF baldin\u0117 plok\u0161t\u0117 Galin\u0117s sienel\u0117s \u2013 matomos dalies spalva: triufeli\u0173 spalvos sonoma \u0105\u017euolas Priekin\u0117s spalvos: Blizgi balta Priekin\u0117s med\u017eiagos \/ tipas \/ storis: 18 mm MDF baldin\u0117 plok\u0161t\u0117 Priekinis vyris \u2300 35 mm, reguliuojamas trijose plok\u0161tumose Priekin\u0117 rankena \/ med\u017eiaga \/ spalva: Frezuota \/ Blizgi balta \u0160velniai u\u017esidaranti dur\u0173 sistema Standartin\u0117 \u0160velnaus u\u017edarymo stal\u010di\u0173 sistema Standartiniai b\u0117geliai QUADRO 25 stal\u010diai Kojel\u0117 \/ apdaila \/ spalva Nereguliuojama \/ plastikin\u0117 \/ juoda Papildoma kojel\u0117 \/ apdaila \/ spalva Reguliuojama vidurin\u0117 dalis \/ plastikin\u0117 \/ juoda Dureli\u0173 skai\u010dius 3 Stal\u010di\u0173 skai\u010dius 2 U\u017edar\u0173 ni\u0161\u0173 skai\u010dius 6<\/p>","protected":false},"excerpt":{"rendered":"<p>Eleganti\u0161ka, \u0161viesi ir erdvi LIONEL LI03 komoda \u2013 puikus baldas svetainei ar miegamajam. Viduje yra trys spintel\u0117s su lentynomis ir du erdv\u016bs stal\u010diai. \u010cia pakankamai vietos patogiai laikyti drabu\u017eius, dokumentus ir kitus naudingus daiktus. J\u0105 taip pat galite papuo\u0161ti m\u0117gstamomis knygomis ir [\u2026]<\/p>","protected":false},"featured_media":254910,"comment_status":"open","ping_status":"open","template":"","meta":[],"product_brand":[],"product_cat":[1173,2457],"product_tag":[],"class_list":{"0":"post-254909","1":"product","2":"type-product","3":"status-publish","4":"has-post-thumbnail","6":"product_cat-chests-of-drawers","7":"product_cat-liveo","9":"first","10":"instock","11":"purchasable","12":"product-type-simple"},"_links":{"self":[{"href":"https:\/\/baldumarket.lt\/lt\/wp-json\/wp\/v2\/product\/254909","targetHints":{"allow":["GET"]}}],"collection":[{"href":"https:\/\/baldumarket.lt\/lt\/wp-json\/wp\/v2\/product"}],"about":[{"href":"https:\/\/baldumarket.lt\/lt\/wp-json\/wp\/v2\/types\/product"}],"replies":[{"embeddable":true,"href":"https:\/\/baldumarket.lt\/lt\/wp-json\/wp\/v2\/comments?post=254909"}],"wp:featuredmedia":[{"embeddable":true,"href":"https:\/\/baldumarket.lt\/lt\/wp-json\/wp\/v2\/media\/254910"}],"wp:attachment":[{"href":"https:\/\/baldumarket.lt\/lt\/wp-json\/wp\/v2\/media?parent=254909"}],"wp:term":[{"taxonomy":"product_brand","embeddable":true,"href":"https:\/\/baldumarket.lt\/lt\/wp-json\/wp\/v2\/product_brand?post=254909"},{"taxonomy":"product_cat","embeddable":true,"href":"https:\/\/baldumarket.lt\/lt\/wp-json\/wp\/v2\/product_cat?post=254909"},{"taxonomy":"product_tag","embeddable":true,"href":"https:\/\/baldumarket.lt\/lt\/wp-json\/wp\/v2\/product_tag?post=254909"}],"curies":[{"name":"wp","href":"https:\/\/api.w.org\/{rel}","templated":true}]}}