{"id":254902,"date":"2026-01-10T22:30:40","date_gmt":"2026-01-10T19:30:40","guid":{"rendered":"https:\/\/baldumarket.lt\/product\/lionel-li02-komoda\/"},"modified":"2026-02-11T18:30:59","modified_gmt":"2026-02-11T15:30:59","slug":"lionel-li02-komoda","status":"publish","type":"product","link":"https:\/\/baldumarket.lt\/lt\/product\/lionel-li02-komoda\/","title":{"rendered":"LIONEL LI02 komoda"},"content":{"rendered":"<p>Komoda \u201eLIONEL LI02\u201c yra kompakti\u0161ko dizaino, puikiai tiks svetain\u0117je arba miegamajame. Komoda turi dvejas dureles su dviem lentynomis ir vien\u0105 erdv\u0173 stal\u010di\u0173. Toks dizainas leid\u017eia efektyviai organizuoti daiktus. Komoda turi \u0161velnaus u\u017edarymo sistem\u0105 (standartin\u0117), kad u\u017esidaryt\u0173 patogiai ir tyliai. Ry\u0161k\u016bs frezuoti fasadai pary\u0161kina bendr\u0105 komodos stili\u0173, o ry\u0161kios spalvos sukuria patraukl\u0173, modern\u0173 interjer\u0105. Komoda idealiai tinka derinti su kitais \u201eLIONEL\u201c serijos baldais arba kaip atskiras baldas, leid\u017eiantis j\u0105 pritaikyti prie savo kambario interjero.<\/p>\n<p>Plotis 90 cm Gylis 40,5 cm Auk\u0161tis 85 cm Produkto svoris su pakuote 36,30 kg Gamintojo kodas \/ simbolis LI02 Kolekcijos pavadinimas LIONEL Pavadinimas b2b sistemoje LIONEL LI-2 \u0105\u017euolo spalvos, r\/b balta KOMODOS komplektas Produkto pakuo\u010di\u0173 skai\u010dius 2 Stilius Moderni \u012franga Surinkimo instrukcijos \/ surinkimo priedai Surinkimui Savaranki\u0161kam surinkimui Korpuso spalva: triufeli\u0173 spalvos sonoma \u0105\u017euolas Korpuso med\u017eiaga \/ tipas \/ storis: 16 mm baldin\u0117 plok\u0161t\u0117 Vir\u0161utinio korpuso med\u017eiaga \/ tipas \/ storis: 16 mm baldin\u0117 plok\u0161t\u0117 Apatinio korpuso med\u017eiaga \/ tipas \/ storis: 16 mm baldin\u0117 plok\u0161t\u0117 Lentyn\u0173 spalva: triufeli\u0173 spalvos sonoma \u0105\u017euolas Lentyn\u0173 med\u017eiaga \/ tipas \/ storis: 16 mm baldin\u0117 plok\u0161t\u0117 Lentyn\u0173 kiekis 2 Galin\u0117s sienel\u0117s med\u017eiaga \/ tipas \/ storis: 2,5 mm HDF baldin\u0117 plok\u0161t\u0117 Galin\u0117s sienel\u0117s \u2013 matomos dalies spalva: triufeli\u0173 spalvos sonoma \u0105\u017euolas Priekin\u0117s spalvos: blizgi balta Priekin\u0117s med\u017eiagos \/ tipas \/ storis: 18 mm MDF baldin\u0117 plok\u0161t\u0117 Priekinis vyris \u2300 35 mm, reguliuojamas trijose plok\u0161tumose Priekin\u0117 rankena \/ med\u017eiaga \/ spalva: frezuota \/ blizgi balta \u0160velnaus u\u017edarymo dur\u0173 sistema \u012eeina \u012f standartin\u0119 komplektacij\u0105 \u0160velnaus u\u017edarymo stal\u010di\u0173 sistema Standarti\u0161kai komplektuojama B\u0117geliai QUADRO 25 stal\u010diai Kojel\u0117 \/ apdaila \/ spalva Nereguliuojama \/ plastikin\u0117 \/ juoda Papildoma kojel\u0117 \/ apdaila \/ spalva Reguliuojama vidurin\u0117 dalis \/ plastikin\u0117 \/ juoda Dureli\u0173 skai\u010dius 2 Stal\u010di\u0173 skai\u010dius 1 U\u017edar\u0173 ni\u0161\u0173 skai\u010dius 4<\/p>","protected":false},"excerpt":{"rendered":"<p>Komoda \u201eLIONEL LI02\u201c yra kompakti\u0161ko dizaino, puikiai tiksiantis svetain\u0117je arba miegamajame. Komoda turi dvejas dureles su dviem lentynomis ir vien\u0105 erdv\u0173 stal\u010di\u0173. Toks dizainas leid\u017eia efektyviai organizuoti daiktus. Komoda turi \u0161velnaus u\u017edarymo sistem\u0105 (standartin\u0117), kad b\u016bt\u0173 patogu ir [\u2026]<\/p>","protected":false},"featured_media":254903,"comment_status":"open","ping_status":"open","template":"","meta":[],"product_brand":[],"product_cat":[1173,2457],"product_tag":[],"class_list":{"0":"post-254902","1":"product","2":"type-product","3":"status-publish","4":"has-post-thumbnail","6":"product_cat-chests-of-drawers","7":"product_cat-liveo","9":"first","10":"instock","11":"purchasable","12":"product-type-simple"},"_links":{"self":[{"href":"https:\/\/baldumarket.lt\/lt\/wp-json\/wp\/v2\/product\/254902","targetHints":{"allow":["GET"]}}],"collection":[{"href":"https:\/\/baldumarket.lt\/lt\/wp-json\/wp\/v2\/product"}],"about":[{"href":"https:\/\/baldumarket.lt\/lt\/wp-json\/wp\/v2\/types\/product"}],"replies":[{"embeddable":true,"href":"https:\/\/baldumarket.lt\/lt\/wp-json\/wp\/v2\/comments?post=254902"}],"wp:featuredmedia":[{"embeddable":true,"href":"https:\/\/baldumarket.lt\/lt\/wp-json\/wp\/v2\/media\/254903"}],"wp:attachment":[{"href":"https:\/\/baldumarket.lt\/lt\/wp-json\/wp\/v2\/media?parent=254902"}],"wp:term":[{"taxonomy":"product_brand","embeddable":true,"href":"https:\/\/baldumarket.lt\/lt\/wp-json\/wp\/v2\/product_brand?post=254902"},{"taxonomy":"product_cat","embeddable":true,"href":"https:\/\/baldumarket.lt\/lt\/wp-json\/wp\/v2\/product_cat?post=254902"},{"taxonomy":"product_tag","embeddable":true,"href":"https:\/\/baldumarket.lt\/lt\/wp-json\/wp\/v2\/product_tag?post=254902"}],"curies":[{"name":"wp","href":"https:\/\/api.w.org\/{rel}","templated":true}]}}