{"id":254896,"date":"2026-01-10T22:30:37","date_gmt":"2026-01-10T19:30:37","guid":{"rendered":"https:\/\/baldumarket.lt\/product\/lionel-li01-rtv\/"},"modified":"2026-02-11T18:30:59","modified_gmt":"2026-02-11T15:30:59","slug":"lionel-li01-rtv","status":"publish","type":"product","link":"https:\/\/baldumarket.lt\/lt\/product\/lionel-li01-rtv\/","title":{"rendered":"LIONEL LI01 RTV"},"content":{"rendered":"<p>\u201eLIONEL LI01\u201c televizoriaus staliukas puikiai tiks moderniu stiliumi dekoruotai svetainei ar poilsio kambariui. Viduje \u012fleid\u017eiamos ertm\u0117s \u012fmontuotoje dalyje, erdvus stal\u010dius ir lentyna leis susitvarkyti svarbiausius aksesuarus ir \u012frenginius. Didelis stalvir\u0161is leid\u017eia ne tik pasid\u0117ti televizori\u0173, bet ir eksponuoti gra\u017eius dekoracijos elementus. Stovas turi standartin\u0119 \u0161velnaus u\u017edarymo sistem\u0105 durel\u0117ms ir stal\u010diams, kad jie u\u017esidaryt\u0173 patogiai ir tyliai. Ry\u0161k\u016bs fasad\u0173 frezavimai pary\u0161kina bendr\u0105 stovo stili\u0173, o ry\u0161kios spalvos sukuria patraukl\u0173, modern\u0173 interjer\u0105. Televizoriaus staliukas idealiai tinka naudoti su kitais \u201eLIONEL\u201c serijos baldais arba kaip atskiras baldas, prisitaikantis prie j\u016bs\u0173 kambario interjero.<\/p>\n<p>Plotis 150 cm Gylis 47 cm Auk\u0161tis 43 cm Produkto svoris su pakuote 35,45 kg Gamintojo kodas \/ simbolis LI01 Kolekcijos pavadinimas LIONEL Pavadinimas b2b sistemoje LIONEL LI-1 \u0105\u017euolo skal\u016bno \/ baltos spalvos RTV komplektas Produkto pakuo\u010di\u0173 skai\u010dius 2 Stilius Moderni \u012franga Surinkimo instrukcijos \/ surinkimo priedai Surinkimas Savaranki\u0161kam surinkimui Korpuso spalva Sonoma Truffle Oak Korpuso apdailos med\u017eiaga \/ tipas \/ storis 16 mm bald\u0173 plok\u0161t\u0117 Vir\u0161utin\u0117 korpuso apdaila \/ med\u017eiaga \/ tipas \/ storis 16 mm bald\u0173 plok\u0161t\u0117 Apatin\u0117 korpuso apdaila \/ med\u017eiaga \/ tipas \/ storis 16 mm bald\u0173 plok\u0161t\u0117 Galin\u0117s sienel\u0117s apdailos med\u017eiaga \/ tipas \/ storis 2,5 mm HDF bald\u0173 plok\u0161t\u0117 Galin\u0117s sienel\u0117s matomos dalies spalva Sonoma Truffle Oak Priekin\u0117 spalva Balta blizgi Priekin\u0117s apdailos med\u017eiaga \/ tipas \/ storis 18 mm MDF bald\u0173 plok\u0161t\u0117 Priekinis vyris \u2300 35 mm, reguliuojamas trijose plok\u0161tumose Priekin\u0117 rankena \/ apdaila \/ spalva Frezuota \/ Balta blizgi \u0160velniai u\u017esidaranti dureli\u0173 sistema Standarti\u0161kai \u0160velniai u\u017esidaranti stal\u010di\u0173 sistema Standarti\u0161kai QUADRO 25 stal\u010di\u0173 b\u0117geliai Kojel\u0117 \/ apdaila \/ spalva Nereguliuojama \/ plastikin\u0117 \/ juoda Papildoma koja \/ apdaila \/ spalva Reguliuojamas vidurys \/ plastikinis \/ juodas Dureli\u0173 skai\u010dius 2 Stal\u010di\u0173 skai\u010dius 1 Atvir\u0173 ni\u0161\u0173 skai\u010dius 1 U\u017edar\u0173 ni\u0161\u0173 skai\u010dius 2<\/p>","protected":false},"excerpt":{"rendered":"<p>\u201eLIONEL LI01\u201c televizoriaus staliukas puikiai tiks moderniu stiliumi dekoruotai svetainei ar poilsio kambariui. Viduje \u012fleid\u017eiamos ertm\u0117s \u012fmontuotoje dalyje, erdvus stal\u010dius ir lentyna leis susitvarkyti svarbiausius aksesuarus ir \u012frenginius. Didelis stalvir\u0161is leid\u017eia pastatyti televizori\u0173, bet taip pat gali b\u016bti [\u2026]<\/p>","protected":false},"featured_media":254897,"comment_status":"open","ping_status":"open","template":"","meta":[],"product_brand":[],"product_cat":[2457,1175],"product_tag":[],"class_list":{"0":"post-254896","1":"product","2":"type-product","3":"status-publish","4":"has-post-thumbnail","6":"product_cat-liveo","7":"product_cat-tv-stands","9":"first","10":"instock","11":"purchasable","12":"product-type-simple"},"_links":{"self":[{"href":"https:\/\/baldumarket.lt\/lt\/wp-json\/wp\/v2\/product\/254896","targetHints":{"allow":["GET"]}}],"collection":[{"href":"https:\/\/baldumarket.lt\/lt\/wp-json\/wp\/v2\/product"}],"about":[{"href":"https:\/\/baldumarket.lt\/lt\/wp-json\/wp\/v2\/types\/product"}],"replies":[{"embeddable":true,"href":"https:\/\/baldumarket.lt\/lt\/wp-json\/wp\/v2\/comments?post=254896"}],"wp:featuredmedia":[{"embeddable":true,"href":"https:\/\/baldumarket.lt\/lt\/wp-json\/wp\/v2\/media\/254897"}],"wp:attachment":[{"href":"https:\/\/baldumarket.lt\/lt\/wp-json\/wp\/v2\/media?parent=254896"}],"wp:term":[{"taxonomy":"product_brand","embeddable":true,"href":"https:\/\/baldumarket.lt\/lt\/wp-json\/wp\/v2\/product_brand?post=254896"},{"taxonomy":"product_cat","embeddable":true,"href":"https:\/\/baldumarket.lt\/lt\/wp-json\/wp\/v2\/product_cat?post=254896"},{"taxonomy":"product_tag","embeddable":true,"href":"https:\/\/baldumarket.lt\/lt\/wp-json\/wp\/v2\/product_tag?post=254896"}],"curies":[{"name":"wp","href":"https:\/\/api.w.org\/{rel}","templated":true}]}}