{"id":254889,"date":"2026-01-10T22:30:34","date_gmt":"2026-01-10T19:30:34","guid":{"rendered":"https:\/\/baldumarket.lt\/product\/la13-lawostol-rozkladany-z-mechaniczna-regulacja-wysokosci-blatu\/"},"modified":"2026-02-11T18:31:00","modified_gmt":"2026-02-11T15:31:00","slug":"la13-lawostol-rozkladany-z-mechaniczna-regulacja-wysokosci-blatu","status":"publish","type":"product","link":"https:\/\/baldumarket.lt\/lt\/product\/la13-lawostol-rozkladany-z-mechaniczna-regulacja-wysokosci-blatu\/","title":{"rendered":"LA13 I\u0160PL\u0116STAMAS KAVOS STALIUKAS SU MECHANINIU STALVIR\u0160IAUS AUK\u0160\u010cIO REGULIAVIMU"},"content":{"rendered":"<p>I\u0161traukiamas kavos staliukas LA13 \u2013 puikus sprendimas tiems, kurie vertina funkcionalum\u0105 ir stili\u0173 ma\u017eose erdv\u0117se. D\u0117l inovatyvios auk\u0161\u010dio reguliavimo sistemos stal\u0105 galima lengvai pritaikyti \u012fvairiems poreikiams, transformuojant j\u012f i\u0161 \u017eemo kavos staliuko \u012f auk\u0161tesn\u012f valgomojo stal\u0105. I\u0161traukiamas mechanizmas suteikia papildomos erdv\u0117s, puikiai tinkan\u010dios tiek kasdieniam naudojimui, tiek didesniems susib\u016brimams. Eleganti\u0161kos kremonos \u0105\u017euolo \/ juodos spalvos LA13 kavos staliukas puikiai dera prie \u012fvairi\u0173 interjero dizain\u0173. Pagamintas i\u0161 auk\u0161tos kokyb\u0117s med\u017eiag\u0173, jis derina patvarum\u0105 su moderniu dizainu, si\u016blydamas prakti\u0161k\u0105 ir esteti\u0161k\u0105 sprendim\u0105 bet kokiai erdvei.<\/p>\n<p>I\u0161traukiama TAIP \u012ed\u0117kl\u0173 skai\u010dius 1 Plotis 67,5 cm Ilgis 126 cm Ilgis po i\u0161skleidimo 160 cm Auk\u0161tis 59,5 cm Auk\u0161tis po i\u0161skleidimo 75 cm Stalvir\u0161io auk\u0161\u010dio reguliavimo diapazonas 15,5 cm Produkto svoris su pakuote 52,70 kg Gamintojo kodas \/ simbolis LA13 Pavadinimas b2b sistemoje REGULIUOJAMAS KAVOS STALIUKAS LA13 \u0104\u017dUOLO KREMIN\u0116 KOTTA\/\u010cESNAKO SPALVOS komplektas Produkto pakuo\u010di\u0173 skai\u010dius 4 Stilius UNIVERSAL \u012eranga Surinkimo instrukcijos \/ surinkimo priedai Surinkimas Savaranki\u0161kam surinkimui Spalvos Kremonos kota \u0105\u017euolas \/ Juoda Stalvir\u0161io med\u017eiaga \/ tipas \/ storis 28 mm baldin\u0117 lenta R\u0117mo med\u017eiaga \/ tipas \/ storis 16 mm baldin\u0117 lenta \/ 28 mm baldin\u0117 lenta Kolonos med\u017eiaga \/ tipas \/ storis 16 mm baldin\u0117 lenta \/ lentjuost\u0117s 16 mm MDF baldin\u0117 lenta Kolonos pagrindo med\u017eiaga \/ tipas \/ storis 28 mm baldin\u0117 lenta Kojel\u0117 \/ med\u017eiaga \/ spalva Nereguliuojama \/ Bald\u0173 slydiklis \/ plastikas \/ Juoda<\/p>","protected":false},"excerpt":{"rendered":"<p>I\u0161traukiamas kavos staliukas LA13 yra puikus sprendimas tiems, kurie vertina funkcionalum\u0105 ir stili\u0173 ma\u017eose erdv\u0117se. D\u0117l inovatyvios auk\u0161\u010dio reguliavimo sistemos stal\u0105 galima lengvai pritaikyti \u012fvairiems poreikiams, transformuojant j\u012f i\u0161 \u017eemo kavos staliuko \u012f auk\u0161tesn\u012f valgomojo stal\u0105. I\u0161traukiamas mechanizmas suteikia papildomos erdv\u0117s, puikiai tinka [\u2026]<\/p>","protected":false},"featured_media":254890,"comment_status":"open","ping_status":"open","template":"","meta":[],"product_brand":[],"product_cat":[866,2457],"product_tag":[],"class_list":{"0":"post-254889","1":"product","2":"type-product","3":"status-publish","4":"has-post-thumbnail","6":"product_cat-coffee-tables","7":"product_cat-liveo","9":"first","10":"instock","11":"purchasable","12":"product-type-simple"},"_links":{"self":[{"href":"https:\/\/baldumarket.lt\/lt\/wp-json\/wp\/v2\/product\/254889","targetHints":{"allow":["GET"]}}],"collection":[{"href":"https:\/\/baldumarket.lt\/lt\/wp-json\/wp\/v2\/product"}],"about":[{"href":"https:\/\/baldumarket.lt\/lt\/wp-json\/wp\/v2\/types\/product"}],"replies":[{"embeddable":true,"href":"https:\/\/baldumarket.lt\/lt\/wp-json\/wp\/v2\/comments?post=254889"}],"wp:featuredmedia":[{"embeddable":true,"href":"https:\/\/baldumarket.lt\/lt\/wp-json\/wp\/v2\/media\/254890"}],"wp:attachment":[{"href":"https:\/\/baldumarket.lt\/lt\/wp-json\/wp\/v2\/media?parent=254889"}],"wp:term":[{"taxonomy":"product_brand","embeddable":true,"href":"https:\/\/baldumarket.lt\/lt\/wp-json\/wp\/v2\/product_brand?post=254889"},{"taxonomy":"product_cat","embeddable":true,"href":"https:\/\/baldumarket.lt\/lt\/wp-json\/wp\/v2\/product_cat?post=254889"},{"taxonomy":"product_tag","embeddable":true,"href":"https:\/\/baldumarket.lt\/lt\/wp-json\/wp\/v2\/product_tag?post=254889"}],"curies":[{"name":"wp","href":"https:\/\/api.w.org\/{rel}","templated":true}]}}