{"id":254885,"date":"2026-01-10T22:30:31","date_gmt":"2026-01-10T19:30:31","guid":{"rendered":"https:\/\/baldumarket.lt\/product\/la11-lawa-2\/"},"modified":"2026-02-11T18:31:00","modified_gmt":"2026-02-11T15:31:00","slug":"la11-lawa-2","status":"publish","type":"product","link":"https:\/\/baldumarket.lt\/lt\/product\/la11-lawa-2\/","title":{"rendered":"LA11 SUOLAS"},"content":{"rendered":"<p>Pristatome LA11 Cremona Oak kavos staliuk\u0105, kuris derina funkcionalum\u0105 ir eleganti\u0161k\u0105 dizain\u0105, puikiai papildydamas j\u016bs\u0173 svetain\u0119. Pagamintas i\u0161 auk\u0161tos kokyb\u0117s med\u017eiag\u0173, LA11 kavos staliukas u\u017etikrina patvarum\u0105 ir ilgaam\u017ei\u0161kum\u0105. Gra\u017ei Cremona Oak apdaila suteikia \u0161ilumos ir nat\u016bralaus \u017eavesio bet kuriai erdvei, skland\u017eiai dera prie \u012fvairi\u0173 interjero stili\u0173. D\u0117l prakti\u0161ko dizaino LA11 kavos staliukas turi patog\u0173 pavir\u0161i\u0173, idealiai tinkant\u012f g\u0117rimams, u\u017ekand\u017eiams ar \u017eurnalams laikyti.<\/p>\n<p>I\u0161traukiamas NE Plotis 67,5 cm Ilgis 101,5 cm Auk\u0161tis 48 cm Produkto svoris su pakuote 22,34 kg Gamintojo kodas \/ simbolis LA11 Pavadinimas b2b sistemoje LA11 CREMONA \u0104\u017dUOLO KAVOS STALIUKO komplektas Produkto pakuo\u010di\u0173 skai\u010dius 2 Stilius UNIVERSAL \u012eranga Surinkimo instrukcijos \/ surinkimo priedai Surinkimas Savaranki\u0161kam surinkimui Spalva Cremona \u0105\u017euolas Stalvir\u0161io med\u017eiaga \/ tipas \/ storis 28 mm baldin\u0117 lenta R\u0117mo med\u017eiaga \/ tipas \/ storis 16 mm baldin\u0117 lenta Kojeli\u0173 med\u017eiaga \/ tipas \/ storis 16 mm baldin\u0117 lenta Kojel\u0117 \/ med\u017eiaga \/ spalva Nereguliuojama \/ Bald\u0173 slydiklis \/ plastikas \/ Juoda<\/p>","protected":false},"excerpt":{"rendered":"<p>Pristatome LA11 Cremona Oak kavos staliuk\u0105, kuris derina funkcionalum\u0105 ir eleganti\u0161k\u0105 dizain\u0105, puikiai papildydamas j\u016bs\u0173 svetain\u0119. Pagamintas i\u0161 auk\u0161tos kokyb\u0117s med\u017eiag\u0173, LA11 kavos staliukas u\u017etikrina patvarum\u0105 ir ilgaam\u017ei\u0161kum\u0105. Gra\u017ei Cremona Oak apdaila suteikia \u0161ilumos ir nat\u016bralaus \u017eavesio bet kuriai erdvei, skland\u017eiai der\u0117dama prie \u012fvairi\u0173 interjero [\u2026]<\/p>","protected":false},"featured_media":252587,"comment_status":"open","ping_status":"open","template":"","meta":[],"product_brand":[],"product_cat":[866,2457],"product_tag":[],"class_list":{"0":"post-254885","1":"product","2":"type-product","3":"status-publish","4":"has-post-thumbnail","6":"product_cat-coffee-tables","7":"product_cat-liveo","9":"first","10":"instock","11":"purchasable","12":"product-type-simple"},"_links":{"self":[{"href":"https:\/\/baldumarket.lt\/lt\/wp-json\/wp\/v2\/product\/254885","targetHints":{"allow":["GET"]}}],"collection":[{"href":"https:\/\/baldumarket.lt\/lt\/wp-json\/wp\/v2\/product"}],"about":[{"href":"https:\/\/baldumarket.lt\/lt\/wp-json\/wp\/v2\/types\/product"}],"replies":[{"embeddable":true,"href":"https:\/\/baldumarket.lt\/lt\/wp-json\/wp\/v2\/comments?post=254885"}],"wp:featuredmedia":[{"embeddable":true,"href":"https:\/\/baldumarket.lt\/lt\/wp-json\/wp\/v2\/media\/252587"}],"wp:attachment":[{"href":"https:\/\/baldumarket.lt\/lt\/wp-json\/wp\/v2\/media?parent=254885"}],"wp:term":[{"taxonomy":"product_brand","embeddable":true,"href":"https:\/\/baldumarket.lt\/lt\/wp-json\/wp\/v2\/product_brand?post=254885"},{"taxonomy":"product_cat","embeddable":true,"href":"https:\/\/baldumarket.lt\/lt\/wp-json\/wp\/v2\/product_cat?post=254885"},{"taxonomy":"product_tag","embeddable":true,"href":"https:\/\/baldumarket.lt\/lt\/wp-json\/wp\/v2\/product_tag?post=254885"}],"curies":[{"name":"wp","href":"https:\/\/api.w.org\/{rel}","templated":true}]}}