{"id":254875,"date":"2026-01-10T22:30:25","date_gmt":"2026-01-10T19:30:25","guid":{"rendered":"https:\/\/baldumarket.lt\/product\/la09-lawa\/"},"modified":"2026-02-11T18:31:00","modified_gmt":"2026-02-11T15:31:00","slug":"la09-lawa","status":"publish","type":"product","link":"https:\/\/baldumarket.lt\/lt\/product\/la09-lawa\/","title":{"rendered":"LA09 SUOLAS"},"content":{"rendered":"<p>LA09 kavos staliukas \u2013 eleganti\u0161kas sprendimas svetainei ar valgomajam. Sta\u010diakampis stalvir\u0161is suteikia unikalaus charakterio, puikiai tinka patiekti aromating\u0105 kav\u0105 ir gard\u017eius sausainius. Staliukas, pagrindas ir kojel\u0117s yra tos pa\u010dios akmens \u0105\u017euolo spalvos. Kavos staliukas puikiai dera su kitais ATE serijos baldais arba gali b\u016bti naudojamas kaip atskiras baldas, prisitaikantis prie j\u016bs\u0173 kambario dizaino.<\/p>\n<p>I\u0161traukiamas NE Plotis 67,5 cm Ilgis 101,5 cm Auk\u0161tis 48 cm Produkto svoris su pakuote 23,00 kg Gamintojo kodas \/ simbolis LA09 Pavadinimas b2b sistemoje LA09 AKMENINIO \u0104\u017dUOLO KAVOS STALIUKO KOMPLEKTAS Produkto pakuo\u010di\u0173 skai\u010dius 2 Stilius UNIVERSAL \u012eranga Surinkimo instrukcijos \/ surinkimo priedai Surinkimas Savaranki\u0161kam surinkimui Spalvos Akmens \u0105\u017euolas Stalvir\u0161io med\u017eiaga \/ tipas \/ storis 32 mm baldin\u0117 lenta R\u0117mo med\u017eiaga \/ tipas \/ storis 16 mm baldin\u0117 lenta Kojeli\u0173 med\u017eiaga \/ tipas \/ storis 16 mm baldin\u0117 lenta Kojel\u0117 \/ med\u017eiaga \/ spalva Nereguliuojama \/ Bald\u0173 b\u0117geliai \/ plastikas \/ Juoda<\/p>","protected":false},"excerpt":{"rendered":"<p>LA09 kavos staliukas \u2013 eleganti\u0161kas sprendimas svetainei ar valgomajam. Sta\u010diakampis stalvir\u0161is suteikia unikalaus charakterio, puikiai tinka patiekti aromating\u0105 kav\u0105 ir gard\u017eius sausainius. Staliukas, pagrindas ir kojel\u0117s yra tos pa\u010dios akmens \u0105\u017euolo spalvos. Kavos staliukas puikiai dera su kitais ATE [\u2026] baldais.<\/p>","protected":false},"featured_media":252728,"comment_status":"open","ping_status":"open","template":"","meta":[],"product_brand":[],"product_cat":[866,2457],"product_tag":[],"class_list":{"0":"post-254875","1":"product","2":"type-product","3":"status-publish","4":"has-post-thumbnail","6":"product_cat-coffee-tables","7":"product_cat-liveo","9":"first","10":"instock","11":"purchasable","12":"product-type-simple"},"_links":{"self":[{"href":"https:\/\/baldumarket.lt\/lt\/wp-json\/wp\/v2\/product\/254875","targetHints":{"allow":["GET"]}}],"collection":[{"href":"https:\/\/baldumarket.lt\/lt\/wp-json\/wp\/v2\/product"}],"about":[{"href":"https:\/\/baldumarket.lt\/lt\/wp-json\/wp\/v2\/types\/product"}],"replies":[{"embeddable":true,"href":"https:\/\/baldumarket.lt\/lt\/wp-json\/wp\/v2\/comments?post=254875"}],"wp:featuredmedia":[{"embeddable":true,"href":"https:\/\/baldumarket.lt\/lt\/wp-json\/wp\/v2\/media\/252728"}],"wp:attachment":[{"href":"https:\/\/baldumarket.lt\/lt\/wp-json\/wp\/v2\/media?parent=254875"}],"wp:term":[{"taxonomy":"product_brand","embeddable":true,"href":"https:\/\/baldumarket.lt\/lt\/wp-json\/wp\/v2\/product_brand?post=254875"},{"taxonomy":"product_cat","embeddable":true,"href":"https:\/\/baldumarket.lt\/lt\/wp-json\/wp\/v2\/product_cat?post=254875"},{"taxonomy":"product_tag","embeddable":true,"href":"https:\/\/baldumarket.lt\/lt\/wp-json\/wp\/v2\/product_tag?post=254875"}],"curies":[{"name":"wp","href":"https:\/\/api.w.org\/{rel}","templated":true}]}}