{"id":254845,"date":"2026-01-10T22:30:09","date_gmt":"2026-01-10T19:30:09","guid":{"rendered":"https:\/\/baldumarket.lt\/product\/la07-lawa-2\/"},"modified":"2026-02-11T18:31:00","modified_gmt":"2026-02-11T15:31:00","slug":"la07-lawa-2","status":"publish","type":"product","link":"https:\/\/baldumarket.lt\/lt\/product\/la07-lawa-2\/","title":{"rendered":"LA07 SUOLAS"},"content":{"rendered":"<p>Universalus REMI LA07 kavos staliukas puikiai tinka erdviai svetainei ar darbo kambariui. Puikiai tinka susib\u016brimams su draugais ir yra nuostabus j\u016bs\u0173 kasdien\u0117s kavos puodelio papildymas. Prakti\u0161ka lentyna po stalvir\u0161iu suteikia daug vietos visiems j\u016bs\u0173 reikalingiems aksesuarams. Moderni spalv\u0173 gama leid\u017eia sukurti tobul\u0105 interjer\u0105, pritaikyt\u0105 j\u016bs\u0173 skoniui ir poreikiams. Kolekcijai b\u016bdinga minimalistin\u0117 i\u0161vaizda ir funkcionalumas. Kavos staliukas idealiai dera su kitais REMI serijos baldais arba yra atskiras baldas, prisitaikantis prie j\u016bs\u0173 interjero dizaino.<\/p>\n<p>Plotis 67,5 cm Ilgis 101,5 cm Auk\u0161tis 46,5 cm Produkto svoris su pakuote 22,6 kg Gamintojo kodas \/ simbolis LA07 Produkto pakuo\u010di\u0173 skai\u010dius 2 Stilius Modernus \u012eranga Surinkimo instrukcijos \/ surinkimo priedai Surinkimas Savaranki\u0161kam surinkimui Stalvir\u0161io med\u017eiaga \/ tipas \/ storis laminuota med\u017eio dro\u017eli\u0173 plok\u0161t\u0117 16 mm Korpuso med\u017eiaga \/ tipas \/ storis laminuota med\u017eio dro\u017eli\u0173 plok\u0161t\u0117 16 mm Lentyn\u0173 kiekis 1<\/p>","protected":false},"excerpt":{"rendered":"<p>Universalus REMI LA07 \u2013 puikus priedas didelei svetainei ar darbo kambariui. Puikiai tinka susib\u016brimams su draugais ir yra nuostabus priedas prie kasdien\u0117s kavos puodelio. Prakti\u0161ka lentyna po stalvir\u0161iu suteikia daug vietos visiems svarbiausiems j\u016bs\u0173 aksesuarams. Moderni spalv\u0173 gama leid\u017eia sukurti tobul\u0105 interjer\u0105, pritaikyt\u0105 [\u2026]<\/p>","protected":false},"featured_media":254846,"comment_status":"open","ping_status":"open","template":"","meta":[],"product_brand":[],"product_cat":[866,2457],"product_tag":[],"class_list":{"0":"post-254845","1":"product","2":"type-product","3":"status-publish","4":"has-post-thumbnail","6":"product_cat-coffee-tables","7":"product_cat-liveo","9":"first","10":"instock","11":"purchasable","12":"product-type-simple"},"_links":{"self":[{"href":"https:\/\/baldumarket.lt\/lt\/wp-json\/wp\/v2\/product\/254845","targetHints":{"allow":["GET"]}}],"collection":[{"href":"https:\/\/baldumarket.lt\/lt\/wp-json\/wp\/v2\/product"}],"about":[{"href":"https:\/\/baldumarket.lt\/lt\/wp-json\/wp\/v2\/types\/product"}],"replies":[{"embeddable":true,"href":"https:\/\/baldumarket.lt\/lt\/wp-json\/wp\/v2\/comments?post=254845"}],"wp:featuredmedia":[{"embeddable":true,"href":"https:\/\/baldumarket.lt\/lt\/wp-json\/wp\/v2\/media\/254846"}],"wp:attachment":[{"href":"https:\/\/baldumarket.lt\/lt\/wp-json\/wp\/v2\/media?parent=254845"}],"wp:term":[{"taxonomy":"product_brand","embeddable":true,"href":"https:\/\/baldumarket.lt\/lt\/wp-json\/wp\/v2\/product_brand?post=254845"},{"taxonomy":"product_cat","embeddable":true,"href":"https:\/\/baldumarket.lt\/lt\/wp-json\/wp\/v2\/product_cat?post=254845"},{"taxonomy":"product_tag","embeddable":true,"href":"https:\/\/baldumarket.lt\/lt\/wp-json\/wp\/v2\/product_tag?post=254845"}],"curies":[{"name":"wp","href":"https:\/\/api.w.org\/{rel}","templated":true}]}}