{"id":254837,"date":"2026-01-10T22:30:06","date_gmt":"2026-01-10T19:30:06","guid":{"rendered":"https:\/\/baldumarket.lt\/product\/la07-lawa\/"},"modified":"2026-02-11T18:31:00","modified_gmt":"2026-02-11T15:31:00","slug":"la07-lawa","status":"publish","type":"product","link":"https:\/\/baldumarket.lt\/lt\/product\/la07-lawa\/","title":{"rendered":"LA07 SUOLAS"},"content":{"rendered":"<p>Universalus LA07 staliukas puikiai tiks erdviame svetain\u0117s ar darbo kambario interjere. Puikiai tinka susib\u016brimams su draugais ir kasdienei kavos puodeliui. Po stalvir\u0161iu yra prakti\u0161ka lentyna, kurioje tilps visi svarbiausi j\u016bs\u0173 aksesuarai. Moderni spalv\u0173 gama leid\u017eia sukurti tobul\u0105 interjer\u0105, pritaikyt\u0105 prie vartotoj\u0173 skonio ir poreiki\u0173. Kolekcijai b\u016bdinga minimalistin\u0117 i\u0161vaizda ir funkcionalumas. Kavos staliukas idealiai tinka kaip atskiras baldas, pritaikomas prie j\u016bs\u0173 interjero dizaino.<\/p>","protected":false},"excerpt":{"rendered":"<p>Universalus LA07 stalvir\u0161is puikiai tiks erdviame svetain\u0117s ar darbo kambario interjere. Puikiai tinka susib\u016brimams su draugais ir \u012fsp\u016bdingai kasdienei kavos puodeliui. Po stalvir\u0161iu yra prakti\u0161ka lentyna, kurioje tilps visi svarbiausi j\u016bs\u0173 reikmenys. Moderni spalv\u0173 gama leid\u017eia sukurti tobul\u0105 interjer\u0105, pritaikyt\u0105 [\u2026]<\/p>","protected":false},"featured_media":254838,"comment_status":"open","ping_status":"open","template":"","meta":[],"product_brand":[],"product_cat":[866,2457],"product_tag":[],"class_list":{"0":"post-254837","1":"product","2":"type-product","3":"status-publish","4":"has-post-thumbnail","6":"product_cat-coffee-tables","7":"product_cat-liveo","9":"first","10":"instock","11":"purchasable","12":"product-type-simple"},"_links":{"self":[{"href":"https:\/\/baldumarket.lt\/lt\/wp-json\/wp\/v2\/product\/254837","targetHints":{"allow":["GET"]}}],"collection":[{"href":"https:\/\/baldumarket.lt\/lt\/wp-json\/wp\/v2\/product"}],"about":[{"href":"https:\/\/baldumarket.lt\/lt\/wp-json\/wp\/v2\/types\/product"}],"replies":[{"embeddable":true,"href":"https:\/\/baldumarket.lt\/lt\/wp-json\/wp\/v2\/comments?post=254837"}],"wp:featuredmedia":[{"embeddable":true,"href":"https:\/\/baldumarket.lt\/lt\/wp-json\/wp\/v2\/media\/254838"}],"wp:attachment":[{"href":"https:\/\/baldumarket.lt\/lt\/wp-json\/wp\/v2\/media?parent=254837"}],"wp:term":[{"taxonomy":"product_brand","embeddable":true,"href":"https:\/\/baldumarket.lt\/lt\/wp-json\/wp\/v2\/product_brand?post=254837"},{"taxonomy":"product_cat","embeddable":true,"href":"https:\/\/baldumarket.lt\/lt\/wp-json\/wp\/v2\/product_cat?post=254837"},{"taxonomy":"product_tag","embeddable":true,"href":"https:\/\/baldumarket.lt\/lt\/wp-json\/wp\/v2\/product_tag?post=254837"}],"curies":[{"name":"wp","href":"https:\/\/api.w.org\/{rel}","templated":true}]}}