{"id":254815,"date":"2026-01-10T22:29:55","date_gmt":"2026-01-10T19:29:55","guid":{"rendered":"https:\/\/baldumarket.lt\/product\/la05-lawa-2\/"},"modified":"2026-02-11T18:31:01","modified_gmt":"2026-02-11T15:31:01","slug":"la05-lawa-2","status":"publish","type":"product","link":"https:\/\/baldumarket.lt\/lt\/product\/la05-lawa-2\/","title":{"rendered":"LA05 SUOLAS"},"content":{"rendered":"<p>LA05 kavos staliukas puikiai dera prie ma\u017eos svetain\u0117s ar paauglio kambario dizaino. Prakti\u0161ka lentyna po stalvir\u0161iu suteikia daug vietos visiems svarbiausiems aksesuarams susid\u0117ti. Kavos staliukas turi kvadratin\u012f stalvir\u0161\u012f, kurio matmenys \u2013 67,5 x 67,5 cm. I\u0161skirtinis ir patrauklus dizainas puikiai tinka bet kuriai erdvei. Moderni spalv\u0173 palet\u0117 leid\u017eia sukurti tobul\u0105 interjer\u0105, pritaikyt\u0105 prie vartotoj\u0173 skonio ir poreiki\u0173. Kolekcijai b\u016bdinga minimalistin\u0117 i\u0161vaizda ir funkcionalumas. Kavos staliukas idealiai dera su kitais REMI serijos baldais arba yra atskiras baldas, prisitaikantis prie individualaus kambario dizaino.<\/p>\n<p>Plotis 67,5 cm Ilgis 67,5 cm Auk\u0161tis 46,5 cm Produkto svoris su pakuote 16,55 kg Gamintojo kodas \/ simbolis LA05 Produkto pakuo\u010di\u0173 skai\u010dius 1 Stilius Modernus \u012eranga Surinkimo instrukcijos \/ surinkimo priedai Surinkimas Savaranki\u0161kam surinkimui Stalvir\u0161io med\u017eiaga \/ tipas \/ storis laminuota med\u017eio dro\u017eli\u0173 plok\u0161t\u0117 16 mm Korpuso med\u017eiaga \/ tipas \/ storis laminuota med\u017eio dro\u017eli\u0173 plok\u0161t\u0117 16 mm Lentyn\u0173 kiekis 1<\/p>","protected":false},"excerpt":{"rendered":"<p>LA05 kavos staliukas papildo ma\u017eos svetain\u0117s ar paauglio kambario dizain\u0105. Prakti\u0161ka lentyna po stalvir\u0161iu suteikia daug vietos visiems j\u016bs\u0173 reikalingiems aksesuarams. Kavos staliukas turi kvadratin\u012f stalvir\u0161\u012f, kurio matmenys yra 67,5 x 67,5 cm. I\u0161skirtinis ir patrauklus dizainas puikiai tinka bet kuriai erdvei. [\u2026]<\/p>","protected":false},"featured_media":254816,"comment_status":"open","ping_status":"open","template":"","meta":[],"product_brand":[],"product_cat":[866,2457],"product_tag":[],"class_list":{"0":"post-254815","1":"product","2":"type-product","3":"status-publish","4":"has-post-thumbnail","6":"product_cat-coffee-tables","7":"product_cat-liveo","9":"first","10":"instock","11":"purchasable","12":"product-type-simple"},"_links":{"self":[{"href":"https:\/\/baldumarket.lt\/lt\/wp-json\/wp\/v2\/product\/254815","targetHints":{"allow":["GET"]}}],"collection":[{"href":"https:\/\/baldumarket.lt\/lt\/wp-json\/wp\/v2\/product"}],"about":[{"href":"https:\/\/baldumarket.lt\/lt\/wp-json\/wp\/v2\/types\/product"}],"replies":[{"embeddable":true,"href":"https:\/\/baldumarket.lt\/lt\/wp-json\/wp\/v2\/comments?post=254815"}],"wp:featuredmedia":[{"embeddable":true,"href":"https:\/\/baldumarket.lt\/lt\/wp-json\/wp\/v2\/media\/254816"}],"wp:attachment":[{"href":"https:\/\/baldumarket.lt\/lt\/wp-json\/wp\/v2\/media?parent=254815"}],"wp:term":[{"taxonomy":"product_brand","embeddable":true,"href":"https:\/\/baldumarket.lt\/lt\/wp-json\/wp\/v2\/product_brand?post=254815"},{"taxonomy":"product_cat","embeddable":true,"href":"https:\/\/baldumarket.lt\/lt\/wp-json\/wp\/v2\/product_cat?post=254815"},{"taxonomy":"product_tag","embeddable":true,"href":"https:\/\/baldumarket.lt\/lt\/wp-json\/wp\/v2\/product_tag?post=254815"}],"curies":[{"name":"wp","href":"https:\/\/api.w.org\/{rel}","templated":true}]}}