{"id":254802,"date":"2026-01-10T22:29:46","date_gmt":"2026-01-10T19:29:46","guid":{"rendered":"https:\/\/baldumarket.lt\/product\/la03-lawa\/"},"modified":"2026-02-11T18:31:01","modified_gmt":"2026-02-11T15:31:01","slug":"la03-lawa","status":"publish","type":"product","link":"https:\/\/baldumarket.lt\/lt\/product\/la03-lawa\/","title":{"rendered":"LA03 SUOLAS"},"content":{"rendered":"<p>LA03 kavos staliukas sukuria jauki\u0105 atmosfer\u0105 bet kuriame interjere. \u0160is paprastas, eleganti\u0161kas baldas si\u016blo universalius dizaino variantus, puikiai tinkan\u010dius net nedidelei svetainei ar darbo kambariui. Ant stalo patogiai galite pad\u0117ti puodel\u012f kar\u0161to g\u0117rimo, o prakti\u0161ka lentyna suteikia patogi\u0105 viet\u0105 skaitymui. Laminatas, imituojantis ry\u0161kius \u0105\u017euolo medienos ra\u0161tus \u201cEvoke\u201d spalvos, su\u0161ildo interjer\u0105 ir suteikia jam kaimi\u0161ko charakterio. Kavos staliukas idealiai tinka derinti su kitais ARIS, S-LINE, NOEL ir INTENSO serij\u0173 baldais arba kaip atskiras baldas, prisitaikantis prie j\u016bs\u0173 interjero dizaino.<\/p>\n<p>I\u0161traukiama NE Plotis 67 cm Ilgis 102 cm Auk\u0161tis 49 cm Produkto svoris su pakuote 24,85 kg Gamintojo kodas \/ simbolis LA03 Pavadinimas b2b sistemoje LA03 EVOKE OAK COFFEE rinkinys Produkto pakuo\u010di\u0173 skai\u010dius 2 Stilius Universalus \u012eranga Surinkimo instrukcijos \/ surinkimo priedai Surinkimas Savaranki\u0161kam surinkimui Spalvos \u0104\u017euolo imitacija Stalvir\u0161io med\u017eiaga \/ tipas \/ storis 22 mm baldin\u0117 lenta R\u0117mo med\u017eiaga \/ tipas \/ storis 16 mm baldin\u0117 lenta Lentynos spalva \u0104\u017euolo imitacija Lentynos med\u017eiaga \/ tipas \/ storis 16 mm baldin\u0117 lenta Kar\u016bnuotos lentynos kiekis 1 Kojeli\u0173 med\u017eiaga \/ tipas \/ storis 22 mm baldin\u0117 lenta Kojel\u0117 \/ med\u017eiaga \/ spalva Nereguliuojama \/ Bald\u0173 slydiklis \/ plastikas \/ Juoda<\/p>","protected":false},"excerpt":{"rendered":"<p>LA03 kavos staliukas sukuria jauki\u0105 atmosfer\u0105 bet kuriame interjere. \u0160is paprastas, eleganti\u0161kas baldas si\u016blo universalius dizaino variantus, puikiai tinkan\u010dius net ma\u017eam svetain\u0117s kambariui ar darbo kambariui. Ant stalo patogiai galite pad\u0117ti puodel\u012f kar\u0161to g\u0117rimo, o prakti\u0161ka lentyna suteikia patogi\u0105 viet\u0105 pasid\u0117ti skaitom\u0105 med\u017eiag\u0105. [\u2026]<\/p>","protected":false},"featured_media":252411,"comment_status":"open","ping_status":"open","template":"","meta":[],"product_brand":[],"product_cat":[866,2457],"product_tag":[],"class_list":{"0":"post-254802","1":"product","2":"type-product","3":"status-publish","4":"has-post-thumbnail","6":"product_cat-coffee-tables","7":"product_cat-liveo","9":"first","10":"instock","11":"purchasable","12":"product-type-simple"},"_links":{"self":[{"href":"https:\/\/baldumarket.lt\/lt\/wp-json\/wp\/v2\/product\/254802","targetHints":{"allow":["GET"]}}],"collection":[{"href":"https:\/\/baldumarket.lt\/lt\/wp-json\/wp\/v2\/product"}],"about":[{"href":"https:\/\/baldumarket.lt\/lt\/wp-json\/wp\/v2\/types\/product"}],"replies":[{"embeddable":true,"href":"https:\/\/baldumarket.lt\/lt\/wp-json\/wp\/v2\/comments?post=254802"}],"wp:featuredmedia":[{"embeddable":true,"href":"https:\/\/baldumarket.lt\/lt\/wp-json\/wp\/v2\/media\/252411"}],"wp:attachment":[{"href":"https:\/\/baldumarket.lt\/lt\/wp-json\/wp\/v2\/media?parent=254802"}],"wp:term":[{"taxonomy":"product_brand","embeddable":true,"href":"https:\/\/baldumarket.lt\/lt\/wp-json\/wp\/v2\/product_brand?post=254802"},{"taxonomy":"product_cat","embeddable":true,"href":"https:\/\/baldumarket.lt\/lt\/wp-json\/wp\/v2\/product_cat?post=254802"},{"taxonomy":"product_tag","embeddable":true,"href":"https:\/\/baldumarket.lt\/lt\/wp-json\/wp\/v2\/product_tag?post=254802"}],"curies":[{"name":"wp","href":"https:\/\/api.w.org\/{rel}","templated":true}]}}