{"id":25480,"date":"2025-11-14T16:47:29","date_gmt":"2025-11-14T13:47:29","guid":{"rendered":"https:\/\/baldumarket.lt\/product\/lanzzi-120-komoda-czarny-mat-dab-artisan\/"},"modified":"2026-03-24T18:20:21","modified_gmt":"2026-03-24T15:20:21","slug":"lanzzi-120-komoda-czarny-mat-dab-artisan","status":"publish","type":"product","link":"https:\/\/baldumarket.lt\/lt\/product\/lanzzi-120-komoda-czarny-mat-dab-artisan\/","title":{"rendered":"Lanzzi 120 komoda, matin\u0117 juoda\/artisan \u0105\u017euolas"},"content":{"rendered":"<p>Ma\u017ea komoda \u201eLanzzi\u201c pagaminta i\u0161 laminuoto MDF. Ji turi tris lentynas ir stal\u010di\u0173 \u2013 puikiai tinka laikyti drabu\u017ei\u0173 spintos daiktus ar kitus daiktus. Joje taip pat yra dvi pla\u010dios, rakinamos lentynos ir vienas stal\u010dius. Tre\u010dioji lentyna yra atvira, tod\u0117l j\u0105 galima naudoti \u017eurnalams, nuotolinio valdymo pultams ar nuotrauk\u0173 r\u0117meliams. Ma\u017eos komodos \u201eLanzzi\u201c matmenys yra 80 x 40 x 120 cm. \u201eLanzzi\u201c komoda yra dviej\u0173 spalv\u0173: juodos arba juodos ir \u0105\u017euolo derinio. Komodos taip pat skiriasi spinteli\u0173 ir stal\u010di\u0173 atidarymo b\u016bdu. Juoda komoda puo\u0161ta auksin\u0117mis atidarymo ranken\u0117l\u0117mis. \u0160varios linijos ir auk\u0161tos, juodos metalin\u0117s kojel\u0117s papildys miegamojo, svetain\u0117s ar prie\u0161kambario interjer\u0105. Pridedamos lengvai surinkamos instrukcijos ir visos reikalingos dalys surinkimui. Norint surinkti m\u016bs\u0173 \u201eLanzzi\u201c kolekcijos baldus, nereikia pirkti joki\u0173 papildom\u0173 komponent\u0173. Galima rinktis i\u0161 dviej\u0173 spalv\u0173. Metalin\u0117s, juodos kojel\u0117s, 20 cm ilgio. Auk\u0161tis: 80 cm. Gylis: 40 cm. Plotis: 120 cm. Svoris: 38 kg. Med\u017eiagos konfig\u016bracija: matin\u0117 juoda + meni\u0161kas \u0105\u017euolas \/ matin\u0117 juoda + matin\u0117 juoda. R\u0117mo spalva: juoda. Med\u017eiaga: MDF. Kojel\u0117s pagamintos i\u0161: metalo. Kojeli\u0173 auk\u0161tis: 20 cm. Stal\u010di\u0173 skai\u010dius: 1. Dureli\u0173 skai\u010dius: 2. U\u017edar\u0173 lentyn\u0173 skai\u010dius: 1. Atvir\u0173 lentyn\u0173 skai\u010dius: 1.<\/p>","protected":false},"excerpt":{"rendered":"<p>Ma\u017ea komoda \u201eLanzzi\u201c pagaminta i\u0161 laminuotos MDF plok\u0161t\u0117s. Ji turi tris lentynas ir stal\u010di\u0173 \u2013 puikiai tinkan\u010dius drabu\u017ei\u0173 spintos daiktams ar kitiems daiktams laikyti. Ji taip pat turi dvi pla\u010dias, rakinamas lentynas ir vien\u0105 stal\u010di\u0173. Tre\u010dioji lentyna yra atvira, tod\u0117l j\u0105 galima naudoti \u017eurnalams, nuotolinio valdymo pultams ar nuotrauk\u0173 r\u0117meliams. [\u2026]<\/p>","protected":false},"featured_media":25481,"comment_status":"open","ping_status":"open","template":"","meta":[],"product_brand":[],"product_cat":[1173,2012,9164],"product_tag":[],"class_list":{"0":"post-25480","1":"product","2":"type-product","3":"status-publish","4":"has-post-thumbnail","6":"product_cat-chests-of-drawers","7":"product_cat-eltap","8":"product_cat-komody-eltap","9":"pa_frame-material-undefined","10":"pa_frame-material-type-undefined","11":"pa_leg-color-undefined","12":"pa_leg-material-undefined","13":"pa_linen-box-undefined","14":"pa_main-color-black","15":"pa_price-group-basic","16":"pa_seat-depth-undefined","17":"pa_seat-width-undefined","18":"pa_sleep-function-undefined","19":"pa_sleeping-area-length-undefined","20":"pa_sleeping-area-width-undefined","21":"pa_style-modern","22":"pa_textile-czarny-mat-dab-artisan","23":"pa_upholstery-material-undefined","25":"first","26":"instock","27":"purchasable","28":"product-type-simple"},"_links":{"self":[{"href":"https:\/\/baldumarket.lt\/lt\/wp-json\/wp\/v2\/product\/25480","targetHints":{"allow":["GET"]}}],"collection":[{"href":"https:\/\/baldumarket.lt\/lt\/wp-json\/wp\/v2\/product"}],"about":[{"href":"https:\/\/baldumarket.lt\/lt\/wp-json\/wp\/v2\/types\/product"}],"replies":[{"embeddable":true,"href":"https:\/\/baldumarket.lt\/lt\/wp-json\/wp\/v2\/comments?post=25480"}],"wp:featuredmedia":[{"embeddable":true,"href":"https:\/\/baldumarket.lt\/lt\/wp-json\/wp\/v2\/media\/25481"}],"wp:attachment":[{"href":"https:\/\/baldumarket.lt\/lt\/wp-json\/wp\/v2\/media?parent=25480"}],"wp:term":[{"taxonomy":"product_brand","embeddable":true,"href":"https:\/\/baldumarket.lt\/lt\/wp-json\/wp\/v2\/product_brand?post=25480"},{"taxonomy":"product_cat","embeddable":true,"href":"https:\/\/baldumarket.lt\/lt\/wp-json\/wp\/v2\/product_cat?post=25480"},{"taxonomy":"product_tag","embeddable":true,"href":"https:\/\/baldumarket.lt\/lt\/wp-json\/wp\/v2\/product_tag?post=25480"}],"curies":[{"name":"wp","href":"https:\/\/api.w.org\/{rel}","templated":true}]}}