{"id":254779,"date":"2026-01-10T22:29:32","date_gmt":"2026-01-10T19:29:32","guid":{"rendered":"https:\/\/baldumarket.lt\/product\/la01-lawa-rozkladana\/"},"modified":"2026-02-11T18:31:01","modified_gmt":"2026-02-11T15:31:01","slug":"la01-lawa-rozkladana","status":"publish","type":"product","link":"https:\/\/baldumarket.lt\/lt\/product\/la01-lawa-rozkladana\/","title":{"rendered":"LA01 SULANKSTOMAS SUOLAS"},"content":{"rendered":"<p>LA01 kavos staliukas \u2013 tai ak\u012f traukiantis baldas, kuriame dera funkcionalumas ir eleganti\u0161kas dizainas, puikiai atrodantis modernioje svetain\u0117je. Kavos staliukas yra i\u0161skleid\u017eiamas, tod\u0117l tinka tiek kasdieniam naudojimui, tiek didesniems susib\u016brimams ir \u0161vent\u0117ms. Modernus pagrindo ir kolonos formos r\u0117mo dizainas yra \u012fsp\u016bdingas ir u\u017etikrina tinkam\u0105 stabilum\u0105. \u0104\u017euolo spalva sukuria jauki\u0105 atmosfer\u0105 ir skatina atsipalaiduoti. Tai idealus sprendimas moderni\u0173, \u0161ilt\u0173 atspalvi\u0173 bald\u0173 m\u0117g\u0117jams. Kavos staliukas puikiai der\u0117s su kitais G-TE, KRIS arba IRMA serij\u0173 baldais arba bus universalus ir prakti\u0161kas dekoro elementas, kur\u012f galima pritaikyti prie j\u016bs\u0173 kambario dizaino.<\/p>\n<p>I\u0161traukiama TAIP \u012ed\u0117kl\u0173 skai\u010dius 1 Plotis 68 cm Ilgis 114 cm Ilgis po i\u0161skleidimo 144 cm Auk\u0161tis 52 cm Produkto svoris su pakuote 39,40 kg Gamintojo kodas \/ simbolis LA01 Pavadinimas b2b sistemoje LA01 EVOKE \u0104\u017dUOLINIS SULANKSTOMAS KAVOS STALIUKAS komplektas Produkto pakuo\u010di\u0173 skai\u010dius 3 Stilius UNIVERSAL \u012eranga Surinkimo instrukcijos \/ surinkimo priedai Surinkimas Savaranki\u0161kam surinkimui Spalvos Evoke Oak Stalvir\u0161io med\u017eiaga \/ tipas \/ storis 28 mm baldin\u0117 lenta R\u0117mo med\u017eiaga \/ tipas \/ storis 16 mm baldin\u0117 lenta Kolonos med\u017eiaga \/ tipas \/ storis 16 mm baldin\u0117 lenta Kolonos pagrindo med\u017eiaga \/ tipas \/ storis 28 mm baldin\u0117 lenta Kojel\u0117 \/ med\u017eiaga \/ spalva Nereguliuojama \/ Bald\u0173 b\u0117geliai \/ plastikas \/ Juoda<\/p>","protected":false},"excerpt":{"rendered":"<p>LA01 kavos staliukas yra ak\u012f traukiantis baldas, kuriame dera funkcionalumas ir eleganti\u0161kas dizainas, puikiai atrodantis modernioje svetain\u0117je. Kavos staliukas turi i\u0161lankstymo funkcij\u0105, tod\u0117l tinka tiek kasdieniam naudojimui, tiek didesniems susib\u016brimams ir \u0161vent\u0117ms. Modernus pagrindo ir koloninio r\u0117mo dizainas yra \u012fsp\u016bdingas ir [\u2026]<\/p>","protected":false},"featured_media":254709,"comment_status":"open","ping_status":"open","template":"","meta":[],"product_brand":[],"product_cat":[866,2457],"product_tag":[],"class_list":{"0":"post-254779","1":"product","2":"type-product","3":"status-publish","4":"has-post-thumbnail","6":"product_cat-coffee-tables","7":"product_cat-liveo","9":"first","10":"instock","11":"purchasable","12":"product-type-simple"},"_links":{"self":[{"href":"https:\/\/baldumarket.lt\/lt\/wp-json\/wp\/v2\/product\/254779","targetHints":{"allow":["GET"]}}],"collection":[{"href":"https:\/\/baldumarket.lt\/lt\/wp-json\/wp\/v2\/product"}],"about":[{"href":"https:\/\/baldumarket.lt\/lt\/wp-json\/wp\/v2\/types\/product"}],"replies":[{"embeddable":true,"href":"https:\/\/baldumarket.lt\/lt\/wp-json\/wp\/v2\/comments?post=254779"}],"wp:featuredmedia":[{"embeddable":true,"href":"https:\/\/baldumarket.lt\/lt\/wp-json\/wp\/v2\/media\/254709"}],"wp:attachment":[{"href":"https:\/\/baldumarket.lt\/lt\/wp-json\/wp\/v2\/media?parent=254779"}],"wp:term":[{"taxonomy":"product_brand","embeddable":true,"href":"https:\/\/baldumarket.lt\/lt\/wp-json\/wp\/v2\/product_brand?post=254779"},{"taxonomy":"product_cat","embeddable":true,"href":"https:\/\/baldumarket.lt\/lt\/wp-json\/wp\/v2\/product_cat?post=254779"},{"taxonomy":"product_tag","embeddable":true,"href":"https:\/\/baldumarket.lt\/lt\/wp-json\/wp\/v2\/product_tag?post=254779"}],"curies":[{"name":"wp","href":"https:\/\/api.w.org\/{rel}","templated":true}]}}