{"id":254778,"date":"2026-01-10T22:29:30","date_gmt":"2026-01-10T19:29:30","guid":{"rendered":"https:\/\/baldumarket.lt\/product\/kubo-kb12-lawa\/"},"modified":"2026-02-11T18:31:01","modified_gmt":"2026-02-11T15:31:01","slug":"kubo-kb12-lawa","status":"publish","type":"product","link":"https:\/\/baldumarket.lt\/lt\/product\/kubo-kb12-lawa\/","title":{"rendered":"KUBO KB12 SUOLAS"},"content":{"rendered":"<p>KUBO KB12 kavos staliukas \u2013 tai kompakti\u0161kas staliukas jaunimo kambariui, kuris tiks prie bet kokio interjero. Staliukas turi lentyn\u0105, kuri dar labiau i\u0161ple\u010dia naudojam\u0105 erdv\u0119. Tai puiki vieta knygai ar ne\u0161iojamam kompiuteriui, o daiktai visada yra lengvai pasiekiami. \u0160ilta \u0105\u017euolo spalva pary\u0161kina ir vizualiai padidina erdv\u0119, suteikdama interjerui jaukumo. Staliukas idealiai tinka derinti su kitais KUBO serijos baldais arba naudoti kaip atskiras baldas, prisitaikantis prie j\u016bs\u0173 kambario interjero.<\/p>\n<p>I\u0161traukiamas NE Plotis 67 cm Ilgis 67 cm Auk\u0161tis 47,5 cm Produkto svoris su pakuote 16,70 kg Gamintojo kodas \/ simbolis KB12 Kolekcijos pavadinimas KUBO Pavadinimas b2b sistemoje KUBO KB12 NAGANO \u0104\u017dUOLINIS KAVOS STALIUKO KOMPLEKTAS Produkto pakuo\u010di\u0173 skai\u010dius 1 Stilius Modernus \u012eranga Surinkimo instrukcijos \/ surinkimo priedai Surinkimas Savaranki\u0161kam surinkimui Spalvos Nagano \u0105\u017euolas Stalvir\u0161io med\u017eiaga \/ tipas \/ storis 22 mm baldin\u0117 lenta R\u0117mo med\u017eiaga \/ tipas \/ storis 16 mm baldin\u0117 lenta Lentynos spalva Nagano \u0105\u017euolas Lentynos med\u017eiaga \/ tipas \/ storis 16 mm baldin\u0117 lenta Kar\u016bn\u0117l\u0117s lentynos kiekis 1 Kojeli\u0173 med\u017eiaga \/ tipas \/ storis 22 mm baldin\u0117 lenta Kojel\u0117 \/ med\u017eiaga \/ spalva Nereguliuojama \/ Bald\u0173 slydiklis \/ plastikas \/ Juoda<\/p>","protected":false},"excerpt":{"rendered":"<p>KUBO KB12 kavos staliukas yra kompakti\u0161kas staliukas jaunimo kambariui, kuris tiks prie bet kokio interjero. Stalas turi lentyn\u0105, kuri dar labiau i\u0161ple\u010dia naudojam\u0105 erdv\u0119. Tai puiki vieta knygai ar ne\u0161iojamam kompiuteriui, o daiktai visada yra ranka pasiekiami. \u0160ilta \u0105\u017euolo spalva pary\u0161kina ir vizualiai padidina [\u2026]<\/p>","protected":false},"featured_media":254754,"comment_status":"open","ping_status":"open","template":"","meta":[],"product_brand":[],"product_cat":[866,2457],"product_tag":[],"class_list":{"0":"post-254778","1":"product","2":"type-product","3":"status-publish","4":"has-post-thumbnail","6":"product_cat-coffee-tables","7":"product_cat-liveo","9":"first","10":"instock","11":"purchasable","12":"product-type-simple"},"_links":{"self":[{"href":"https:\/\/baldumarket.lt\/lt\/wp-json\/wp\/v2\/product\/254778","targetHints":{"allow":["GET"]}}],"collection":[{"href":"https:\/\/baldumarket.lt\/lt\/wp-json\/wp\/v2\/product"}],"about":[{"href":"https:\/\/baldumarket.lt\/lt\/wp-json\/wp\/v2\/types\/product"}],"replies":[{"embeddable":true,"href":"https:\/\/baldumarket.lt\/lt\/wp-json\/wp\/v2\/comments?post=254778"}],"wp:featuredmedia":[{"embeddable":true,"href":"https:\/\/baldumarket.lt\/lt\/wp-json\/wp\/v2\/media\/254754"}],"wp:attachment":[{"href":"https:\/\/baldumarket.lt\/lt\/wp-json\/wp\/v2\/media?parent=254778"}],"wp:term":[{"taxonomy":"product_brand","embeddable":true,"href":"https:\/\/baldumarket.lt\/lt\/wp-json\/wp\/v2\/product_brand?post=254778"},{"taxonomy":"product_cat","embeddable":true,"href":"https:\/\/baldumarket.lt\/lt\/wp-json\/wp\/v2\/product_cat?post=254778"},{"taxonomy":"product_tag","embeddable":true,"href":"https:\/\/baldumarket.lt\/lt\/wp-json\/wp\/v2\/product_tag?post=254778"}],"curies":[{"name":"wp","href":"https:\/\/api.w.org\/{rel}","templated":true}]}}