{"id":254776,"date":"2026-01-10T22:29:28","date_gmt":"2026-01-10T19:29:28","guid":{"rendered":"https:\/\/baldumarket.lt\/product\/kubo-kb11-szafka-nocna\/"},"modified":"2026-02-11T18:31:01","modified_gmt":"2026-02-11T15:31:01","slug":"kubo-kb11-szafka-nocna","status":"publish","type":"product","link":"https:\/\/baldumarket.lt\/lt\/product\/kubo-kb11-szafka-nocna\/","title":{"rendered":"KUBO KB11 naktinis staliukas"},"content":{"rendered":"<p>KUBO KB11 naktinis staliukas \u2013 tai miegamojo aksesuaras, sukurtas tobulai papildyti \u0161ios serijos lov\u0105. Ant jo vakare gal\u0117site pad\u0117ti knyg\u0105 ar \u017eadintuv\u0105, o i\u0161traukiamas stal\u010dius puikiai tinka asmeniniams daiktams laikyti. \u0160iltos r\u0117mo spalvos ir blizgiai balti fasadai pary\u0161kina ir vizualiai padidina erdv\u0119, suteikdami kambariui jaukumo. Papildomas naktinio staliuko privalumas \u2013 tamsios kojel\u0117s, kurios padeda palaikyti tvark\u0105 ir suteikia formai lengvumo. Naktinis staliukas idealiai tinka derinti su kitais KUBO serijos baldais arba naudoti kaip atskiras baldas, prisitaikantis prie j\u016bs\u0173 kambario interjero.<\/p>\n<p>Plotis 45,5 cm Gylis 39,5 cm Auk\u0161tis 46,5 cm Produkto svoris su pakuote 13,60 kg Gamintojo kodas \/ simbolis KB11 Kolekcijos pavadinimas KUBO Pavadinimas b2b sistemoje KUBO KB11 NAGANO \u0104\u017dUOLO\/BALTA NAKTIN\u0116 SPINTEL\u0116 Produkto pakuo\u010di\u0173 skai\u010dius 1 Stilius Modernus \u012eranga Surinkimo instrukcijos \/ surinkimo priedai Surinkimas Savaranki\u0161kam surinkimui Korpuso spalva Nagano \u0105\u017euolas Korpuso apdailos med\u017eiaga \/ tipas \/ storis 16 mm baldin\u0117 plok\u0161t\u0117 Vir\u0161utinio korpuso apdaila \/ med\u017eiaga \/ tipas \/ storis 22 mm baldin\u0117 plok\u0161t\u0117 Apatinio korpuso apdaila \/ med\u017eiaga \/ tipas \/ storis 22 mm baldin\u0117 plok\u0161t\u0117 Galin\u0117s sienel\u0117s apdailos med\u017eiaga \/ tipas \/ storis 2,5 mm HDF baldin\u0117 plok\u0161t\u0117 Matoma galin\u0117s sienel\u0117s dalis Nagano \u0105\u017euolas Priekin\u0117 spalva Blizgi balta Priekin\u0117s apdailos med\u017eiaga \/ tipas \/ storis 16 mm baldin\u0117 plok\u0161t\u0117 Priekin\u0117 rankena \/ apdaila \/ spalva Plastikas \/ Nagano \u0105\u017euolas Pilno i\u0161traukimo stal\u010di\u0173 b\u0117geliai Kojel\u0117 \/ apdaila \/ spalva Nereguliuojama \/ plastikin\u0117 \/ pilka Kojel\u0117s auk\u0161tis 100 mm Stal\u010di\u0173 skai\u010dius 1 Atvir\u0173 ni\u0161\u0173 skai\u010dius 1<\/p>","protected":false},"excerpt":{"rendered":"<p>KUBO KB11 naktinis staliukas yra miegamojo aksesuaras, sukurtas tobulai papildyti \u0161ios serijos lov\u0105. Jis leid\u017eia vakare pad\u0117ti knyg\u0105 ar \u017eadintuv\u0105, o i\u0161traukiamas stal\u010dius puikiai tinka asmeniniams daiktams laikyti. \u0160iltos r\u0117mo spalvos ir blizgiai balti fasadai pary\u0161kina ir vizualiai padidina [\u2026]<\/p>","protected":false},"featured_media":254749,"comment_status":"open","ping_status":"open","template":"","meta":[],"product_brand":[],"product_cat":[1176,2457],"product_tag":[],"class_list":{"0":"post-254776","1":"product","2":"type-product","3":"status-publish","4":"has-post-thumbnail","6":"product_cat-bedside-tables","7":"product_cat-liveo","9":"first","10":"instock","11":"purchasable","12":"product-type-simple"},"_links":{"self":[{"href":"https:\/\/baldumarket.lt\/lt\/wp-json\/wp\/v2\/product\/254776","targetHints":{"allow":["GET"]}}],"collection":[{"href":"https:\/\/baldumarket.lt\/lt\/wp-json\/wp\/v2\/product"}],"about":[{"href":"https:\/\/baldumarket.lt\/lt\/wp-json\/wp\/v2\/types\/product"}],"replies":[{"embeddable":true,"href":"https:\/\/baldumarket.lt\/lt\/wp-json\/wp\/v2\/comments?post=254776"}],"wp:featuredmedia":[{"embeddable":true,"href":"https:\/\/baldumarket.lt\/lt\/wp-json\/wp\/v2\/media\/254749"}],"wp:attachment":[{"href":"https:\/\/baldumarket.lt\/lt\/wp-json\/wp\/v2\/media?parent=254776"}],"wp:term":[{"taxonomy":"product_brand","embeddable":true,"href":"https:\/\/baldumarket.lt\/lt\/wp-json\/wp\/v2\/product_brand?post=254776"},{"taxonomy":"product_cat","embeddable":true,"href":"https:\/\/baldumarket.lt\/lt\/wp-json\/wp\/v2\/product_cat?post=254776"},{"taxonomy":"product_tag","embeddable":true,"href":"https:\/\/baldumarket.lt\/lt\/wp-json\/wp\/v2\/product_tag?post=254776"}],"curies":[{"name":"wp","href":"https:\/\/api.w.org\/{rel}","templated":true}]}}