{"id":254774,"date":"2026-01-10T22:29:25","date_gmt":"2026-01-10T19:29:25","guid":{"rendered":"https:\/\/baldumarket.lt\/product\/kubo-kb10-lozko-90-z-szuflada\/"},"modified":"2026-02-11T18:31:01","modified_gmt":"2026-02-11T15:31:01","slug":"kubo-kb10-lozko-90-z-szuflada","status":"publish","type":"product","link":"https:\/\/baldumarket.lt\/lt\/product\/kubo-kb10-lozko-90-z-szuflada\/","title":{"rendered":"KUBO KB10 Lova 90 Su Stal\u010diumi"},"content":{"rendered":"<p>KUBO KB10 lova, kurios miegamoji erdv\u0117 yra 90 \u00d7 200 cm, yra pagrindinis nam\u0173 baldas, puikiai tinkantis jaunimo kambariui. Papildoma savyb\u0117 \u2013 stal\u010dius, kuriame galima laikyti patalyn\u0119, smulkius aksesuarus ar knygas. \u010ciu\u017einys ir r\u0117mas \u012f komplekt\u0105 ne\u012feina; juos reikia \u012fsigyti atskirai. Baltos ir \u0161iltos \u0105\u017euolo spalvos derinys pa\u0161viesins ir vizualiai padidins erdv\u0119, suteikdamas kambariui jaukumo. Lova idealiai dera su kitais KUBO serijos baldais arba kaip atskiras baldas, leid\u017eiantis pritaikyti kambar\u012f pagal savo skon\u012f.<\/p>\n<p>Plotis 96,5 cm Ilgis 204,4 cm Auk\u0161tis 75 cm Miegamoji erdv\u0117 90 cm x 200 cm Produkto svoris su pakuote 48,90 kg Gamintojo kodas \/ simbolis KB10 Kolekcijos pavadinimas KUBO Pavadinimas b2b sistemoje KUBO KB10 NAGANO \u0104\u017dUOLO\/BALTA LOV\u0172 KOMPLEKTAS Produkto pakuo\u010di\u0173 skai\u010dius 2 Stilius Modernus \u012eranga Surinkimo instrukcijos \/ surinkimo priedai Surinkimas Savaranki\u0161kam surinkimui Korpuso spalva Nagano \u0105\u017euolas \/ Blizgi balta Vir\u0161utin\u0117s apdailos med\u017eiaga \/ tipas \/ storis 22 mm baldin\u0117 lenta Kair\u0117s ir de\u0161in\u0117s pus\u0117s apdailos med\u017eiaga \/ tipas \/ storis 22 mm baldin\u0117 lenta Apatin\u0117s apdailos med\u017eiaga \/ tipas \/ storis 22 mm baldin\u0117 lenta Kiti elementai 16 mm baldin\u0117 lenta Priekin\u0117 spalva Blizgi balta Priekin\u0117s apdailos med\u017eiaga \/ tipas \/ storis 16 mm baldin\u0117 lenta Priekin\u0117 rankena \/ apdaila \/ spalva Plastikas \/ Nagano \u0105\u017euolas Stal\u010di\u0173 b\u0117geliai Ratukai Kojel\u0117 \/ apdaila \/ spalva Nereguliuojama \/ Bald\u0173 b\u0117geliai \/ plastikas \/ Juoda Stal\u010di\u0173 skai\u010dius 1 Konteinerio tipas Stal\u010dius<\/p>","protected":false},"excerpt":{"rendered":"<p>KUBO KB10 lova, kurios miegamojo plotas yra 90 \u00d7 200 cm, yra pagrindinis nam\u0173 baldas, puikiai tinkantis jaunimo kambariui. Papildoma savyb\u0117 \u2013 stal\u010dius, kuriame galima laikyti patalyn\u0119, smulkius aksesuarus ar knygas. \u010ciu\u017einys ir r\u0117mas \u012f komplekt\u0105 ne\u012feina; juos reikia \u012fsigyti atskirai. Lovos [\u2026] derinys<\/p>","protected":false},"featured_media":254745,"comment_status":"open","ping_status":"open","template":"","meta":[],"product_brand":[],"product_cat":[505,2457],"product_tag":[],"class_list":{"0":"post-254774","1":"product","2":"type-product","3":"status-publish","4":"has-post-thumbnail","6":"product_cat-bedroom-beds","7":"product_cat-liveo","9":"first","10":"instock","11":"purchasable","12":"product-type-simple"},"_links":{"self":[{"href":"https:\/\/baldumarket.lt\/lt\/wp-json\/wp\/v2\/product\/254774","targetHints":{"allow":["GET"]}}],"collection":[{"href":"https:\/\/baldumarket.lt\/lt\/wp-json\/wp\/v2\/product"}],"about":[{"href":"https:\/\/baldumarket.lt\/lt\/wp-json\/wp\/v2\/types\/product"}],"replies":[{"embeddable":true,"href":"https:\/\/baldumarket.lt\/lt\/wp-json\/wp\/v2\/comments?post=254774"}],"wp:featuredmedia":[{"embeddable":true,"href":"https:\/\/baldumarket.lt\/lt\/wp-json\/wp\/v2\/media\/254745"}],"wp:attachment":[{"href":"https:\/\/baldumarket.lt\/lt\/wp-json\/wp\/v2\/media?parent=254774"}],"wp:term":[{"taxonomy":"product_brand","embeddable":true,"href":"https:\/\/baldumarket.lt\/lt\/wp-json\/wp\/v2\/product_brand?post=254774"},{"taxonomy":"product_cat","embeddable":true,"href":"https:\/\/baldumarket.lt\/lt\/wp-json\/wp\/v2\/product_cat?post=254774"},{"taxonomy":"product_tag","embeddable":true,"href":"https:\/\/baldumarket.lt\/lt\/wp-json\/wp\/v2\/product_tag?post=254774"}],"curies":[{"name":"wp","href":"https:\/\/api.w.org\/{rel}","templated":true}]}}