{"id":254770,"date":"2026-01-10T22:29:20","date_gmt":"2026-01-10T19:29:20","guid":{"rendered":"https:\/\/baldumarket.lt\/product\/kubo-kb08-polka-wiszaca\/"},"modified":"2026-02-11T18:31:02","modified_gmt":"2026-02-11T15:31:02","slug":"kubo-kb08-polka-wiszaca","status":"publish","type":"product","link":"https:\/\/baldumarket.lt\/lt\/product\/kubo-kb08-polka-wiszaca\/","title":{"rendered":"KUBO KB08 PAKABINAME LENTYNA"},"content":{"rendered":"<p>KUBO KB08 lentyna, pasi\u017eyminti nesenstan\u010diu stiliumi, puikiai tinka bet kokiam kambariui. Joje patogiai galima laikyti knygas ir \u012fvairius dekoratyvinius daiktus. Baltos ir \u0161iltos \u0105\u017euolo spalvos derinys praskaidrins ir vizualiai padidins erdv\u0119, suteikdamas jaukumo. Lentyna puikiai dera su kitais KUBO serijos baldais arba yra atskiras baldas, prisitaikantis prie j\u016bs\u0173 kambario dizaino.<\/p>\n<p>Plotis 78,5 cm Gylis 23,5 cm Auk\u0161tis 22 cm Produkto svoris su pakuote 4,85 kg Gamintojo kodas \/ simbolis KB08 Kolekcijos pavadinimas KUBO Pavadinimas b2b sistemoje KUBO KB08 NAGANO \u0104\u017dUOLO\/BALTA LENTYN\u0172 KOMPLEKTAS Produkto pakuo\u010di\u0173 skai\u010dius 1 Stilius Modernus \u012eranga Surinkimo instrukcijos \/ surinkimo priedai Surinkimas Savaranki\u0161kam surinkimui Spalva Blizgi Balta \/ Nagano \u0105\u017euolas Korpuso med\u017eiaga \/ tipas \/ storis 16 mm bald\u0173 plok\u0161t\u0117 Korpuso vir\u0161utin\u0117s dalies med\u017eiaga \/ tipas \/ storis 22 mm bald\u0173 plok\u0161t\u0117 Korpuso \u012franga Reguliuojami bald\u0173 pakabos<\/p>","protected":false},"excerpt":{"rendered":"<p>KUBO KB08 lentyna, pasi\u017eyminti nesenstan\u010diu stiliumi, puikiai tinka bet kokiam kambariui. Joje patogiai galima laikyti knygas ir \u012fvairius dekoratyvinius daiktus. Baltos ir \u0161iltos \u0105\u017euolo spalvos derinys praskaidrins ir vizualiai padidins erdv\u0119, suteikdamas jaukumo. Lentyna puikiai dera su kitais KUBO serijos baldais [\u2026]<\/p>","protected":false},"featured_media":254746,"comment_status":"open","ping_status":"open","template":"","meta":[],"product_brand":[],"product_cat":[1174,2457],"product_tag":[],"class_list":{"0":"post-254770","1":"product","2":"type-product","3":"status-publish","4":"has-post-thumbnail","6":"product_cat-hanging-shelves","7":"product_cat-liveo","9":"first","10":"instock","11":"purchasable","12":"product-type-simple"},"_links":{"self":[{"href":"https:\/\/baldumarket.lt\/lt\/wp-json\/wp\/v2\/product\/254770","targetHints":{"allow":["GET"]}}],"collection":[{"href":"https:\/\/baldumarket.lt\/lt\/wp-json\/wp\/v2\/product"}],"about":[{"href":"https:\/\/baldumarket.lt\/lt\/wp-json\/wp\/v2\/types\/product"}],"replies":[{"embeddable":true,"href":"https:\/\/baldumarket.lt\/lt\/wp-json\/wp\/v2\/comments?post=254770"}],"wp:featuredmedia":[{"embeddable":true,"href":"https:\/\/baldumarket.lt\/lt\/wp-json\/wp\/v2\/media\/254746"}],"wp:attachment":[{"href":"https:\/\/baldumarket.lt\/lt\/wp-json\/wp\/v2\/media?parent=254770"}],"wp:term":[{"taxonomy":"product_brand","embeddable":true,"href":"https:\/\/baldumarket.lt\/lt\/wp-json\/wp\/v2\/product_brand?post=254770"},{"taxonomy":"product_cat","embeddable":true,"href":"https:\/\/baldumarket.lt\/lt\/wp-json\/wp\/v2\/product_cat?post=254770"},{"taxonomy":"product_tag","embeddable":true,"href":"https:\/\/baldumarket.lt\/lt\/wp-json\/wp\/v2\/product_tag?post=254770"}],"curies":[{"name":"wp","href":"https:\/\/api.w.org\/{rel}","templated":true}]}}