{"id":254768,"date":"2026-01-10T22:29:16","date_gmt":"2026-01-10T19:29:16","guid":{"rendered":"https:\/\/baldumarket.lt\/product\/kubo-kb07-biurko\/"},"modified":"2026-02-11T18:31:02","modified_gmt":"2026-02-11T15:31:02","slug":"kubo-kb07-biurko","status":"publish","type":"product","link":"https:\/\/baldumarket.lt\/lt\/product\/kubo-kb07-biurko\/","title":{"rendered":"KUBO KB07 stalas"},"content":{"rendered":"<p>KUBO KB07 ra\u0161omasis stalas leid\u017eia patogiai dirbti ir mokytis. Ma\u017eas stalvir\u0161is leid\u017eia patogiai susid\u0117ti knygas, u\u017era\u0161\u0173 knygeles ir ne\u0161iojam\u0105j\u012f kompiuter\u012f. Po stalvir\u0161iu esantis stal\u010dius suteikia galimyb\u0119 susid\u0117ti b\u016btiniausius biuro reikmenis. \u0160iltos r\u0117mo spalvos ir blizgiai balti fasadai pary\u0161kina ir vizualiai padidina erdv\u0119, suteikdami kambariui jaukumo. Stalas idealiai dera su kitais KUBO serijos baldais arba yra atskiras baldas, prisitaikantis prie j\u016bs\u0173 kambario interjero.<\/p>\n<p>Plotis 117,5 cm Gylis 60 cm Auk\u0161tis 77 cm Produkto svoris su pakuote 30,50 kg Gamintojo kodas \/ simbolis KB07 Kolekcijos pavadinimas KUBO Pavadinimas b2b sistemoje KUBO KB07 NAGANO \u0104\u017dUOLO\/BALTO STALO KOMPLEKTAS Produkto pakuo\u010di\u0173 skai\u010dius 1 Stilius Modernus \u012eranga Surinkimo instrukcijos \/ surinkimo priedai Surinkimas Savaranki\u0161kam surinkimui Korpuso spalva Nagano \u0105\u017euolas Korpuso med\u017eiaga \/ tipas \/ storis 16 mm baldin\u0117 plok\u0161t\u0117 Korpuso vir\u0161utin\u0117s dalies med\u017eiaga \/ tipas \/ storis 22 mm baldin\u0117 plok\u0161t\u0117 Kojeli\u0173 med\u017eiaga \/ tipas \/ storis 22 mm baldin\u0117 plok\u0161t\u0117 Priekin\u0117 spalva Blizgi balta Priekin\u0117 med\u017eiaga \/ tipas \/ storis 16 mm baldin\u0117 plok\u0161t\u0117 Priekin\u0117 rankena \/ med\u017eiaga \/ spalva Plastikas \/ Nagano \u0105\u017euolas Pilno i\u0161traukimo stal\u010di\u0173 b\u0117geliai Kojel\u0117 \/ med\u017eiaga \/ spalva Nereguliuojami \/ Bald\u0173 b\u0117geliai \/ plastikas \/ Juoda Stal\u010di\u0173 skai\u010dius 1<\/p>","protected":false},"excerpt":{"rendered":"<p>KUBO KB07 ra\u0161omasis stalas leid\u017eia patogiai dirbti ir mokytis. Ma\u017eas stalvir\u0161is leid\u017eia patogiai susid\u0117ti knygas, u\u017era\u0161\u0173 knygeles ir ne\u0161iojam\u0105j\u012f kompiuter\u012f. Stal\u010dius po stalvir\u0161iu suteikia galimyb\u0119 susid\u0117ti b\u016btiniausius biuro reikmenis. \u0160iltos r\u0117mo spalvos ir blizgiai balti fasadai pary\u0161kina ir vizualiai padidina erdv\u0119, suteikdami jaukumo [\u2026]<\/p>","protected":false},"featured_media":254755,"comment_status":"open","ping_status":"open","template":"","meta":[],"product_brand":[],"product_cat":[1312,2457],"product_tag":[],"class_list":{"0":"post-254768","1":"product","2":"type-product","3":"status-publish","4":"has-post-thumbnail","6":"product_cat-desks","7":"product_cat-liveo","9":"first","10":"instock","11":"purchasable","12":"product-type-simple"},"_links":{"self":[{"href":"https:\/\/baldumarket.lt\/lt\/wp-json\/wp\/v2\/product\/254768","targetHints":{"allow":["GET"]}}],"collection":[{"href":"https:\/\/baldumarket.lt\/lt\/wp-json\/wp\/v2\/product"}],"about":[{"href":"https:\/\/baldumarket.lt\/lt\/wp-json\/wp\/v2\/types\/product"}],"replies":[{"embeddable":true,"href":"https:\/\/baldumarket.lt\/lt\/wp-json\/wp\/v2\/comments?post=254768"}],"wp:featuredmedia":[{"embeddable":true,"href":"https:\/\/baldumarket.lt\/lt\/wp-json\/wp\/v2\/media\/254755"}],"wp:attachment":[{"href":"https:\/\/baldumarket.lt\/lt\/wp-json\/wp\/v2\/media?parent=254768"}],"wp:term":[{"taxonomy":"product_brand","embeddable":true,"href":"https:\/\/baldumarket.lt\/lt\/wp-json\/wp\/v2\/product_brand?post=254768"},{"taxonomy":"product_cat","embeddable":true,"href":"https:\/\/baldumarket.lt\/lt\/wp-json\/wp\/v2\/product_cat?post=254768"},{"taxonomy":"product_tag","embeddable":true,"href":"https:\/\/baldumarket.lt\/lt\/wp-json\/wp\/v2\/product_tag?post=254768"}],"curies":[{"name":"wp","href":"https:\/\/api.w.org\/{rel}","templated":true}]}}