{"id":254765,"date":"2026-01-10T22:29:13","date_gmt":"2026-01-10T19:29:13","guid":{"rendered":"https:\/\/baldumarket.lt\/product\/kubo-kb06-szafa-narozna\/"},"modified":"2026-02-11T18:31:02","modified_gmt":"2026-02-11T15:31:02","slug":"kubo-kb06-szafa-narozna","status":"publish","type":"product","link":"https:\/\/baldumarket.lt\/lt\/product\/kubo-kb06-szafa-narozna\/","title":{"rendered":"KUBO KB06 kampin\u0117 spinta"},"content":{"rendered":"<p>Kampin\u0117 spinta \u201eKUBO KB06\u201c turi du varstomus priekius, kuriuose yra daug vietos kasdieniams daiktams susid\u0117ti ir sutvarkyti. Viduje kair\u0117je pus\u0117je yra lentynos, o de\u0161in\u0117je \u2013 du drabu\u017ei\u0173 kabyklai. \u0160i kampin\u0117 spinta puikiai tinka i\u0161naudoti ma\u017eiau prakti\u0161k\u0105 bet kurio kambario kamp\u0105. \u0160iltos r\u0117mo spalvos ir blizgiai balti fasadai pary\u0161kina ir vizualiai padidina erdv\u0119, suteikdami jaukumo. Tamsios kojel\u0117s yra papildomas privalumas, leid\u017eiantis lengviau palaikyti tvark\u0105 ir suteikiantis bendrai i\u0161vaizdai lengvumo. \u0160i kampin\u0117 spinta idealiai tinka naudoti su kitais \u201eKUBO\u201c serijos baldais arba kaip atskiras baldas, prisitaikantis prie j\u016bs\u0173 kambario interjero.<\/p>\n<p>Plotis 82 cm Gylis 82 cm Auk\u0161tis 191 cm Produkto svoris su pakuote 67,72 kg Gamintojo kodas \/ simbolis KB06 Kolekcijos pavadinimas KUBO Pavadinimas b2b sistemoje KUBO KB06 NAGANO \u0104\u017dUOLO\/BALTA KAMPIN\u0116 SPINTEL\u0116 KOMPLEKTAS Produkt\u0173 pakuo\u010di\u0173 skai\u010dius 4 Stilius Moderni \u012franga Surinkimo instrukcijos \/ surinkimo priedai Surinkimas Savaranki\u0161kam surinkimui Korpuso spalva Nagano \u0105\u017euolas Korpuso apdailos med\u017eiaga \/ tipas \/ storis 16 mm baldin\u0117 lenta Vir\u0161utin\u0117 korpuso apdaila \/ med\u017eiaga \/ tipas \/ storis 22 mm baldin\u0117 lenta Apatin\u0117 korpuso apdaila \/ med\u017eiaga \/ tipas \/ storis 22 mm baldin\u0117 lenta Lentynos spalva Nagano \u0105\u017euolas Lentynos apdailos med\u017eiaga \/ tipas \/ storis 16 mm baldin\u0117 lenta Lentyn\u0173 kiekis 3 Kar\u016bnin\u0117s lentynos kiekis 1 Galin\u0117s sienel\u0117s apdailos med\u017eiaga \/ tipas \/ storis 2,5 mm HDF baldin\u0117 lenta Matoma galin\u0117s sienel\u0117s dalis Nagano \u0105\u017euolas Priekin\u0117 spalva: Blizgi balta Priekin\u0117s apdailos med\u017eiaga \/ tipas \/ storis 16 mm baldin\u0117 lenta Priekinis vyris \u2300 35 mm reguliuojamas trijose plok\u0161tumose Priekin\u0117 rankena \/ apdaila \/ spalva Plastikas \/ Nagano \u0105\u017euolas Kojel\u0117 \/ apdaila \/ spalva Nereguliuojama \/ plastikas \/ pilka Kojeli\u0173 auk\u0161tis 100 mm Dur\u0173 skai\u010dius 2 U\u017edar\u0173 ni\u0161\u0173 skai\u010dius 6 K\u0117bulo \u012franga Standartin\u0117 komplektacija: 2 pakabos strypai<\/p>","protected":false},"excerpt":{"rendered":"<p>KUBO KB06 kampin\u0117 spinta turi du varstomus priekius, kurie suteikia daug vietos kasdieniams daiktams susid\u0117ti ir sutvarkyti. Viduje kair\u0117je pus\u0117je yra lentynos, o de\u0161in\u0117je \u2013 du drabu\u017ei\u0173 kabliai. \u0160i kampin\u0117 spinta puikiai tinka naudoti ma\u017eiau prakti\u0161k\u0105 bet kurio kambario kamp\u0105. \u0160iltos [\u2026] spalvos<\/p>","protected":false},"featured_media":254758,"comment_status":"open","ping_status":"open","template":"","meta":[],"product_brand":[],"product_cat":[2457,1177],"product_tag":[],"class_list":{"0":"post-254765","1":"product","2":"type-product","3":"status-publish","4":"has-post-thumbnail","6":"product_cat-liveo","7":"product_cat-wardrobes","9":"first","10":"instock","11":"purchasable","12":"product-type-simple"},"_links":{"self":[{"href":"https:\/\/baldumarket.lt\/lt\/wp-json\/wp\/v2\/product\/254765","targetHints":{"allow":["GET"]}}],"collection":[{"href":"https:\/\/baldumarket.lt\/lt\/wp-json\/wp\/v2\/product"}],"about":[{"href":"https:\/\/baldumarket.lt\/lt\/wp-json\/wp\/v2\/types\/product"}],"replies":[{"embeddable":true,"href":"https:\/\/baldumarket.lt\/lt\/wp-json\/wp\/v2\/comments?post=254765"}],"wp:featuredmedia":[{"embeddable":true,"href":"https:\/\/baldumarket.lt\/lt\/wp-json\/wp\/v2\/media\/254758"}],"wp:attachment":[{"href":"https:\/\/baldumarket.lt\/lt\/wp-json\/wp\/v2\/media?parent=254765"}],"wp:term":[{"taxonomy":"product_brand","embeddable":true,"href":"https:\/\/baldumarket.lt\/lt\/wp-json\/wp\/v2\/product_brand?post=254765"},{"taxonomy":"product_cat","embeddable":true,"href":"https:\/\/baldumarket.lt\/lt\/wp-json\/wp\/v2\/product_cat?post=254765"},{"taxonomy":"product_tag","embeddable":true,"href":"https:\/\/baldumarket.lt\/lt\/wp-json\/wp\/v2\/product_tag?post=254765"}],"curies":[{"name":"wp","href":"https:\/\/api.w.org\/{rel}","templated":true}]}}