{"id":254762,"date":"2026-01-10T22:29:10","date_gmt":"2026-01-10T19:29:10","guid":{"rendered":"https:\/\/baldumarket.lt\/product\/kubo-kb05-szafa\/"},"modified":"2026-02-11T18:31:02","modified_gmt":"2026-02-11T15:31:02","slug":"kubo-kb05-szafa","status":"publish","type":"product","link":"https:\/\/baldumarket.lt\/lt\/product\/kubo-kb05-szafa\/","title":{"rendered":"KUBO KB05 \u017eaislin\u0117 spinta"},"content":{"rendered":"<p>D\u0117l savo matmen\u0173 KUBO KB05 spinta gali sutalpinti \u012fvairius daiktus, tod\u0117l yra labai erdvi ir patogi naudoti. Spinta apatin\u0117je dalyje turi du stal\u010dius ir pakabos b\u0117gel\u012f, puikiai tinkant\u012f drabu\u017eiams laikyti ant pakab\u0173. Paprastas dizainas ir universalumas leid\u017eia jai der\u0117ti prie \u012fvairi\u0173 interjer\u0173. \u0160iltos korpuso spalvos ir blizgiai balti fasadai pary\u0161kina ir vizualiai padidina erdv\u0119, suteikdami jaukumo. Papildomas spintos privalumas \u2013 tamsios kojel\u0117s, kurios palengvina organizavim\u0105 ir suteikia bendram dizainui lengvumo. Spinta idealiai tinka naudoti su kitais KUBO serijos baldais arba kaip atskiras baldas, prisitaikantis prie j\u016bs\u0173 kambario interjero.<\/p>\n<p>Plotis 78,5 cm Gylis 53,5 cm Auk\u0161tis 191 cm Produkto svoris su pakuote 63,20 kg Gamintojo kodas \/ simbolis KB05 Kolekcijos pavadinimas KUBO Pavadinimas b2b sistemoje KUBO KB05 NAGANO \u0104\u017dUOLO\/BALTA SPINTEL\u0116S KOMPLEKTAS Produkto pakuo\u010di\u0173 skai\u010dius 2 Stilius Modernus \u012eranga Surinkimo instrukcijos \/ surinkimo priedai Surinkimas Savaranki\u0161kam surinkimui Korpuso spalva Nagano \u0105\u017euolas Korpuso med\u017eiaga \/ tipas \/ storis 16 mm baldin\u0117 plok\u0161t\u0117 Vir\u0161utinio korpuso med\u017eiaga \/ tipas \/ storis 22 mm baldin\u0117 plok\u0161t\u0117 Apatinio korpuso med\u017eiaga \/ tipas \/ storis 22 mm baldin\u0117 plok\u0161t\u0117 Galin\u0117s sienel\u0117s med\u017eiaga \/ tipas \/ storis 2,5 mm HDF baldin\u0117 plok\u0161t\u0117 Matoma galin\u0117s sienel\u0117s dalis Nagano \u0105\u017euolas Priekin\u0117 spalva Blizgi balta Priekin\u0117 med\u017eiaga \/ tipas \/ storis 16 mm baldin\u0117 plok\u0161t\u0117 Priekinis vyris \u2300 35 mm reguliuojamas trijose plok\u0161tumose Ranken\u0117l\u0117 Priekin\u0117 dalis \/ Apdaila \/ Spalva Plastikas \/ Nagano \u0105\u017euolas Stal\u010di\u0173 b\u0117geliai su pilnu i\u0161traukimu Kojel\u0117 \/ Apdaila \/ Spalva Nereguliuojama \/ Plastikas \/ Pilka Kojel\u0117s auk\u0161tis 100 mm Dureli\u0173 skai\u010dius 2 Stal\u010di\u0173 skai\u010dius 2 U\u017edar\u0173 ni\u0161\u0173 skai\u010dius 1 Korpuso \u012franga Standartinis 1 pakabinimo karnizas<\/p>","protected":false},"excerpt":{"rendered":"<p>D\u0117l savo matmen\u0173 KUBO KB05 spinta gali sutalpinti \u012fvairius daiktus, tod\u0117l yra labai erdvi ir patogi naudoti. Spinta apatin\u0117je dalyje turi du stal\u010dius ir pakabos b\u0117gel\u012f, puikiai tinkant\u012f drabu\u017eiams laikyti ant pakab\u0173. Paprastas dizainas ir universalumas leid\u017eia j\u0105 pritaikyti \u012fvairiems [\u2026]<\/p>","protected":false},"featured_media":254748,"comment_status":"open","ping_status":"open","template":"","meta":[],"product_brand":[],"product_cat":[2457,1177],"product_tag":[],"class_list":{"0":"post-254762","1":"product","2":"type-product","3":"status-publish","4":"has-post-thumbnail","6":"product_cat-liveo","7":"product_cat-wardrobes","9":"first","10":"instock","11":"purchasable","12":"product-type-simple"},"_links":{"self":[{"href":"https:\/\/baldumarket.lt\/lt\/wp-json\/wp\/v2\/product\/254762","targetHints":{"allow":["GET"]}}],"collection":[{"href":"https:\/\/baldumarket.lt\/lt\/wp-json\/wp\/v2\/product"}],"about":[{"href":"https:\/\/baldumarket.lt\/lt\/wp-json\/wp\/v2\/types\/product"}],"replies":[{"embeddable":true,"href":"https:\/\/baldumarket.lt\/lt\/wp-json\/wp\/v2\/comments?post=254762"}],"wp:featuredmedia":[{"embeddable":true,"href":"https:\/\/baldumarket.lt\/lt\/wp-json\/wp\/v2\/media\/254748"}],"wp:attachment":[{"href":"https:\/\/baldumarket.lt\/lt\/wp-json\/wp\/v2\/media?parent=254762"}],"wp:term":[{"taxonomy":"product_brand","embeddable":true,"href":"https:\/\/baldumarket.lt\/lt\/wp-json\/wp\/v2\/product_brand?post=254762"},{"taxonomy":"product_cat","embeddable":true,"href":"https:\/\/baldumarket.lt\/lt\/wp-json\/wp\/v2\/product_cat?post=254762"},{"taxonomy":"product_tag","embeddable":true,"href":"https:\/\/baldumarket.lt\/lt\/wp-json\/wp\/v2\/product_tag?post=254762"}],"curies":[{"name":"wp","href":"https:\/\/api.w.org\/{rel}","templated":true}]}}