{"id":254759,"date":"2026-01-10T22:29:07","date_gmt":"2026-01-10T19:29:07","guid":{"rendered":"https:\/\/baldumarket.lt\/product\/kubo-kb04-szafka\/"},"modified":"2026-02-11T18:31:02","modified_gmt":"2026-02-11T15:31:02","slug":"kubo-kb04-szafka","status":"publish","type":"product","link":"https:\/\/baldumarket.lt\/lt\/product\/kubo-kb04-szafka\/","title":{"rendered":"KUBO KB04 SPINTEL\u0116"},"content":{"rendered":"<p>Jaunimo kambariui skirta KUBO KB04 spintel\u0117 i\u0161siskiria erdviu interjeru ir prakti\u0161ku dizainu. Vir\u0161utin\u0117 dalis yra su tvirtomis durel\u0117mis, o apatin\u0117 \u2013 dviem stal\u010diais, kuriuose galite susid\u0117ti b\u016btiniausius daiktus. Centrin\u0117je dalyje esan\u010diose atvirose lentynose eksponuojami kiti daiktai. \u0160iltos korpuso spalvos ir blizgiai balti fasadai pary\u0161kina ir vizualiai padidina erdv\u0119, suteikdami jaukumo. Papildomas spintel\u0117s privalumas \u2013 tamsios kojel\u0117s, kurios palengvina organizavim\u0105 ir suteikia dizainui lengvumo. Spintel\u0117 idealiai tinka naudoti su kitais KUBO serijos baldais arba kaip atskiras baldas, prisitaikantis prie j\u016bs\u0173 kambario interjero.<\/p>\n<p>Plotis 50 cm Gylis 39,5 cm Auk\u0161tis 191 cm Produkto svoris su pakuote 45,20 kg Gamintojo kodas \/ simbolis KB04 Kolekcijos pavadinimas KUBO Pavadinimas b2b sistemoje KUBO KB04 NAGANO \u0104\u017dUOLO\/BALTA SPINTELI\u0172 KOMPLEKTAS Produkto pakuo\u010di\u0173 skai\u010dius 2 Stilius Moderni \u012franga Surinkimo instrukcijos \/ surinkimo priedai Surinkimas Savaranki\u0161kam surinkimui Korpuso spalva Nagano \u0105\u017euolas Korpuso apdailos med\u017eiaga \/ tipas \/ storis 16 mm baldin\u0117 plok\u0161t\u0117 Vir\u0161utinio korpuso apdaila \/ med\u017eiaga \/ tipas \/ storis 22 mm baldin\u0117 plok\u0161t\u0117 Apatinio korpuso apdaila \/ med\u017eiaga \/ tipas \/ storis 22 mm baldin\u0117 plok\u0161t\u0117 Lentynos spalva Nagano \u0105\u017euolas Lentynos apdailos med\u017eiaga \/ tipas \/ storis 16 mm baldin\u0117 plok\u0161t\u0117 Lentyn\u0173 kiekis 3 Galin\u0117s sienel\u0117s apdailos med\u017eiaga \/ tipas \/ storis 2,5 mm HDF baldin\u0117 plok\u0161t\u0117 Matoma galin\u0117s sienel\u0117s dalis Nagano \u0105\u017euolas Priekin\u0117 spalva Blizgi balta Priekin\u0117s apdailos med\u017eiaga \/ tipas \/ storis 16 mm baldin\u0117 plok\u0161t\u0117 Priekinis vyris \u2300 35 mm reguliuojamas trijose plok\u0161tumose Priekin\u0117 rankena \/ apdaila \/ spalva Plastikas \/ Nagano \u0105\u017euolas Pilno i\u0161traukimo stal\u010diaus b\u0117geliai Kojel\u0117 \/ apdaila \/ spalva Nereguliuojamas \/ plastikas \/ pilka Kojel\u0117s auk\u0161tis 100 mm Dureli\u0173 skai\u010dius 1 Stal\u010di\u0173 skai\u010dius 2 Atvir\u0173 ni\u0161\u0173 skai\u010dius 5 U\u017edar\u0173 ni\u0161\u0173 skai\u010dius 2<\/p>","protected":false},"excerpt":{"rendered":"<p>Jaunimo kambariui skirta KUBO KB04 spintel\u0117 i\u0161siskiria erdviu interjeru ir prakti\u0161ku dizainu. Vir\u0161utin\u0117 dalis yra su tvirtomis durel\u0117mis, o apatin\u0117 \u2013 dviem stal\u010diais, kuriuose galite susitvarkyti b\u016btiniausius daiktus. Centre esan\u010diose atvirose lentynose eksponuojami kiti daiktai. \u0160iltos korpuso spalvos ir blizgios [\u2026]<\/p>","protected":false},"featured_media":254760,"comment_status":"open","ping_status":"open","template":"","meta":[],"product_brand":[],"product_cat":[2457,1177],"product_tag":[],"class_list":{"0":"post-254759","1":"product","2":"type-product","3":"status-publish","4":"has-post-thumbnail","6":"product_cat-liveo","7":"product_cat-wardrobes","9":"first","10":"instock","11":"purchasable","12":"product-type-simple"},"_links":{"self":[{"href":"https:\/\/baldumarket.lt\/lt\/wp-json\/wp\/v2\/product\/254759","targetHints":{"allow":["GET"]}}],"collection":[{"href":"https:\/\/baldumarket.lt\/lt\/wp-json\/wp\/v2\/product"}],"about":[{"href":"https:\/\/baldumarket.lt\/lt\/wp-json\/wp\/v2\/types\/product"}],"replies":[{"embeddable":true,"href":"https:\/\/baldumarket.lt\/lt\/wp-json\/wp\/v2\/comments?post=254759"}],"wp:featuredmedia":[{"embeddable":true,"href":"https:\/\/baldumarket.lt\/lt\/wp-json\/wp\/v2\/media\/254760"}],"wp:attachment":[{"href":"https:\/\/baldumarket.lt\/lt\/wp-json\/wp\/v2\/media?parent=254759"}],"wp:term":[{"taxonomy":"product_brand","embeddable":true,"href":"https:\/\/baldumarket.lt\/lt\/wp-json\/wp\/v2\/product_brand?post=254759"},{"taxonomy":"product_cat","embeddable":true,"href":"https:\/\/baldumarket.lt\/lt\/wp-json\/wp\/v2\/product_cat?post=254759"},{"taxonomy":"product_tag","embeddable":true,"href":"https:\/\/baldumarket.lt\/lt\/wp-json\/wp\/v2\/product_tag?post=254759"}],"curies":[{"name":"wp","href":"https:\/\/api.w.org\/{rel}","templated":true}]}}