{"id":254756,"date":"2026-01-10T22:29:04","date_gmt":"2026-01-10T19:29:04","guid":{"rendered":"https:\/\/baldumarket.lt\/product\/kubo-kb03-komoda\/"},"modified":"2026-02-11T18:31:02","modified_gmt":"2026-02-11T15:31:02","slug":"kubo-kb03-komoda","status":"publish","type":"product","link":"https:\/\/baldumarket.lt\/lt\/product\/kubo-kb03-komoda\/","title":{"rendered":"KUBO KB03 komoda su stal\u010diais"},"content":{"rendered":"<p>Jaunimo kambariui ir ne tik jam skirta komoda KUBO KB03 u\u017eima minimaliai vietos, tod\u0117l puikiai tinka tiek ma\u017eiems, tiek dideliems kambariams. Erdv\u016bs stal\u010diai, atviros lentynos ir spintel\u0117s suteikia daug vietos knygoms, u\u017era\u0161\u0173 knygoms ir dekoracijoms. \u0160iltos korpuso spalvos ir blizgiai balti fasadai pary\u0161kina ir vizualiai padidina erdv\u0119, suteikdami jaukumo. Papildomas komodos privalumas \u2013 tamsios kojel\u0117s, kurios padeda palaikyti tvark\u0105 ir suteikia dizainui lengvumo. Komoda idealiai dera su kitais KUBO serijos baldais arba yra atskiras baldas, prisitaikantis prie j\u016bs\u0173 kambario interjero.<\/p>\n<p>Plotis 78,5 cm Gylis 39,5 cm Auk\u0161tis 116 cm Produkto svoris su pakuote 44,50 kg Gamintojo kodas \/ simbolis KB03 Kolekcijos pavadinimas KUBO Pavadinimas b2b sistemoje KUBO KB03 NAGANO \u0104\u017dUOLO\/BALTA KOMODOS KOMPLEKTAS Produkto pakuo\u010di\u0173 skai\u010dius 2 Stilius Modernus \u012eranga Surinkimo instrukcijos \/ surinkimo priedai Surinkimas Savaranki\u0161kam surinkimui Korpuso spalva Nagano \u0105\u017euolas Korpuso apdailos med\u017eiaga \/ tipas \/ storis 16 mm baldin\u0117 plok\u0161t\u0117 Vir\u0161utin\u0117 korpuso apdaila \/ med\u017eiaga \/ tipas \/ storis 22 mm baldin\u0117 plok\u0161t\u0117 Apatin\u0117 korpuso apdaila \/ med\u017eiaga \/ tipas \/ storis 22 mm baldin\u0117 plok\u0161t\u0117 Lentynos spalva Nagano \u0105\u017euolas Lentynos apdailos med\u017eiaga \/ tipas \/ storis 16 mm baldin\u0117 plok\u0161t\u0117 Lentyn\u0173 kiekis 3 Galin\u0117s sienel\u0117s apdailos med\u017eiaga \/ tipas \/ storis 2,5 mm HDF baldin\u0117 plok\u0161t\u0117 Matoma galin\u0117s sienel\u0117s dalis Nagano \u0105\u017euolas Priekin\u0117 spalva Blizgi balta Priekin\u0117 apdaila Med\u017eiaga \/ Tipas \/ Storis 16 mm baldin\u0117 plok\u0161t\u0117 Priekinis vyris \u2300 35 mm, reguliuojamas trijose plok\u0161tumose Priekin\u0117 rankena \/ Apdaila \/ Spalva Plastikas \/ Nagano \u0105\u017euolas Stal\u010di\u0173 b\u0117geliai su pilnu i\u0161traukimu Kojel\u0117 \/ Apdaila \/ Spalva Nereguliuojami \/ Plastikin\u0117 \/ pilka Kojeli\u0173 auk\u0161tis 100 mm Dureli\u0173 skai\u010dius 2 Stal\u010di\u0173 skai\u010dius 2 Atvir\u0173 ni\u0161\u0173 skai\u010dius 2 U\u017edar\u0173 ni\u0161\u0173 skai\u010dius 4<\/p>","protected":false},"excerpt":{"rendered":"<p>KUBO KB03 komoda, sukurta jaunimo kambariui ir ne tik, u\u017eima minimaliai vietos, tod\u0117l puikiai tinka tiek ma\u017eiems, tiek dideliems kambariams. Erdv\u016bs stal\u010diai, atviros lentynos ir spintel\u0117s suteikia daug vietos knygoms, u\u017era\u0161\u0173 knygoms ir dekoracijoms. \u0160iltos korpuso spalvos ir blizgiai balti fasadai pary\u0161kina ir vizualiai padidina [\u2026]<\/p>","protected":false},"featured_media":254753,"comment_status":"open","ping_status":"open","template":"","meta":[],"product_brand":[],"product_cat":[1173,2457],"product_tag":[],"class_list":{"0":"post-254756","1":"product","2":"type-product","3":"status-publish","4":"has-post-thumbnail","6":"product_cat-chests-of-drawers","7":"product_cat-liveo","9":"first","10":"instock","11":"purchasable","12":"product-type-simple"},"_links":{"self":[{"href":"https:\/\/baldumarket.lt\/lt\/wp-json\/wp\/v2\/product\/254756","targetHints":{"allow":["GET"]}}],"collection":[{"href":"https:\/\/baldumarket.lt\/lt\/wp-json\/wp\/v2\/product"}],"about":[{"href":"https:\/\/baldumarket.lt\/lt\/wp-json\/wp\/v2\/types\/product"}],"replies":[{"embeddable":true,"href":"https:\/\/baldumarket.lt\/lt\/wp-json\/wp\/v2\/comments?post=254756"}],"wp:featuredmedia":[{"embeddable":true,"href":"https:\/\/baldumarket.lt\/lt\/wp-json\/wp\/v2\/media\/254753"}],"wp:attachment":[{"href":"https:\/\/baldumarket.lt\/lt\/wp-json\/wp\/v2\/media?parent=254756"}],"wp:term":[{"taxonomy":"product_brand","embeddable":true,"href":"https:\/\/baldumarket.lt\/lt\/wp-json\/wp\/v2\/product_brand?post=254756"},{"taxonomy":"product_cat","embeddable":true,"href":"https:\/\/baldumarket.lt\/lt\/wp-json\/wp\/v2\/product_cat?post=254756"},{"taxonomy":"product_tag","embeddable":true,"href":"https:\/\/baldumarket.lt\/lt\/wp-json\/wp\/v2\/product_tag?post=254756"}],"curies":[{"name":"wp","href":"https:\/\/api.w.org\/{rel}","templated":true}]}}