{"id":254750,"date":"2026-01-10T22:29:01","date_gmt":"2026-01-10T19:29:01","guid":{"rendered":"https:\/\/baldumarket.lt\/product\/kubo-kb02-komoda\/"},"modified":"2026-02-11T18:31:02","modified_gmt":"2026-02-11T15:31:02","slug":"kubo-kb02-komoda","status":"publish","type":"product","link":"https:\/\/baldumarket.lt\/lt\/product\/kubo-kb02-komoda\/","title":{"rendered":"KUBO KB02 komoda su stal\u010diais"},"content":{"rendered":"<p>KUBO KB02 komoda pasi\u017eymi erdvia stal\u010di\u0173 eile ir giliomis spintel\u0117mis, kurios u\u017etikrina optimali\u0105 daikt\u0173 laikymo erdv\u0119 ir padeda palaikyti tvark\u0105 kambaryje. Paauglio kambaryje komoda praver\u010dia ne tik drabu\u017eiams, bet ir knygoms bei s\u0105siuviniams laikyti. \u0160iltos korpuso spalvos ir blizgiai balti fasadai pary\u0161kina ir vizualiai padidina erdv\u0119, suteikdami kambariui jaukumo. Papildomas komodos privalumas \u2013 tamsios kojel\u0117s, kurios padeda palaikyti tvark\u0105 ir suteikia formai lengvumo. Komoda idealiai dera su kitais KUBO serijos baldais arba kaip atskiras baldas, prisitaikantis prie j\u016bs\u0173 kambario interjero.<\/p>\n<p>Plotis 126 cm Gylis 39,5 cm Auk\u0161tis 88 cm Produkto svoris su pakuote 50,90 kg Gamintojo kodas \/ simbolis KB02 Kolekcijos pavadinimas KUBO Pavadinimas b2b sistemoje KUBO KB02 NAGANO \u0104\u017dUOLO\/BALTA KOMODOS KOMPLEKTAS Produkto pakuo\u010di\u0173 skai\u010dius 2 Stilius Modernus \u012eranga Surinkimo instrukcijos \/ surinkimo priedai Surinkimui Savaranki\u0161kam surinkimui Korpuso spalva Nagano \u0105\u017euolas Korpuso med\u017eiaga \/ tipas \/ storis 16 mm baldin\u0117 plok\u0161t\u0117 Vir\u0161utin\u0117 korpuso apdaila \/ med\u017eiaga \/ tipas \/ storis 22 mm baldin\u0117 plok\u0161t\u0117 Apatin\u0117 korpuso apdaila \/ med\u017eiaga \/ tipas \/ storis 22 mm baldin\u0117 plok\u0161t\u0117 Lentynos spalva Nagano \u0105\u017euolas Lentynos med\u017eiaga \/ tipas \/ storis 16 mm baldin\u0117 plok\u0161t\u0117 Lentyn\u0173 kiekis 2 Galin\u0117s sienel\u0117s med\u017eiaga \/ tipas \/ storis 2,5 mm HDF baldin\u0117 plok\u0161t\u0117 Matoma galin\u0117s sienel\u0117s dalis Nagano \u0105\u017euolas Priekin\u0117 spalva Blizgi balta Priekin\u0117 med\u017eiaga \/ tipas \/ storis 16 mm baldin\u0117 plok\u0161t\u0117 Priekinis vyris \u2300 35 mm reguliuojamas trijose plok\u0161tumose Priekin\u0117 rankena \/ apdaila \/ spalva Plastikas \/ Nagano \u0105\u017euolas Stal\u010di\u0173 b\u0117geliai su pilnu i\u0161traukimu Kojel\u0117 \/ apdaila \/ spalva Nereguliuojama \/ plastikin\u0117 \/ pilka Kojel\u0117s auk\u0161tis 100 mm Dureli\u0173 skai\u010dius 2 Stal\u010di\u0173 skai\u010dius 3 Atvir\u0173 ni\u0161\u0173 skai\u010dius 1 U\u017edar\u0173 ni\u0161\u0173 skai\u010dius 4<\/p>","protected":false},"excerpt":{"rendered":"<p>KUBO KB02 komoda pasi\u017eymi erdvia stal\u010di\u0173 eile ir giliomis spintel\u0117mis, kurios u\u017etikrina optimali\u0105 daikt\u0173 laikymo erdv\u0119 ir padeda palaikyti tvark\u0105 kambaryje. Paauglio kambaryje komoda praver\u010dia ne tik drabu\u017eiams, bet ir knygoms bei u\u017era\u0161\u0173 knygoms laikyti. \u0160iltos korpuso spalvos ir blizgios [\u2026]<\/p>","protected":false},"featured_media":254751,"comment_status":"open","ping_status":"open","template":"","meta":[],"product_brand":[],"product_cat":[1173,2457],"product_tag":[],"class_list":{"0":"post-254750","1":"product","2":"type-product","3":"status-publish","4":"has-post-thumbnail","6":"product_cat-chests-of-drawers","7":"product_cat-liveo","9":"first","10":"instock","11":"purchasable","12":"product-type-simple"},"_links":{"self":[{"href":"https:\/\/baldumarket.lt\/lt\/wp-json\/wp\/v2\/product\/254750","targetHints":{"allow":["GET"]}}],"collection":[{"href":"https:\/\/baldumarket.lt\/lt\/wp-json\/wp\/v2\/product"}],"about":[{"href":"https:\/\/baldumarket.lt\/lt\/wp-json\/wp\/v2\/types\/product"}],"replies":[{"embeddable":true,"href":"https:\/\/baldumarket.lt\/lt\/wp-json\/wp\/v2\/comments?post=254750"}],"wp:featuredmedia":[{"embeddable":true,"href":"https:\/\/baldumarket.lt\/lt\/wp-json\/wp\/v2\/media\/254751"}],"wp:attachment":[{"href":"https:\/\/baldumarket.lt\/lt\/wp-json\/wp\/v2\/media?parent=254750"}],"wp:term":[{"taxonomy":"product_brand","embeddable":true,"href":"https:\/\/baldumarket.lt\/lt\/wp-json\/wp\/v2\/product_brand?post=254750"},{"taxonomy":"product_cat","embeddable":true,"href":"https:\/\/baldumarket.lt\/lt\/wp-json\/wp\/v2\/product_cat?post=254750"},{"taxonomy":"product_tag","embeddable":true,"href":"https:\/\/baldumarket.lt\/lt\/wp-json\/wp\/v2\/product_tag?post=254750"}],"curies":[{"name":"wp","href":"https:\/\/api.w.org\/{rel}","templated":true}]}}