{"id":254742,"date":"2026-01-10T22:28:57","date_gmt":"2026-01-10T19:28:57","guid":{"rendered":"https:\/\/baldumarket.lt\/product\/kubo-kb01-komoda\/"},"modified":"2026-02-11T18:31:02","modified_gmt":"2026-02-11T15:31:02","slug":"kubo-kb01-komoda","status":"publish","type":"product","link":"https:\/\/baldumarket.lt\/lt\/product\/kubo-kb01-komoda\/","title":{"rendered":"KUBO KB01 komoda su stal\u010diais"},"content":{"rendered":"<p>Komoda \u201eKUBO KB01\u201c \u2013 tai prakti\u0161ka ir erdvi komoda paauglio kambariui ir ne tik. Ji turi tris stal\u010dius ir atvir\u0105 ni\u0161\u0105, ir nepaisant kompakti\u0161ko dyd\u017eio, joje telpa daug b\u016btiniausi\u0173 daikt\u0173. \u0160iltos korpuso spalvos ir blizgiai balti fasadai pary\u0161kina ir vizualiai padidina erdv\u0119, suteikdami jaukumo. Papildomas komodos privalumas \u2013 tamsios kojel\u0117s, kurios palengvina organizavim\u0105 ir suteikia dizainui lengvumo. Komoda idealiai dera su kitais \u201eKUBO\u201c serijos baldais arba yra atskiras baldas, leid\u017eiantis j\u0105 pritaikyti prie savo kambario dizaino.<\/p>\n<p>Plotis 78,5 cm Gylis 39,5 cm Auk\u0161tis 88 cm Produkto svoris su pakuote 34,30 kg Gamintojo kodas \/ simbolis KB01 Kolekcijos pavadinimas KUBO Pavadinimas b2b sistemoje KUBO KB01 NAGANO \u0104\u017dUOLO\/BALTA KOMODOS KOMPLEKTAS Produkto pakuo\u010di\u0173 skai\u010dius 2 Stilius Modernus \u012eranga Surinkimo instrukcijos \/ surinkimo priedai Surinkimas Savaranki\u0161kam surinkimui Korpuso spalva Nagano \u0105\u017euolas Korpuso apdailos med\u017eiaga \/ tipas \/ storis 16 mm baldin\u0117 plok\u0161t\u0117 Vir\u0161utin\u0117 korpuso apdaila \/ med\u017eiaga \/ tipas \/ storis 22 mm baldin\u0117 plok\u0161t\u0117 Apatin\u0117 korpuso apdaila \/ med\u017eiaga \/ tipas \/ storis 22 mm baldin\u0117 plok\u0161t\u0117 Galin\u0117s sienel\u0117s apdailos med\u017eiaga \/ tipas \/ storis 2,5 mm HDF baldin\u0117 plok\u0161t\u0117 Galin\u0117s sienel\u0117s matomos dalies spalva Nagano \u0105\u017euolas Priekin\u0117 spalva Blizgi balta Priekin\u0117s apdailos med\u017eiaga \/ tipas \/ storis 16 mm baldin\u0117 plok\u0161t\u0117 Priekin\u0117 rankena \/ apdaila \/ spalva Plastikas \/ Nagano \u0105\u017euolas Pilno i\u0161traukimo stal\u010di\u0173 b\u0117geliai Kojel\u0117 \/ apdaila \/ spalva Nereguliuojama \/ plastikin\u0117 \/ pilka Kojel\u0117s auk\u0161tis 100 mm Stal\u010di\u0173 skai\u010dius 3 Atvir\u0173 ni\u0161\u0173 skai\u010dius 1<\/p>","protected":false},"excerpt":{"rendered":"<p>KUBO KB01 komoda \u2013 prakti\u0161ka ir erdvi komoda paauglio kambariui ir ne tik. Ji turi tris stal\u010dius ir atvir\u0105 ni\u0161\u0105, ir nepaisant kompakti\u0161ko dyd\u017eio, joje telpa daug b\u016btiniausi\u0173 daikt\u0173. \u0160iltos korpuso spalvos ir blizgiai balti fasadai pary\u0161kina ir vizualiai padidina [\u2026]<\/p>","protected":false},"featured_media":254743,"comment_status":"open","ping_status":"open","template":"","meta":[],"product_brand":[],"product_cat":[1173,2457],"product_tag":[],"class_list":{"0":"post-254742","1":"product","2":"type-product","3":"status-publish","4":"has-post-thumbnail","6":"product_cat-chests-of-drawers","7":"product_cat-liveo","9":"first","10":"instock","11":"purchasable","12":"product-type-simple"},"_links":{"self":[{"href":"https:\/\/baldumarket.lt\/lt\/wp-json\/wp\/v2\/product\/254742","targetHints":{"allow":["GET"]}}],"collection":[{"href":"https:\/\/baldumarket.lt\/lt\/wp-json\/wp\/v2\/product"}],"about":[{"href":"https:\/\/baldumarket.lt\/lt\/wp-json\/wp\/v2\/types\/product"}],"replies":[{"embeddable":true,"href":"https:\/\/baldumarket.lt\/lt\/wp-json\/wp\/v2\/comments?post=254742"}],"wp:featuredmedia":[{"embeddable":true,"href":"https:\/\/baldumarket.lt\/lt\/wp-json\/wp\/v2\/media\/254743"}],"wp:attachment":[{"href":"https:\/\/baldumarket.lt\/lt\/wp-json\/wp\/v2\/media?parent=254742"}],"wp:term":[{"taxonomy":"product_brand","embeddable":true,"href":"https:\/\/baldumarket.lt\/lt\/wp-json\/wp\/v2\/product_brand?post=254742"},{"taxonomy":"product_cat","embeddable":true,"href":"https:\/\/baldumarket.lt\/lt\/wp-json\/wp\/v2\/product_cat?post=254742"},{"taxonomy":"product_tag","embeddable":true,"href":"https:\/\/baldumarket.lt\/lt\/wp-json\/wp\/v2\/product_tag?post=254742"}],"curies":[{"name":"wp","href":"https:\/\/api.w.org\/{rel}","templated":true}]}}