{"id":254738,"date":"2026-01-10T22:28:54","date_gmt":"2026-01-10T19:28:54","guid":{"rendered":"https:\/\/baldumarket.lt\/product\/kris-ks10-polka-wiszaca\/"},"modified":"2026-02-11T18:31:02","modified_gmt":"2026-02-11T15:31:02","slug":"kris-ks10-polka-wiszaca","status":"publish","type":"product","link":"https:\/\/baldumarket.lt\/lt\/product\/kris-ks10-polka-wiszaca\/","title":{"rendered":"KRIS KS10 PAKABINAMA LENTYNA"},"content":{"rendered":"<p>\u201eKris\u201c serijos pakabinama lentyna, modelis KS10, derina paprastum\u0105 ir funkcionalum\u0105. Tai puikus sprendimas \u012fvairiems daiktams laikyti ir eksponuoti namuose. D\u0117l minimalistinio dizaino lentyna puikiai dera prie \u012fvairi\u0173 interjero stili\u0173. Ji puikiai tinka knygoms, dekoracijoms ar nuotrauk\u0173 r\u0117meliams laikyti ir dera tiek svetain\u0117se, tiek miegamuosiuose, tiek koridoriuose. Lentynos matmenys idealiai tinka naudoti \u012fvairiuose kambariuose, \u012fskaitant ir tuos, kuriuose yra ribota erdv\u0117.<\/p>\n<p>Plotis 163,5 cm Gylis 23,5 cm Auk\u0161tis 22 cm Produkto svoris su pakuote 9,10 kg Gamintojo kodas \/ simbolis KS10 Kolekcijos pavadinimas KRIS Pavadinimas b2b sistemoje KRIS KS10 \u0104\u017dUOLO EVOKE LENTYN\u0172 KOMPLEKTAS Produkto pakuo\u010di\u0173 skai\u010dius 1 Stilius Modernus \u012eranga Surinkimo instrukcijos \/ surinkimo priedai Surinkimas Savaranki\u0161kam surinkimui Spalvos Evoke Oak Korpuso med\u017eiaga \/ tipas \/ storis 16 mm bald\u0173 plok\u0161t\u0117 Korpuso vir\u0161utin\u0117s dalies med\u017eiaga \/ tipas \/ storis 16 mm bald\u0173 plok\u0161t\u0117 Korpuso \u012franga Reguliuojami bald\u0173 pakabos<\/p>","protected":false},"excerpt":{"rendered":"<p>\u201eKris\u201c serijos pakabinama lentyna, modelis KS10, sujungia paprastum\u0105 ir funkcionalum\u0105. Tai puikus sprendimas \u012fvairiems daiktams laikyti ir eksponuoti namuose. D\u0117l minimalistinio dizaino lentyna puikiai dera prie \u012fvairi\u0173 interjero stili\u0173. Puikiai tinka knygoms, papuo\u0161alams ar nuotrauk\u0173 r\u0117meliams laikyti, ji gerai atrodo svetain\u0117se, miegamuosiuose ir [\u2026]<\/p>","protected":false},"featured_media":254739,"comment_status":"open","ping_status":"open","template":"","meta":[],"product_brand":[],"product_cat":[1174,2457],"product_tag":[],"class_list":{"0":"post-254738","1":"product","2":"type-product","3":"status-publish","4":"has-post-thumbnail","6":"product_cat-hanging-shelves","7":"product_cat-liveo","9":"first","10":"instock","11":"product-type-simple"},"_links":{"self":[{"href":"https:\/\/baldumarket.lt\/lt\/wp-json\/wp\/v2\/product\/254738","targetHints":{"allow":["GET"]}}],"collection":[{"href":"https:\/\/baldumarket.lt\/lt\/wp-json\/wp\/v2\/product"}],"about":[{"href":"https:\/\/baldumarket.lt\/lt\/wp-json\/wp\/v2\/types\/product"}],"replies":[{"embeddable":true,"href":"https:\/\/baldumarket.lt\/lt\/wp-json\/wp\/v2\/comments?post=254738"}],"wp:featuredmedia":[{"embeddable":true,"href":"https:\/\/baldumarket.lt\/lt\/wp-json\/wp\/v2\/media\/254739"}],"wp:attachment":[{"href":"https:\/\/baldumarket.lt\/lt\/wp-json\/wp\/v2\/media?parent=254738"}],"wp:term":[{"taxonomy":"product_brand","embeddable":true,"href":"https:\/\/baldumarket.lt\/lt\/wp-json\/wp\/v2\/product_brand?post=254738"},{"taxonomy":"product_cat","embeddable":true,"href":"https:\/\/baldumarket.lt\/lt\/wp-json\/wp\/v2\/product_cat?post=254738"},{"taxonomy":"product_tag","embeddable":true,"href":"https:\/\/baldumarket.lt\/lt\/wp-json\/wp\/v2\/product_tag?post=254738"}],"curies":[{"name":"wp","href":"https:\/\/api.w.org\/{rel}","templated":true}]}}