{"id":254731,"date":"2026-01-10T22:28:51","date_gmt":"2026-01-10T19:28:51","guid":{"rendered":"https:\/\/baldumarket.lt\/product\/kris-ks09-szafa\/"},"modified":"2026-02-11T18:31:02","modified_gmt":"2026-02-11T15:31:02","slug":"kris-ks09-szafa","status":"publish","type":"product","link":"https:\/\/baldumarket.lt\/lt\/product\/kris-ks09-szafa\/","title":{"rendered":"KRIS KS09 DRABU\u017dIN\u0116"},"content":{"rendered":"<p>\u201cKris\u201d spinta, modelis KS09, yra ne tik prakti\u0161kas sprendimas drabu\u017eiams ir aksesuarams laikyti, bet ir eleganti\u0161kas dizaino elementas j\u016bs\u0173 kambaryje. Durys su eleganti\u0161komis rankenomis atsiveria \u012f erdvi\u0105 erdv\u0119 su prakti\u0161komis lentynomis ir pakaba drabu\u017eiams, leid\u017eian\u010diomis susitvarkyti drabu\u017eius pagal j\u016bs\u0173 poreikius. \u201eEvoke Oak\/Black\u201c spalv\u0173 schema suteikia spintai unikal\u0173 charakter\u012f, papildant\u012f \u012fvairius interjero dizainus.<\/p>\n<p>Plotis 92 cm Gylis 53,5 cm Auk\u0161tis 198 cm Produkto svoris su pakuote 73,00 kg Gamintojo kodas \/ simbolis KS09 Kolekcijos pavadinimas KRIS Pavadinimas b2b sistemoje KRIS KS09 EVOKE \u0104\u017dUOLO\/JUODO STILIAUS SPINTEL\u0116S KOMPLEKTAS Produkt\u0173 pakuo\u010di\u0173 skai\u010dius 3 Stilius Modernus \u012eranga Surinkimo instrukcijos \/ surinkimo priedai Surinkimas Savaranki\u0161kam surinkimui Korpuso spalva Evoke Oak \/ Juoda Korpuso med\u017eiaga \/ tipas \/ storis 16 mm baldin\u0117 plok\u0161t\u0117 Korpuso vir\u0161utin\u0117 dalis \/ tipas \/ storis 16 mm baldin\u0117 plok\u0161t\u0117 Korpuso apatin\u0117 dalis \/ tipas \/ storis 16 mm baldin\u0117 plok\u0161t\u0117 Korpuso pagrindo dalis \/ tipas \/ storis 16 mm baldin\u0117 plok\u0161t\u0117 Lentynos spalva Evoke Oak Lentynos med\u017eiaga \/ tipas \/ storis 16 mm baldin\u0117 plok\u0161t\u0117 Lentynos kar\u016bnos kiekis 1 Galin\u0117s sienel\u0117s med\u017eiaga \/ tipas \/ storis 2,5 mm HDF baldin\u0117 plok\u0161t\u0117 Galin\u0117s sienel\u0117s matoma spalva Juoda Priekin\u0117 spalva Evoke Oak \/ Juoda Priekin\u0117s apdailos med\u017eiaga \/ tipas \/ storis 16 mm MDF baldin\u0117 plok\u0161t\u0117 \/ 5 mm HDF baldin\u0117 plok\u0161t\u0117 Priekinis vyris \u2300 35 mm reguliuojamas trijose plok\u0161tumose Dur\u0173 atidarymo sistema Paspaudus 4 dur\u0173 fasadams atidaryti Kojel\u0117 \/ apdaila \/ spalva Nereguliuojama \/ plastikin\u0117 \/ juoda Kojel\u0117s auk\u0161tis 120 mm Dureli\u0173 skai\u010dius 4 U\u017edar\u0173 ni\u0161\u0173 skai\u010dius 3 Korpuso \u012franga Standartin\u0117 1 pakabinimo karnizas<\/p>","protected":false},"excerpt":{"rendered":"<p>\u201cKris\u201c spinta, modelis KS09, yra ne tik prakti\u0161kas sprendimas drabu\u017eiams ir aksesuarams laikyti, bet ir eleganti\u0161kas dizaino elementas j\u016bs\u0173 kambaryje. Durys su eleganti\u0161komis rankenomis atsiveria \u012f erdvi\u0105 erdv\u0119 su prakti\u0161komis lentynomis ir pakaba drabu\u017eiams, leid\u017eian\u010diomis susitvarkyti drabu\u017eius pagal j\u016bs\u0173 poreikius. \u201eEvoke [\u2026]\u201c<\/p>","protected":false},"featured_media":254730,"comment_status":"open","ping_status":"open","template":"","meta":[],"product_brand":[],"product_cat":[2457,1177],"product_tag":[],"class_list":{"0":"post-254731","1":"product","2":"type-product","3":"status-publish","4":"has-post-thumbnail","6":"product_cat-liveo","7":"product_cat-wardrobes","9":"first","10":"instock","11":"product-type-simple"},"_links":{"self":[{"href":"https:\/\/baldumarket.lt\/lt\/wp-json\/wp\/v2\/product\/254731","targetHints":{"allow":["GET"]}}],"collection":[{"href":"https:\/\/baldumarket.lt\/lt\/wp-json\/wp\/v2\/product"}],"about":[{"href":"https:\/\/baldumarket.lt\/lt\/wp-json\/wp\/v2\/types\/product"}],"replies":[{"embeddable":true,"href":"https:\/\/baldumarket.lt\/lt\/wp-json\/wp\/v2\/comments?post=254731"}],"wp:featuredmedia":[{"embeddable":true,"href":"https:\/\/baldumarket.lt\/lt\/wp-json\/wp\/v2\/media\/254730"}],"wp:attachment":[{"href":"https:\/\/baldumarket.lt\/lt\/wp-json\/wp\/v2\/media?parent=254731"}],"wp:term":[{"taxonomy":"product_brand","embeddable":true,"href":"https:\/\/baldumarket.lt\/lt\/wp-json\/wp\/v2\/product_brand?post=254731"},{"taxonomy":"product_cat","embeddable":true,"href":"https:\/\/baldumarket.lt\/lt\/wp-json\/wp\/v2\/product_cat?post=254731"},{"taxonomy":"product_tag","embeddable":true,"href":"https:\/\/baldumarket.lt\/lt\/wp-json\/wp\/v2\/product_tag?post=254731"}],"curies":[{"name":"wp","href":"https:\/\/api.w.org\/{rel}","templated":true}]}}