{"id":254723,"date":"2026-01-10T22:28:46","date_gmt":"2026-01-10T19:28:46","guid":{"rendered":"https:\/\/baldumarket.lt\/product\/kris-ks08-regal-prawostronny\/"},"modified":"2026-02-11T18:31:03","modified_gmt":"2026-02-11T15:31:03","slug":"kris-ks08-regal-prawostronny","status":"publish","type":"product","link":"https:\/\/baldumarket.lt\/lt\/product\/kris-ks08-regal-prawostronny\/","title":{"rendered":"KRIS KS08 DE\u0160IN\u0116S PUS\u0116S LENTYNOS"},"content":{"rendered":"<p>Kvie\u010diame susipa\u017einti su \u201cKris\u201d serijos knyg\u0173 lentyna, modeliu KS08 \u2013 tobulu funkcionalumo ir minimalistinio dizaino deriniu. \u0160i knyg\u0173 lentyna, apdailinta \u201eEvoke Oak\/Black\u201c spalva, suteiks j\u016bs\u0173 interjerui modernumo ir kartu pasi\u016blys prakti\u0161k\u0173 daikt\u0173 laikymo sprendim\u0173. Pagaminta i\u0161 auk\u0161tos kokyb\u0117s med\u017eiag\u0173, knyg\u0173 lentyna yra patvari ir patikima. Stilingos rankenos suteikia elegancijos ir u\u017etikrina lengv\u0105 prieig\u0105 prie laikom\u0173 daikt\u0173. D\u0117l savo matmen\u0173 KS07 knyg\u0173 lentyna puikiai tiks tiek didesn\u0117se, tiek ma\u017eesn\u0117se erdv\u0117se, suteikdama funkcionalumo ir stiliaus.<\/p>\n<p>Plotis 54,5 cm Gylis 38,5 cm Auk\u0161tis 198 cm Produkto svoris su pakuote 43,75 kg Gamintojo kodas \/ simbolis KS08 Kolekcijos pavadinimas KRIS Pavadinimas b2b sistemoje KRIS KS08 EVOKE \u0104\u017dUOLO\/JUODOS LENTYN\u0172 RINKINYS Produkto pakuo\u010di\u0173 skai\u010dius 3 Stilius Modernus \u012eranga Surinkimo instrukcijos \/ surinkimo priedai Surinkimas Savaranki\u0161kam surinkimui Korpuso spalva Evoke Oak \/ Juoda Korpuso med\u017eiaga \/ tipas \/ storis 16 mm baldin\u0117 plok\u0161t\u0117 Korpuso vir\u0161utin\u0117 dalis \/ tipas \/ storis 16 mm baldin\u0117 plok\u0161t\u0117 Korpuso apa\u010dia \/ tipas \/ storis 16 mm baldin\u0117 plok\u0161t\u0117 Korpuso pagrindo dalis \/ tipas \/ storis 16 mm baldin\u0117 plok\u0161t\u0117 Lentynos spalva Evoke Oak Lentynos med\u017eiaga \/ tipas \/ storis 16 mm baldin\u0117 plok\u0161t\u0117 Lentyn\u0173 kiekis 3 Galin\u0117s sienel\u0117s med\u017eiaga \/ tipas \/ storis 2,5 mm HDF baldin\u0117 plok\u0161t\u0117 Matoma galin\u0117s sienel\u0117s dalis Juoda Priekin\u0117 spalva Evoke Oak \/ Juoda Priekin\u0117s apdailos med\u017eiaga \/ tipas \/ storis 16 mm MDF baldin\u0117 plok\u0161t\u0117 \/ 5 mm HDF baldin\u0117 plok\u0161t\u0117 Priekinis vyris \u2300 35 mm reguliuojamas trijose plok\u0161tumose Dur\u0173 atidarymo sistema 2 dur\u0173 priekin\u0117s dalys atidaromos stumiant Kojel\u0117 \/ apdaila \/ spalva Nereguliuojama \/ plastikin\u0117 \/ juoda Kojel\u0117s auk\u0161tis 120 mm Dureli\u0173 skai\u010dius 2 Atvir\u0173 ni\u0161\u0173 skai\u010dius 2 U\u017edar\u0173 ni\u0161\u0173 skai\u010dius 4<\/p>","protected":false},"excerpt":{"rendered":"<p>Kvie\u010diame atrasti \u201cKris\u201d serijos knyg\u0173 lentyn\u0105, model\u012f KS08 \u2013 tobul\u0105 funkcionalumo ir minimalistinio dizaino derin\u012f. Apdaila \u201eEvoke Oak\/Black\u201c spalva suteiks j\u016bs\u0173 interjerui modernumo ir prakti\u0161k\u0173 daikt\u0173 laikymo sprendim\u0173. Pagaminta i\u0161 auk\u0161tos kokyb\u0117s med\u017eiag\u0173, knyg\u0173 lentyna yra patvari ir patikima. Stilingos rankenos suteikia elegancijos, o [\u2026]<\/p>","protected":false},"featured_media":254724,"comment_status":"open","ping_status":"open","template":"","meta":[],"product_brand":[],"product_cat":[2457,1177],"product_tag":[],"class_list":{"0":"post-254723","1":"product","2":"type-product","3":"status-publish","4":"has-post-thumbnail","6":"product_cat-liveo","7":"product_cat-wardrobes","9":"first","10":"instock","11":"product-type-simple"},"_links":{"self":[{"href":"https:\/\/baldumarket.lt\/lt\/wp-json\/wp\/v2\/product\/254723","targetHints":{"allow":["GET"]}}],"collection":[{"href":"https:\/\/baldumarket.lt\/lt\/wp-json\/wp\/v2\/product"}],"about":[{"href":"https:\/\/baldumarket.lt\/lt\/wp-json\/wp\/v2\/types\/product"}],"replies":[{"embeddable":true,"href":"https:\/\/baldumarket.lt\/lt\/wp-json\/wp\/v2\/comments?post=254723"}],"wp:featuredmedia":[{"embeddable":true,"href":"https:\/\/baldumarket.lt\/lt\/wp-json\/wp\/v2\/media\/254724"}],"wp:attachment":[{"href":"https:\/\/baldumarket.lt\/lt\/wp-json\/wp\/v2\/media?parent=254723"}],"wp:term":[{"taxonomy":"product_brand","embeddable":true,"href":"https:\/\/baldumarket.lt\/lt\/wp-json\/wp\/v2\/product_brand?post=254723"},{"taxonomy":"product_cat","embeddable":true,"href":"https:\/\/baldumarket.lt\/lt\/wp-json\/wp\/v2\/product_cat?post=254723"},{"taxonomy":"product_tag","embeddable":true,"href":"https:\/\/baldumarket.lt\/lt\/wp-json\/wp\/v2\/product_tag?post=254723"}],"curies":[{"name":"wp","href":"https:\/\/api.w.org\/{rel}","templated":true}]}}