{"id":254702,"date":"2026-01-10T22:28:36","date_gmt":"2026-01-10T19:28:36","guid":{"rendered":"https:\/\/baldumarket.lt\/product\/kris-ks05-witryna-lewostronna\/"},"modified":"2026-02-11T18:31:04","modified_gmt":"2026-02-11T15:31:04","slug":"kris-ks05-witryna-lewostronna","status":"publish","type":"product","link":"https:\/\/baldumarket.lt\/lt\/product\/kris-ks05-witryna-lewostronna\/","title":{"rendered":"KRIS KS05 KAIR\u0116JE PUS\u0116JE ESANTI VITRINA"},"content":{"rendered":"<p>\u201cKris\u201d serijos vitrina, modelis KS05, \u201eEvoke Oak\/Black\u201c spalvos, derina modern\u0173 dizain\u0105 ir funkcionalum\u0105. Tai unikalus j\u016bs\u0173 svetain\u0117s papildymas, suteikiantis elegancijos ir stiliaus. Stiklin\u0117s durys puikiai tinka knyg\u0173, stiklini\u0173 ind\u0173 ar dekoratyvini\u0173 daikt\u0173 kolekcijai eksponuoti. Daugyb\u0117 lentyn\u0173 leid\u017eia laikyti \u012fvairius smulkius daiktus, i\u0161laikant tvark\u0105. Papildomas \u0161ios vitrinos privalumas \u2013 LED ap\u0161vietimas, kuris subtiliai ap\u0161vie\u010dia laikomus daiktus, suteikdamas kambariui vizualinio \u012fsp\u016bd\u017eio ir jaukumo.<\/p>\n<p>Plotis 54,5 cm Gylis 38,5 cm Auk\u0161tis 198 cm Produkto svoris su pakuote 46,40 kg Gamintojo kodas \/ simbolis KS05 Kolekcijos pavadinimas KRIS Pavadinimas b2b sistemoje KRIS KS05 EVOKE \u0104\u017dUOLO\/JUODOS SPALVOS VITRIN\u0116 L KOMPLEKTAS Produkto pakuo\u010di\u0173 skai\u010dius 3 Stilius Moderni \u012franga Surinkimo instrukcijos \/ surinkimo priedai Surinkimas Savaranki\u0161kam surinkimui Korpuso spalva Evoke Oak \/ Juoda Korpuso med\u017eiaga \/ tipas \/ storis 16 mm baldin\u0117 plok\u0161t\u0117 Korpuso vir\u0161utin\u0117 dalis \/ tipas \/ storis 16 mm baldin\u0117 plok\u0161t\u0117 Korpuso med\u017eiagos apatin\u0117 dalis \/ tipas \/ storis 16 mm baldin\u0117 plok\u0161t\u0117 Korpuso med\u017eiagos pagrindas \/ tipas \/ storis 16 mm baldin\u0117 plok\u0161t\u0117 Lentynos spalva Evoke Oak Lentynos med\u017eiaga \/ tipas \/ storis 16 mm baldin\u0117 plok\u0161t\u0117 Lentynos kar\u016bn\u0117l\u0117s kiekis 1 Galin\u0117s sienel\u0117s med\u017eiaga \/ tipas \/ storis 2,5 mm HDF baldin\u0117 plok\u0161t\u0117 Galin\u0117s sienel\u0117s matomos dalies spalva Juoda Priekin\u0117 spalva Evoke Oak \/ Juoda Priekin\u0117 med\u017eiaga \/ tipas \/ storis 16 mm MDF baldin\u0117 plok\u0161t\u0117 \/ 5 mm HDF baldin\u0117 plok\u0161t\u0117 Priekinis vyris \u2300 35 mm, reguliuojamas trijose plok\u0161tumose \u012estiklinta priekin\u0117 med\u017eiaga \/ stiklo spalva Gr\u016bdintas \/ skaidrus \u012estiklinto priekinio stiklo storis 4 mm Stiklin\u0117s lentynos stiklo spalva Skaidrus Stiklin\u0117s lentynos stiklo storis 5 mm Stiklini\u0173 lentyn\u0173 kiekis 2 Dur\u0173 atidarymo sistema atidaroma spaud\u017eiant 2 priekin\u0117s durys Kojel\u0117 \/ med\u017eiaga \/ spalva Nereguliuojama \/ plastikin\u0117 \/ juoda Kojel\u0117s auk\u0161tis 120 mm Dur\u0173 skai\u010dius 2 U\u017edar\u0173 ni\u0161\u0173 skai\u010dius u\u017e priekinio stiklo 3 U\u017edar\u0173 ni\u0161\u0173 skai\u010dius 2<\/p>","protected":false},"excerpt":{"rendered":"<p>\u201cKris\u201d serijos vitrina, modelis KS05, \u201eEvoke Oak\/Black\u201c spalvos, derina modern\u0173 dizain\u0105 ir funkcionalum\u0105. Tai unikalus j\u016bs\u0173 svetain\u0117s papildymas, suteikiantis elegancijos ir stiliaus. Stiklin\u0117s durys puikiai tinka knyg\u0173, stiklini\u0173 ind\u0173 ar dekoratyvini\u0173 daikt\u0173 kolekcijai eksponuoti. Daugyb\u0117 lentyn\u0173 leid\u017eia laikyti \u012fvairius smulkius daiktus, i\u0161laikant [\u2026]<\/p>","protected":false},"featured_media":254703,"comment_status":"open","ping_status":"open","template":"","meta":[],"product_brand":[],"product_cat":[2457,2006],"product_tag":[],"class_list":{"0":"post-254702","1":"product","2":"type-product","3":"status-publish","4":"has-post-thumbnail","6":"product_cat-liveo","7":"product_cat-vitrines","9":"first","10":"instock","11":"product-type-simple"},"_links":{"self":[{"href":"https:\/\/baldumarket.lt\/lt\/wp-json\/wp\/v2\/product\/254702","targetHints":{"allow":["GET"]}}],"collection":[{"href":"https:\/\/baldumarket.lt\/lt\/wp-json\/wp\/v2\/product"}],"about":[{"href":"https:\/\/baldumarket.lt\/lt\/wp-json\/wp\/v2\/types\/product"}],"replies":[{"embeddable":true,"href":"https:\/\/baldumarket.lt\/lt\/wp-json\/wp\/v2\/comments?post=254702"}],"wp:featuredmedia":[{"embeddable":true,"href":"https:\/\/baldumarket.lt\/lt\/wp-json\/wp\/v2\/media\/254703"}],"wp:attachment":[{"href":"https:\/\/baldumarket.lt\/lt\/wp-json\/wp\/v2\/media?parent=254702"}],"wp:term":[{"taxonomy":"product_brand","embeddable":true,"href":"https:\/\/baldumarket.lt\/lt\/wp-json\/wp\/v2\/product_brand?post=254702"},{"taxonomy":"product_cat","embeddable":true,"href":"https:\/\/baldumarket.lt\/lt\/wp-json\/wp\/v2\/product_cat?post=254702"},{"taxonomy":"product_tag","embeddable":true,"href":"https:\/\/baldumarket.lt\/lt\/wp-json\/wp\/v2\/product_tag?post=254702"}],"curies":[{"name":"wp","href":"https:\/\/api.w.org\/{rel}","templated":true}]}}