{"id":254695,"date":"2026-01-10T22:28:32","date_gmt":"2026-01-10T19:28:32","guid":{"rendered":"https:\/\/baldumarket.lt\/product\/kris-ks04-witryna-niska\/"},"modified":"2026-02-11T18:31:04","modified_gmt":"2026-02-11T15:31:04","slug":"kris-ks04-witryna-niska","status":"publish","type":"product","link":"https:\/\/baldumarket.lt\/lt\/product\/kris-ks04-witryna-niska\/","title":{"rendered":"KRIS KS04 \u017dEMA VITRINA"},"content":{"rendered":"<p>Pristatome \u017eem\u0105 \u201eKris\u201c serijos vitrin\u0105, model\u012f KS04, kurioje dera elegancija ir prakti\u0161kumas. Tvirta konstrukcija, pagaminta i\u0161 auk\u0161tos kokyb\u0117s med\u017eiag\u0173, u\u017etikrina patvarum\u0105 ir stabilum\u0105. Sukurta atsi\u017evelgiant \u012f praktin\u012f naudojim\u0105, KS04 vitrina si\u016blo daugyb\u0119 erdv\u0117s organizavimo galimybi\u0173. Stiklin\u0117s durys puikiai tinka knyg\u0173 kolekcijoms, stikliniams indams ar dekoratyviniams daiktams eksponuoti.<\/p>\n<p>Plotis 92 cm Gylis 38,5 cm Auk\u0161tis 147 cm Produkto svoris su pakuote 52,75 kg Gamintojo kodas \/ simbolis KS04 Kolekcijos pavadinimas KRIS Pavadinimas b2b sistemoje KRIS KS04 EVOKE \u0104\u017dUOLO\/JUODOS SPALVOS \u017dEMA VITRIN\u0116S SPINTEL\u0116S KOMPLEKTAS Produkto pakuo\u010di\u0173 skai\u010dius 3 Stilius Moderni \u012franga Surinkimo instrukcijos \/ surinkimo priedai Surinkimas Savaranki\u0161kam surinkimui Korpuso spalva Evoke Oak \/ Juoda Korpuso med\u017eiaga \/ tipas \/ storis 16 mm baldin\u0117 plok\u0161t\u0117 Korpuso vir\u0161utin\u0117 dalis \/ tipas \/ storis 16 mm baldin\u0117 plok\u0161t\u0117 Korpuso med\u017eiagos apatin\u0117 dalis \/ tipas \/ storis 16 mm baldin\u0117 plok\u0161t\u0117 Korpuso med\u017eiagos pagrindas \/ tipas \/ storis 16 mm baldin\u0117 plok\u0161t\u0117 Lentynos spalva Evoke Oak Lentynos med\u017eiaga \/ tipas \/ storis 16 mm baldin\u0117 plok\u0161t\u0117 Lentynos kar\u016bn\u0117l\u0117s kiekis 1 Galin\u0117s sienel\u0117s med\u017eiaga \/ tipas \/ storis 2,5 mm HDF baldin\u0117 plok\u0161t\u0117 Galin\u0117s sienel\u0117s matomos dalies spalva Juoda Priekin\u0117 spalva Evoke Oak \/ Juoda Priekin\u0117 med\u017eiaga \/ tipas \/ storis 16 mm MDF baldin\u0117 plok\u0161t\u0117 \/ 5 mm HDF baldin\u0117 plok\u0161t\u0117 Priekinis vyris \u2300 35 mm reguliuojamas trijose plok\u0161tumose \u012estiklinta priekin\u0117 dalis \/ Stiklo spalva Gr\u016bdintas \/ skaidrus Stiklinio priekinio stiklo storis 4 mm Stiklin\u0117s lentynos stiklo spalva Skaidrus Stiklin\u0117s lentynos stiklo storis 5 mm Stiklini\u0173 lentyn\u0173 kiekis 2 Dur\u0173 atidarymo sistema atidaroma spaud\u017eiant 4 priekin\u0117s durys Kojel\u0117 \/ med\u017eiaga \/ spalva Nereguliuojama \/ plastikin\u0117 \/ juoda Kojel\u0117s auk\u0161tis 120 mm Dur\u0173 skai\u010dius 4 U\u017edar\u0173 ni\u0161\u0173 skai\u010dius u\u017e priekinio stiklo 4 U\u017edar\u0173 ni\u0161\u0173 skai\u010dius 2<\/p>","protected":false},"excerpt":{"rendered":"<p>Pristatome \u017eem\u0105 \u201eKris\u201c serijos vitrin\u0105, model\u012f KS04, kurioje dera elegancija ir prakti\u0161kumas. Tvirta konstrukcija, pagaminta i\u0161 auk\u0161tos kokyb\u0117s med\u017eiag\u0173, u\u017etikrina ilgaam\u017ei\u0161kum\u0105 ir stabilum\u0105. Sukurta atsi\u017evelgiant \u012f praktin\u012f naudojim\u0105, KS04 vitrina si\u016blo daugyb\u0119 erdv\u0117s organizavimo galimybi\u0173. Stiklin\u0117s durys puikiai tinka knyg\u0173 kolekcijoms, stikliniams indams ar [\u2026] eksponuoti.<\/p>","protected":false},"featured_media":254696,"comment_status":"open","ping_status":"open","template":"","meta":[],"product_brand":[],"product_cat":[2457,2006],"product_tag":[],"class_list":{"0":"post-254695","1":"product","2":"type-product","3":"status-publish","4":"has-post-thumbnail","6":"product_cat-liveo","7":"product_cat-vitrines","9":"first","10":"instock","11":"product-type-simple"},"_links":{"self":[{"href":"https:\/\/baldumarket.lt\/lt\/wp-json\/wp\/v2\/product\/254695","targetHints":{"allow":["GET"]}}],"collection":[{"href":"https:\/\/baldumarket.lt\/lt\/wp-json\/wp\/v2\/product"}],"about":[{"href":"https:\/\/baldumarket.lt\/lt\/wp-json\/wp\/v2\/types\/product"}],"replies":[{"embeddable":true,"href":"https:\/\/baldumarket.lt\/lt\/wp-json\/wp\/v2\/comments?post=254695"}],"wp:featuredmedia":[{"embeddable":true,"href":"https:\/\/baldumarket.lt\/lt\/wp-json\/wp\/v2\/media\/254696"}],"wp:attachment":[{"href":"https:\/\/baldumarket.lt\/lt\/wp-json\/wp\/v2\/media?parent=254695"}],"wp:term":[{"taxonomy":"product_brand","embeddable":true,"href":"https:\/\/baldumarket.lt\/lt\/wp-json\/wp\/v2\/product_brand?post=254695"},{"taxonomy":"product_cat","embeddable":true,"href":"https:\/\/baldumarket.lt\/lt\/wp-json\/wp\/v2\/product_cat?post=254695"},{"taxonomy":"product_tag","embeddable":true,"href":"https:\/\/baldumarket.lt\/lt\/wp-json\/wp\/v2\/product_tag?post=254695"}],"curies":[{"name":"wp","href":"https:\/\/api.w.org\/{rel}","templated":true}]}}