{"id":254688,"date":"2026-01-10T22:28:29","date_gmt":"2026-01-10T19:28:29","guid":{"rendered":"https:\/\/baldumarket.lt\/product\/kris-ks03-komoda\/"},"modified":"2026-02-11T18:31:04","modified_gmt":"2026-02-11T15:31:04","slug":"kris-ks03-komoda","status":"publish","type":"product","link":"https:\/\/baldumarket.lt\/lt\/product\/kris-ks03-komoda\/","title":{"rendered":"KRIS KS03 KOMODA SU STAL\u010cIAIS"},"content":{"rendered":"<p>Komoda \u201cKris KS03\u201d derina funkcionalum\u0105 ir rafinuot\u0105 stili\u0173. \u0160i komoda spinduliuoja elegancija, tod\u0117l tampa nepakei\u010diamu j\u016bs\u0173 interjero akcentu. \u201eEvoke Black Oak\u201c spalv\u0173 schema suteikia baldui unikali\u0105 i\u0161vaizd\u0105. Rinkit\u0117s komod\u0105 \u201eKS03\u201c i\u0161 \u201eKris\u201c kolekcijos, kad savo interjerui suteiktum\u0117te ne tik funkcionalumo, bet ir stiliaus.<\/p>\n<p>Plotis 163,5 cm Gylis 38,5 cm Auk\u0161tis 86 cm Produkto svoris su pakuote 54,82 kg Gamintojo kodas \/ simbolis KS03 Kolekcijos pavadinimas KRIS Pavadinimas b2b sistemoje KRIS KS03 EVOKE \u0104\u017dUOLO\/JUODOS SKOD\u0172 KOMOD\u0172 RINKINYS Produkto pakuo\u010di\u0173 skai\u010dius 3 Stilius Moderni \u012franga Surinkimo instrukcijos \/ surinkimo priedai Surinkimas Savaranki\u0161kam surinkimui Korpuso spalva Evoke Oak \/ Juoda Korpuso med\u017eiaga \/ tipas \/ storis 16 mm baldin\u0117 plok\u0161t\u0117 Korpuso vir\u0161utin\u0117 dalis \/ tipas \/ storis 16 mm baldin\u0117 plok\u0161t\u0117 Korpuso apatin\u0117 dalis \/ tipas \/ storis 16 mm baldin\u0117 plok\u0161t\u0117 Korpuso pagrindo dalis \/ tipas \/ storis 16 mm baldin\u0117 plok\u0161t\u0117 Lentynos spalva Evoke Oak Lentynos med\u017eiaga \/ tipas \/ storis 16 mm baldin\u0117 plok\u0161t\u0117 Lentyn\u0173 kiekis 3 Galin\u0117s sienel\u0117s med\u017eiaga \/ tipas \/ storis 2,5 mm HDF baldin\u0117 plok\u0161t\u0117 Matoma galin\u0117s sienel\u0117s dalis Spalva: Juoda Priekin\u0117s dalies spalva: Evoke Oak \/ Juoda Priekin\u0117 apdaila: med\u017eiaga \/ tipas \/ storis: 16 mm MDF baldin\u0117 plok\u0161t\u0117 \/ 5 mm HDF baldin\u0117 plok\u0161t\u0117 Priekinis vyris \u2300 35 mm reguliuojamas trijose plok\u0161tumose Priekinis Rankena \/ apdaila \/ spalva: Frezuota \/ \u201eEvoke Oak\u201c Dur\u0173 atidarymo sistema: Atidaroma stumiant 3 dur\u0173 priekiai Pilnai i\u0161traukiami stal\u010di\u0173 b\u0117geliai Kojel\u0117 \/ apdaila \/ spalva: Nereguliuojama \/ plastikin\u0117 \/ juoda Kojel\u0117s auk\u0161tis: 120 mm Papildoma koja \/ apdaila \/ spalva: Reguliuojama vidurin\u0117 \/ plastikin\u0117 \/ juoda Dur\u0173 skai\u010dius: 3 Stal\u010di\u0173 skai\u010dius: 1 U\u017edar\u0173 ni\u0161\u0173 skai\u010dius: 6<\/p>","protected":false},"excerpt":{"rendered":"<p>Komoda \u201cKris KS03\u201d derina funkcionalum\u0105 ir rafinuot\u0105 stili\u0173. \u0160i komoda spinduliuoja elegancija, tod\u0117l yra nepakei\u010diamas j\u016bs\u0173 interjero akcentas. \u201eEvoke Black Oak\u201c spalv\u0173 schema suteikia baldui unikali\u0105 i\u0161vaizd\u0105. Rinkit\u0117s komod\u0105 \u201eKS03\u201c i\u0161 \u201eKris\u201c kolekcijos, kad prid\u0117tum\u0117te ne tik funkcionalumo, bet ir [\u2026]<\/p>","protected":false},"featured_media":254689,"comment_status":"open","ping_status":"open","template":"","meta":[],"product_brand":[],"product_cat":[1173,2457],"product_tag":[],"class_list":{"0":"post-254688","1":"product","2":"type-product","3":"status-publish","4":"has-post-thumbnail","6":"product_cat-chests-of-drawers","7":"product_cat-liveo","9":"first","10":"instock","11":"product-type-simple"},"_links":{"self":[{"href":"https:\/\/baldumarket.lt\/lt\/wp-json\/wp\/v2\/product\/254688","targetHints":{"allow":["GET"]}}],"collection":[{"href":"https:\/\/baldumarket.lt\/lt\/wp-json\/wp\/v2\/product"}],"about":[{"href":"https:\/\/baldumarket.lt\/lt\/wp-json\/wp\/v2\/types\/product"}],"replies":[{"embeddable":true,"href":"https:\/\/baldumarket.lt\/lt\/wp-json\/wp\/v2\/comments?post=254688"}],"wp:featuredmedia":[{"embeddable":true,"href":"https:\/\/baldumarket.lt\/lt\/wp-json\/wp\/v2\/media\/254689"}],"wp:attachment":[{"href":"https:\/\/baldumarket.lt\/lt\/wp-json\/wp\/v2\/media?parent=254688"}],"wp:term":[{"taxonomy":"product_brand","embeddable":true,"href":"https:\/\/baldumarket.lt\/lt\/wp-json\/wp\/v2\/product_brand?post=254688"},{"taxonomy":"product_cat","embeddable":true,"href":"https:\/\/baldumarket.lt\/lt\/wp-json\/wp\/v2\/product_cat?post=254688"},{"taxonomy":"product_tag","embeddable":true,"href":"https:\/\/baldumarket.lt\/lt\/wp-json\/wp\/v2\/product_tag?post=254688"}],"curies":[{"name":"wp","href":"https:\/\/api.w.org\/{rel}","templated":true}]}}