{"id":254680,"date":"2026-01-10T22:28:26","date_gmt":"2026-01-10T19:28:26","guid":{"rendered":"https:\/\/baldumarket.lt\/product\/kris-ks02-komoda\/"},"modified":"2026-02-11T18:31:04","modified_gmt":"2026-02-11T15:31:04","slug":"kris-ks02-komoda","status":"publish","type":"product","link":"https:\/\/baldumarket.lt\/lt\/product\/kris-ks02-komoda\/","title":{"rendered":"KRIS KS02 KOMODA SU STAL\u010cIAIS"},"content":{"rendered":"<p>\u201cKris\u201d serijos komoda, modelis KS02, \u017eavi elegancijos ir funkcionalumo deriniu. \u0160i komoda puikiai papildys j\u016bs\u0173 gyvenam\u0105j\u0105 erdv\u0119 \u2013 ji bus ne tik prakti\u0161ka, bet ir stilinga. Erdv\u016bs stal\u010diai ir atvira lentyna suteikia daug vietos drabu\u017eiams, aksesuarams ir kitiems smulkiems daiktams laikyti. Be to, eleganti\u0161kos ranken\u0117l\u0117s suteikia komodai modern\u0173 vaizd\u0105 ir palengvina kasdien\u012f naudojim\u0105. \u201eEvoke Black Oak\u201c spalv\u0173 schema suteikia komodai unikal\u0173 charakter\u012f, kuris skland\u017eiai dera prie \u012fvairi\u0173 interjero dizain\u0173.<\/p>\n<p>Plotis 98 cm Gylis 38,5 cm Auk\u0161tis 86 cm Produkto svoris su pakuote 38,30 kg Gamintojo kodas \/ simbolis KS02 Kolekcijos pavadinimas kris Pavadinimas b2b sistemoje KRIS KS02 EVOKE \u0104\u017dUOLO\/JUODOS SKOD\u0172 RINKINYS Produkto pakuo\u010di\u0173 skai\u010dius 3 Stilius Moderni \u012franga Surinkimo instrukcijos \/ surinkimo priedai Surinkimas Savaranki\u0161kam surinkimui Korpuso spalva Evoke Oak \/ Juoda Korpuso med\u017eiaga \/ tipas \/ storis 16 mm baldin\u0117 plok\u0161t\u0117 Korpuso vir\u0161utin\u0117 dalis \/ tipas \/ storis 16 mm baldin\u0117 plok\u0161t\u0117 Korpuso apa\u010dia \/ tipas \/ storis 16 mm baldin\u0117 plok\u0161t\u0117 Korpuso pagrindo dalis \/ tipas \/ storis 16 mm baldin\u0117 plok\u0161t\u0117 Lentynos spalva Evoke Oak Lentynos med\u017eiaga \/ tipas \/ storis 16 mm baldin\u0117 plok\u0161t\u0117 Lentyn\u0173 kiekis 2 Galin\u0117s sienel\u0117s med\u017eiaga \/ tipas \/ storis 2,5 mm HDF baldin\u0117 plok\u0161t\u0117 Matomos galin\u0117s sienel\u0117s dalies spalva Juoda Priekin\u0117 spalva Evoke Oak \/ Juoda Priekin\u0117 med\u017eiaga \/ tipas \/ storis 16 mm MDF baldin\u0117 plok\u0161t\u0117 \/ 5 mm HDF baldin\u0117 plok\u0161t\u0117 Priekinis vyris \u2300 35 mm reguliuojamas trijose plok\u0161tumose Priekin\u0117 rankena \/ apdaila \/ spalva Frezuotas \/ \u201eEvoke Oak\u201c \u0105\u017euolas Dur\u0173 atidarymo sistema atidaroma stumiant 2 dur\u0173 priekiai Pilnai i\u0161traukiami stal\u010di\u0173 b\u0117geliai Kojel\u0117 \/ apdaila \/ spalva Nereguliuojama \/ plastikin\u0117 \/ juoda Kojel\u0117s auk\u0161tis 120 mm Dureli\u0173 skai\u010dius 2 Stal\u010di\u0173 skai\u010dius 2 U\u017edar\u0173 ni\u0161\u0173 skai\u010dius 4<\/p>","protected":false},"excerpt":{"rendered":"<p>\u201eKris\u201c serijos komoda, modelis KS02, \u017eavi elegancijos ir funkcionalumo deriniu. \u0160i komoda puikiai papildys j\u016bs\u0173 gyvenam\u0105j\u0105 erdv\u0119 \u2013 ji bus ne tik prakti\u0161ka, bet ir stilinga. Erdv\u016bs stal\u010diai ir atvira lentyna suteikia daug vietos drabu\u017eiams, aksesuarams ir kitiems smulkiems daiktams laikyti. Be to, eleganti\u0161kos rankenos suteikia [\u2026]<\/p>","protected":false},"featured_media":254681,"comment_status":"open","ping_status":"open","template":"","meta":[],"product_brand":[],"product_cat":[1173,2457],"product_tag":[],"class_list":{"0":"post-254680","1":"product","2":"type-product","3":"status-publish","4":"has-post-thumbnail","6":"product_cat-chests-of-drawers","7":"product_cat-liveo","9":"first","10":"instock","11":"product-type-simple"},"_links":{"self":[{"href":"https:\/\/baldumarket.lt\/lt\/wp-json\/wp\/v2\/product\/254680","targetHints":{"allow":["GET"]}}],"collection":[{"href":"https:\/\/baldumarket.lt\/lt\/wp-json\/wp\/v2\/product"}],"about":[{"href":"https:\/\/baldumarket.lt\/lt\/wp-json\/wp\/v2\/types\/product"}],"replies":[{"embeddable":true,"href":"https:\/\/baldumarket.lt\/lt\/wp-json\/wp\/v2\/comments?post=254680"}],"wp:featuredmedia":[{"embeddable":true,"href":"https:\/\/baldumarket.lt\/lt\/wp-json\/wp\/v2\/media\/254681"}],"wp:attachment":[{"href":"https:\/\/baldumarket.lt\/lt\/wp-json\/wp\/v2\/media?parent=254680"}],"wp:term":[{"taxonomy":"product_brand","embeddable":true,"href":"https:\/\/baldumarket.lt\/lt\/wp-json\/wp\/v2\/product_brand?post=254680"},{"taxonomy":"product_cat","embeddable":true,"href":"https:\/\/baldumarket.lt\/lt\/wp-json\/wp\/v2\/product_cat?post=254680"},{"taxonomy":"product_tag","embeddable":true,"href":"https:\/\/baldumarket.lt\/lt\/wp-json\/wp\/v2\/product_tag?post=254680"}],"curies":[{"name":"wp","href":"https:\/\/api.w.org\/{rel}","templated":true}]}}