{"id":254656,"date":"2026-01-10T22:28:16","date_gmt":"2026-01-10T19:28:16","guid":{"rendered":"https:\/\/baldumarket.lt\/product\/kanapa-sofia\/"},"modified":"2026-02-11T18:31:04","modified_gmt":"2026-02-11T15:31:04","slug":"kanapa-sofia","status":"publish","type":"product","link":"https:\/\/baldumarket.lt\/lt\/product\/kanapa-sofia\/","title":{"rendered":"Sofijos sofa"},"content":{"rendered":"<p>Sofa SOFIA puikiai tinka tiek moderniam, tiek klasikiniam interjerui. Prie sofos pridedamas fotelis, tod\u0117l j\u0105 lengva pritaikyti \u012fvairioms konfig\u016bracijoms. Joje patogiai gali sus\u0117sti trys suaug\u0119 \u017emon\u0117s. Didel\u0117s atlo\u0161o pagalv\u0117l\u0117s suteikia tinkam\u0105, mink\u0161t\u0105 atram\u0105 nugarai ir kaklui, tod\u0117l galite patogiai atsipalaiduoti skaitydami knyg\u0105 ar \u017ei\u016br\u0117dami film\u0105. Platus spalv\u0173 pasirinkimas u\u017etikrina, kad rasite savo poreikius atitinkant\u012f variant\u0105.<\/p>\n<p>Plotis 226 cm Gylis 100 cm Auk\u0161tis 94 cm Miegamoji erdv\u0117 200 \u00d7 147 cm Spalva M\u0117lyna Audinio pavadinimas costa 55 Sulankstoma TAIP Reguliuojamos galvos atramos Ne Produkt\u0173 pakuo\u010di\u0173 skai\u010dius 6 Stilius Skandinavi\u0161kas \u012eranga Surinkimo instrukcijos \/ surinkimo priedai Surinkimas Savaranki\u0161kam surinkimui Kojel\u0117 \/ apdaila \/ spalva Mediena \/ matin\u0117 guoba Kojel\u0117s auk\u0161tis 12 cm Patalyn\u0117 TAIP<\/p>","protected":false},"excerpt":{"rendered":"<p>Sofa SOFIA puikiai tinka tiek moderniam, tiek klasikiniam interjerui. Prie jos pridedamas fotelis, tod\u0117l j\u0105 lengva pritaikyti \u012fvairioms konfig\u016bracijoms. Joje patogiai gali sus\u0117sti trys suaug\u0119 \u017emon\u0117s. Didel\u0117s atlo\u0161o pagalv\u0117l\u0117s suteikia tinkam\u0105, mink\u0161t\u0105 atram\u0105 nugarai ir kaklui, tod\u0117l galite patogiai atsipalaiduoti skaitydami knyg\u0105 ar \u017ei\u016br\u0117dami film\u0105. Platus [\u2026]<\/p>","protected":false},"featured_media":254657,"comment_status":"open","ping_status":"open","template":"","meta":[],"product_brand":[],"product_cat":[2457,560],"product_tag":[],"class_list":{"0":"post-254656","1":"product","2":"type-product","3":"status-publish","4":"has-post-thumbnail","6":"product_cat-liveo","7":"product_cat-sofas-and-couches","9":"first","10":"instock","11":"purchasable","12":"product-type-simple"},"_links":{"self":[{"href":"https:\/\/baldumarket.lt\/lt\/wp-json\/wp\/v2\/product\/254656","targetHints":{"allow":["GET"]}}],"collection":[{"href":"https:\/\/baldumarket.lt\/lt\/wp-json\/wp\/v2\/product"}],"about":[{"href":"https:\/\/baldumarket.lt\/lt\/wp-json\/wp\/v2\/types\/product"}],"replies":[{"embeddable":true,"href":"https:\/\/baldumarket.lt\/lt\/wp-json\/wp\/v2\/comments?post=254656"}],"wp:featuredmedia":[{"embeddable":true,"href":"https:\/\/baldumarket.lt\/lt\/wp-json\/wp\/v2\/media\/254657"}],"wp:attachment":[{"href":"https:\/\/baldumarket.lt\/lt\/wp-json\/wp\/v2\/media?parent=254656"}],"wp:term":[{"taxonomy":"product_brand","embeddable":true,"href":"https:\/\/baldumarket.lt\/lt\/wp-json\/wp\/v2\/product_brand?post=254656"},{"taxonomy":"product_cat","embeddable":true,"href":"https:\/\/baldumarket.lt\/lt\/wp-json\/wp\/v2\/product_cat?post=254656"},{"taxonomy":"product_tag","embeddable":true,"href":"https:\/\/baldumarket.lt\/lt\/wp-json\/wp\/v2\/product_tag?post=254656"}],"curies":[{"name":"wp","href":"https:\/\/api.w.org\/{rel}","templated":true}]}}