{"id":254648,"date":"2026-01-10T22:28:12","date_gmt":"2026-01-10T19:28:12","guid":{"rendered":"https:\/\/baldumarket.lt\/product\/kanapa-manilo-2\/"},"modified":"2026-02-11T18:31:04","modified_gmt":"2026-02-11T15:31:04","slug":"kanapa-manilo-2","status":"publish","type":"product","link":"https:\/\/baldumarket.lt\/lt\/product\/kanapa-manilo-2\/","title":{"rendered":"Manilo sofa"},"content":{"rendered":"<p>\u201eManilo\u201c sofa-lova u\u017ekariaus kiekvieno, kuris i\u0161 savo bald\u0173 tikisi nesenstan\u010dio dizaino ir auk\u0161to funkcionalumo, \u0161ird\u012f. Eleganti\u0161kas dviej\u0173 audini\u0173 \u2013 POSO ir PAROS (katalogo nuotrauka) \u2013 derinys suteikia visam baldui patraukli\u0105 i\u0161vaizd\u0105, ta\u010diau i\u0161lieka maloniai subtilus. Pagamintas i\u0161 unikalaus POSO audinio, kurio mink\u0161tas ir malonus liesti pavir\u0161ius puo\u0161tas storomis juostel\u0117mis, \u0161is baldas tikrai su\u017eav\u0117s j\u016bs\u0173 sve\u010dius ir i\u0161liks ne\u012ftik\u0117tinai patogus kasdieniam naudojimui. Med\u017eiaga taip pat atspari trin\u010diai ir dilimui, tod\u0117l ji daugel\u012f met\u0173 i\u0161laiko nepriekai\u0161ting\u0105 i\u0161vaizd\u0105. M\u016bs\u0173 sofai lengvai rasite viet\u0105 savo namuose, nes MANILO sofa dera prie prakti\u0161kai bet kokio stiliaus, spalvos ir ra\u0161to. Sofos s\u0117dyn\u0117 u\u017epildyta vingiuotomis spyruokl\u0117mis ir lanks\u010diomis poliuretano putomis. Ir tai dar ne viskas, kuo \u0161i sofa gali pasigirti \u2013 ji taip pat gali pasigirti lengvai naudojama DL miegojimo funkcija. Erdvus daiktad\u0117\u017e\u0117 u\u017ebaigia i\u0161vaizd\u0105.<\/p>\n<p>Plotis 202 cm Gylis 97 cm Auk\u0161tis 95 cm Miegamoji erdv\u0117 200 \u00d7 150 cm Spalva M\u0117lyna \/ m\u0117tin\u0117 Audinio pavadinimas paros 3\/poso 3 Sulankstomos TAIP Reguliuojamos galvos atramos Ne Produkto pakuo\u010di\u0173 skai\u010dius 2 Stilius Modernus \u012eranga Surinkimo instrukcijos \/ surinkimo priedai Surinkimas Savaranki\u0161kam surinkimui Kojel\u0117 \/ dizainas \/ spalva Plastikas \/ juoda Kojel\u0117s auk\u0161tis 12 cm Patalyn\u0117 TAIP<\/p>","protected":false},"excerpt":{"rendered":"<p>\u201eManilo\u201c sofa-lova u\u017ekariaus kiekvieno, kuris i\u0161 savo bald\u0173 tikisi nesenstan\u010dio dizaino ir auk\u0161to funkcionalumo, \u0161ird\u012f. Eleganti\u0161kas dviej\u0173 audini\u0173 \u2013 POSO ir PAROS (katalogo nuotrauka) \u2013 derinys suteikia visam baldui patraukli\u0105 i\u0161vaizd\u0105, ta\u010diau i\u0161lieka maloniai subtilus. Pagaminta i\u0161 unikalaus POSO audinio, kurio mink\u0161tas ir malonus liesti pavir\u0161ius [\u2026]<\/p>","protected":false},"featured_media":254649,"comment_status":"open","ping_status":"open","template":"","meta":[],"product_brand":[],"product_cat":[2457,560],"product_tag":[],"class_list":{"0":"post-254648","1":"product","2":"type-product","3":"status-publish","4":"has-post-thumbnail","6":"product_cat-liveo","7":"product_cat-sofas-and-couches","9":"first","10":"instock","11":"purchasable","12":"product-type-simple"},"_links":{"self":[{"href":"https:\/\/baldumarket.lt\/lt\/wp-json\/wp\/v2\/product\/254648","targetHints":{"allow":["GET"]}}],"collection":[{"href":"https:\/\/baldumarket.lt\/lt\/wp-json\/wp\/v2\/product"}],"about":[{"href":"https:\/\/baldumarket.lt\/lt\/wp-json\/wp\/v2\/types\/product"}],"replies":[{"embeddable":true,"href":"https:\/\/baldumarket.lt\/lt\/wp-json\/wp\/v2\/comments?post=254648"}],"wp:featuredmedia":[{"embeddable":true,"href":"https:\/\/baldumarket.lt\/lt\/wp-json\/wp\/v2\/media\/254649"}],"wp:attachment":[{"href":"https:\/\/baldumarket.lt\/lt\/wp-json\/wp\/v2\/media?parent=254648"}],"wp:term":[{"taxonomy":"product_brand","embeddable":true,"href":"https:\/\/baldumarket.lt\/lt\/wp-json\/wp\/v2\/product_brand?post=254648"},{"taxonomy":"product_cat","embeddable":true,"href":"https:\/\/baldumarket.lt\/lt\/wp-json\/wp\/v2\/product_cat?post=254648"},{"taxonomy":"product_tag","embeddable":true,"href":"https:\/\/baldumarket.lt\/lt\/wp-json\/wp\/v2\/product_tag?post=254648"}],"curies":[{"name":"wp","href":"https:\/\/api.w.org\/{rel}","templated":true}]}}