{"id":254632,"date":"2026-01-10T22:28:06","date_gmt":"2026-01-10T19:28:06","guid":{"rendered":"https:\/\/baldumarket.lt\/product\/kanapa-livio-ii-2\/"},"modified":"2026-02-11T18:31:04","modified_gmt":"2026-02-11T15:31:04","slug":"kanapa-livio-ii-2","status":"publish","type":"product","link":"https:\/\/baldumarket.lt\/lt\/product\/kanapa-livio-ii-2\/","title":{"rendered":"Livio II sofa"},"content":{"rendered":"<p>\u201eLIVIO\u201c kolekcija si\u016blo plat\u0173 bald\u0173 derini\u0173 asortiment\u0105. Si\u016blome: fotelius, pufus, sofas ir kampines sofas. Platus modeli\u0173 pasirinkimas leid\u017eia meistri\u0161kai i\u0161d\u0117styti bet koki\u0105 erdv\u0119. Banguotos spyruokl\u0117s ir labai elastingas putplastis s\u0117dyn\u0117je u\u017etikrina patog\u0173 poils\u012f. Atlo\u0161uose naudojamos \u201eBonnell\u201c spyruokl\u0117s. Atlo\u0161o pagalv\u0117l\u0117s u\u017epildytos putplas\u010dio ir silikono granuli\u0173 mi\u0161iniu, tod\u0117l \u201eLIVIO\u201c baldai yra labai atspar\u016bs ir atspar\u016bs nuolatinei deformacijai. Sof\u0173, kampin\u0117s sofos ir fotelio pagalv\u0117l\u0117s ir \u0161onai pasi\u017eymi paprastomis vertikaliomis si\u016bl\u0117mis su ply\u0161iais, kurios suteikia elegancijos ir skaido bendr\u0105 dizain\u0105. Auk\u0161tos, lieknos kojel\u0117s ir \u0161velniai u\u017eapvalinti \u0161onai suteikia elegancijos ir lengvumo. Platus audini\u0173 pasirinkimas leid\u017eia \u0161\u012f bald\u0105 priderinti prie bet kokio interjero.<\/p>\n<p>Plotis 232 cm Gylis 96 cm Auk\u0161tis 90 cm Miegamoji erdv\u0117 200 \u00d7 150 cm Spalva \u017dalia Audinio pavadinimas cruse 526 \/ cruse 522 Sulankstoma TAIP Reguliuojamos galvos atramos Ne Produkto pakuo\u010di\u0173 skai\u010dius 6 Stilius Modernus \u012eranga Surinkimo instrukcijos \/ surinkimo priedai Surinkimas Savaranki\u0161kam surinkimui Kojel\u0117 \/ apdaila \/ spalva Mediena \/ nat\u016brali Kojel\u0117s auk\u0161tis 12 cm Patalyn\u0117 TAIP<\/p>","protected":false},"excerpt":{"rendered":"<p>\u201eLIVIO\u201c kolekcija si\u016blo plat\u0173 bald\u0173 derini\u0173 asortiment\u0105. Si\u016blome: fotelius, pufus, sofas ir kampines sofas. Platus modeli\u0173 pasirinkimas leid\u017eia sumaniai i\u0161d\u0117styti bet koki\u0105 erdv\u0119. Banguotos spyruokl\u0117s ir labai elastingas putplastis s\u0117dyn\u0117je u\u017etikrina patog\u0173 poils\u012f. Atlo\u0161uose naudojamos \u201eBonnell\u201c spyruokl\u0117s. Atlo\u0161o pagalv\u0117l\u0117s u\u017epildytos [\u2026]<\/p>","protected":false},"featured_media":254633,"comment_status":"open","ping_status":"open","template":"","meta":[],"product_brand":[],"product_cat":[2457,560],"product_tag":[],"class_list":{"0":"post-254632","1":"product","2":"type-product","3":"status-publish","4":"has-post-thumbnail","6":"product_cat-liveo","7":"product_cat-sofas-and-couches","9":"first","10":"instock","11":"purchasable","12":"product-type-simple"},"_links":{"self":[{"href":"https:\/\/baldumarket.lt\/lt\/wp-json\/wp\/v2\/product\/254632","targetHints":{"allow":["GET"]}}],"collection":[{"href":"https:\/\/baldumarket.lt\/lt\/wp-json\/wp\/v2\/product"}],"about":[{"href":"https:\/\/baldumarket.lt\/lt\/wp-json\/wp\/v2\/types\/product"}],"replies":[{"embeddable":true,"href":"https:\/\/baldumarket.lt\/lt\/wp-json\/wp\/v2\/comments?post=254632"}],"wp:featuredmedia":[{"embeddable":true,"href":"https:\/\/baldumarket.lt\/lt\/wp-json\/wp\/v2\/media\/254633"}],"wp:attachment":[{"href":"https:\/\/baldumarket.lt\/lt\/wp-json\/wp\/v2\/media?parent=254632"}],"wp:term":[{"taxonomy":"product_brand","embeddable":true,"href":"https:\/\/baldumarket.lt\/lt\/wp-json\/wp\/v2\/product_brand?post=254632"},{"taxonomy":"product_cat","embeddable":true,"href":"https:\/\/baldumarket.lt\/lt\/wp-json\/wp\/v2\/product_cat?post=254632"},{"taxonomy":"product_tag","embeddable":true,"href":"https:\/\/baldumarket.lt\/lt\/wp-json\/wp\/v2\/product_tag?post=254632"}],"curies":[{"name":"wp","href":"https:\/\/api.w.org\/{rel}","templated":true}]}}