{"id":254616,"date":"2026-01-10T22:27:59","date_gmt":"2026-01-10T19:27:59","guid":{"rendered":"https:\/\/baldumarket.lt\/product\/kanapa-jazz-2\/"},"modified":"2026-02-11T18:31:04","modified_gmt":"2026-02-11T15:31:04","slug":"kanapa-jazz-2","status":"publish","type":"product","link":"https:\/\/baldumarket.lt\/lt\/product\/kanapa-jazz-2\/","title":{"rendered":"D\u017eiazo sofa"},"content":{"rendered":"<p>JAZZ sofa \u2013 puikus baldas ma\u017eam kambariui. Paprast\u0105, klasikin\u012f dizain\u0105 pary\u0161kina kontrastingi pagalv\u0117li\u0173 ir slenks\u010dio \u012fd\u0117klai. Sofa turi miegojimo funkcij\u0105 ir papildom\u0105 viet\u0105 patalynei. Ji tikrai ras viet\u0105 daugelyje svetaini\u0173, net ir paauglio kambaryje. Minimalistinis dizainas, d\u0117ka subtili\u0173 poranki\u0173, pagamint\u0173 i\u0161 pagalv\u0117li\u0173, suteikia daugiau erdv\u0117s. Pasirinkite m\u0117gstam\u0105 audin\u012f, o mes pad\u0117sime jums sukonfig\u016bruoti sof\u0105.<br \/>\n\u00a0 \u00a0 \u00a0 (NEB\u016aTINA)<\/p>\n<p>Plotis 200 cm Gylis 90 cm Auk\u0161tis 91 cm Miegamoji erdv\u0117 200 \u00d7 145 cm Spalva Sm\u0117lio-ruda Audinio pavadinimas elementas 4\/elementas 1 Sulankstomas TAIP Reguliuojamos galvos atramos Ne Produkt\u0173 pakuo\u010di\u0173 skai\u010dius 2 Stilius Modernus \u012eranga Surinkimo instrukcijos \/ surinkimo priedai Surinkimas Savaranki\u0161kam surinkimui Kojel\u0117 \/ dizainas \/ spalva Plastikas \/ chromas Kojel\u0117s auk\u0161tis 5 cm Patalyn\u0117 TAIP<\/p>","protected":false},"excerpt":{"rendered":"<p>JAZZ sofa \u2013 puikus baldas ma\u017eam kambariui. Paprast\u0105, klasikin\u012f dizain\u0105 pary\u0161kina kontrastingi pagalv\u0117li\u0173 ir slenks\u010dio \u012fd\u0117klai. Sofa turi miegojimo funkcij\u0105 ir papildom\u0105 viet\u0105 patalynei. Ji tikrai ras viet\u0105 daugelyje svetaini\u0173, net ir paauglio kambaryje. Minimalistinis dizainas, [\u2026]<\/p>","protected":false},"featured_media":254617,"comment_status":"open","ping_status":"open","template":"","meta":[],"product_brand":[],"product_cat":[2457,560],"product_tag":[],"class_list":{"0":"post-254616","1":"product","2":"type-product","3":"status-publish","4":"has-post-thumbnail","6":"product_cat-liveo","7":"product_cat-sofas-and-couches","9":"first","10":"instock","11":"purchasable","12":"product-type-simple"},"_links":{"self":[{"href":"https:\/\/baldumarket.lt\/lt\/wp-json\/wp\/v2\/product\/254616","targetHints":{"allow":["GET"]}}],"collection":[{"href":"https:\/\/baldumarket.lt\/lt\/wp-json\/wp\/v2\/product"}],"about":[{"href":"https:\/\/baldumarket.lt\/lt\/wp-json\/wp\/v2\/types\/product"}],"replies":[{"embeddable":true,"href":"https:\/\/baldumarket.lt\/lt\/wp-json\/wp\/v2\/comments?post=254616"}],"wp:featuredmedia":[{"embeddable":true,"href":"https:\/\/baldumarket.lt\/lt\/wp-json\/wp\/v2\/media\/254617"}],"wp:attachment":[{"href":"https:\/\/baldumarket.lt\/lt\/wp-json\/wp\/v2\/media?parent=254616"}],"wp:term":[{"taxonomy":"product_brand","embeddable":true,"href":"https:\/\/baldumarket.lt\/lt\/wp-json\/wp\/v2\/product_brand?post=254616"},{"taxonomy":"product_cat","embeddable":true,"href":"https:\/\/baldumarket.lt\/lt\/wp-json\/wp\/v2\/product_cat?post=254616"},{"taxonomy":"product_tag","embeddable":true,"href":"https:\/\/baldumarket.lt\/lt\/wp-json\/wp\/v2\/product_tag?post=254616"}],"curies":[{"name":"wp","href":"https:\/\/api.w.org\/{rel}","templated":true}]}}