{"id":254605,"date":"2026-01-10T22:27:54","date_gmt":"2026-01-10T19:27:54","guid":{"rendered":"https:\/\/baldumarket.lt\/product\/kanapa-greg-ii\/"},"modified":"2026-02-11T18:31:05","modified_gmt":"2026-02-11T15:31:05","slug":"kanapa-greg-ii","status":"publish","type":"product","link":"https:\/\/baldumarket.lt\/lt\/product\/kanapa-greg-ii\/","title":{"rendered":"Grego II sofa"},"content":{"rendered":"<p>Sofa GREG II \u2013 puikus baldas ma\u017eoms erdv\u0117ms. Ji turi miegojimo funkcij\u0105 ir papildom\u0105 viet\u0105 patalynei. Ji tikrai ras viet\u0105 daugelio paaugli\u0173 kambaryje ar net svetain\u0117je. Minimalistinis dizainas, subtili\u0173 poranki\u0173 ir pagalv\u0117li\u0173 d\u0117ka, sukuria daugiau erdv\u0117s. Pasirinkite jums patinkant\u012f audin\u012f, o mes pad\u0117sime jums sukonfig\u016bruoti sof\u0105.<\/p>\n<p>Plotis 191 cm Gylis 87 cm Auk\u0161tis 90 cm Miegamoji erdv\u0117 191 \u00d7 134 cm Spalva Grafito pilka Audinio pavadinimas Ado 1617\/Ado 1616 Sulankstoma TAIP Reguliuojamos galvos atramos Ne Produkto pakuo\u010di\u0173 skai\u010dius 2 Stilius Modernus \u012eranga Surinkimo instrukcijos \/ surinkimo priedai Surinkimas Savaranki\u0161kam surinkimui Kojel\u0117 \/ dizainas \/ spalva Plastikas \/ chromas Kojel\u0117s auk\u0161tis 5 cm Patalyn\u0117 TAIP<\/p>","protected":false},"excerpt":{"rendered":"<p>GREG II sofa \u2013 puikus baldas ma\u017eoms erdv\u0117ms. Ji turi miegojimo funkcij\u0105 ir papildom\u0105 viet\u0105 patalynei. Ji tikrai ras viet\u0105 daugelio paaugli\u0173 kambaryje ar net svetain\u0117je. Minimalistinis dizainas, d\u0117ka subtili\u0173 poranki\u0173 ir pagalv\u0117li\u0173, sukuria daugiau erdv\u0117s. Pasirinkite audin\u012f [\u2026]<\/p>","protected":false},"featured_media":254606,"comment_status":"open","ping_status":"open","template":"","meta":[],"product_brand":[],"product_cat":[2457,560],"product_tag":[],"class_list":{"0":"post-254605","1":"product","2":"type-product","3":"status-publish","4":"has-post-thumbnail","6":"product_cat-liveo","7":"product_cat-sofas-and-couches","9":"first","10":"instock","11":"purchasable","12":"product-type-simple"},"_links":{"self":[{"href":"https:\/\/baldumarket.lt\/lt\/wp-json\/wp\/v2\/product\/254605","targetHints":{"allow":["GET"]}}],"collection":[{"href":"https:\/\/baldumarket.lt\/lt\/wp-json\/wp\/v2\/product"}],"about":[{"href":"https:\/\/baldumarket.lt\/lt\/wp-json\/wp\/v2\/types\/product"}],"replies":[{"embeddable":true,"href":"https:\/\/baldumarket.lt\/lt\/wp-json\/wp\/v2\/comments?post=254605"}],"wp:featuredmedia":[{"embeddable":true,"href":"https:\/\/baldumarket.lt\/lt\/wp-json\/wp\/v2\/media\/254606"}],"wp:attachment":[{"href":"https:\/\/baldumarket.lt\/lt\/wp-json\/wp\/v2\/media?parent=254605"}],"wp:term":[{"taxonomy":"product_brand","embeddable":true,"href":"https:\/\/baldumarket.lt\/lt\/wp-json\/wp\/v2\/product_brand?post=254605"},{"taxonomy":"product_cat","embeddable":true,"href":"https:\/\/baldumarket.lt\/lt\/wp-json\/wp\/v2\/product_cat?post=254605"},{"taxonomy":"product_tag","embeddable":true,"href":"https:\/\/baldumarket.lt\/lt\/wp-json\/wp\/v2\/product_tag?post=254605"}],"curies":[{"name":"wp","href":"https:\/\/api.w.org\/{rel}","templated":true}]}}